{"id":33055,"date":"2020-09-30T12:25:36","date_gmt":"2020-09-30T16:25:36","guid":{"rendered":"http:\/\/wp-pgs-equipements-adrien-phaneuf.elidevapp1aws.elisys-servers.ca\/product\/boucle-de-ceinture-western-caseih-zjd606\/"},"modified":"2025-09-30T06:04:35","modified_gmt":"2025-09-30T10:04:35","slug":"boucle-de-ceinture-western-caseih-zjd606","status":"publish","type":"product","link":"http:\/\/wp-pgs-equipements-adrien-phaneuf.elidevapp1aws.elisys-servers.ca\/fr\/produit\/boucle-de-ceinture-western-caseih-zjd606\/","title":{"rendered":"BOUCLE DE CEINTURE WESTERN CASEIH (ZJD606)"},"content":{"rendered":"<p>Cette boucle de ceinture comporte le logo Case IH Agriculture en son centre. Il est fix\u00e9 sur un fond d&rsquo;\u00e9mail occidental avec une doublure blanche pour les bords.<br \/>\nFait d&rsquo;\u00e9tain<br \/>\nEnviron 3-3\/4&Prime;x 2-3\/4&Prime;<\/p>\n","protected":false},"excerpt":{"rendered":"<p>Cette boucle de ceinture comporte le logo Case IH Agriculture en son centre. Il est fix\u00e9 sur un fond d&rsquo;\u00e9mail occidental avec une doublure blanche pour les bords. Fait d&rsquo;\u00e9tain Environ 3-3\/4&Prime;x 2-3\/4&Prime;<\/p>\n","protected":false},"featured_media":33056,"template":"","meta":[],"product-sub-category":[115,117],"brand":[111],"product-third-category":[],"acf":{"product_vendor":"CAS","product_stock_stematine":"2","product_stock_victoriaville":"4","product_stock_stclet":"0","product_stock_huntingdon":"2","product_stock_shefford":"0","product_stock_upton":"0"},"_links":{"self":[{"href":"http:\/\/wp-pgs-equipements-adrien-phaneuf.elidevapp1aws.elisys-servers.ca\/fr\/wp-json\/wp\/v2\/product\/33055"}],"collection":[{"href":"http:\/\/wp-pgs-equipements-adrien-phaneuf.elidevapp1aws.elisys-servers.ca\/fr\/wp-json\/wp\/v2\/product"}],"about":[{"href":"http:\/\/wp-pgs-equipements-adrien-phaneuf.elidevapp1aws.elisys-servers.ca\/fr\/wp-json\/wp\/v2\/types\/product"}],"wp:featuredmedia":[{"embeddable":true,"href":"http:\/\/wp-pgs-equipements-adrien-phaneuf.elidevapp1aws.elisys-servers.ca\/fr\/wp-json\/wp\/v2\/media\/33056"}],"wp:attachment":[{"href":"http:\/\/wp-pgs-equipements-adrien-phaneuf.elidevapp1aws.elisys-servers.ca\/fr\/wp-json\/wp\/v2\/media?parent=33055"}],"wp:term":[{"taxonomy":"product-sub-category","embeddable":true,"href":"http:\/\/wp-pgs-equipements-adrien-phaneuf.elidevapp1aws.elisys-servers.ca\/fr\/wp-json\/wp\/v2\/product-sub-category?post=33055"},{"taxonomy":"brand","embeddable":true,"href":"http:\/\/wp-pgs-equipements-adrien-phaneuf.elidevapp1aws.elisys-servers.ca\/fr\/wp-json\/wp\/v2\/brand?post=33055"},{"taxonomy":"product-third-category","embeddable":true,"href":"http:\/\/wp-pgs-equipements-adrien-phaneuf.elidevapp1aws.elisys-servers.ca\/fr\/wp-json\/wp\/v2\/product-third-category?post=33055"}],"curies":[{"name":"wp","href":"https:\/\/api.w.org\/{rel}","templated":true}]}}