{"id":33058,"date":"2020-09-30T12:25:36","date_gmt":"2020-09-30T16:25:36","guid":{"rendered":"http:\/\/wp-pgs-equipements-adrien-phaneuf.elidevapp1aws.elisys-servers.ca\/product\/boucle-antique-en-etain-case-ih-zjd620\/"},"modified":"2025-09-30T06:04:35","modified_gmt":"2025-09-30T10:04:35","slug":"boucle-antique-en-etain-case-ih-zjd620","status":"publish","type":"product","link":"http:\/\/wp-pgs-equipements-adrien-phaneuf.elidevapp1aws.elisys-servers.ca\/fr\/produit\/boucle-antique-en-etain-case-ih-zjd620\/","title":{"rendered":"Boucle antique en \u00e9tain Case IH (ZJD620)"},"content":{"rendered":"<p>Cette boucle de ceinture porte le logo Case IH en son centre. Il est plac\u00e9 sur un fond d&rsquo;\u00e9tain avec une doublure en \u00e9tain pour les bords.<br \/>\nEnviron. 3 \u00ab\u00a0x 2\u00a0\u00bb<\/p>\n","protected":false},"excerpt":{"rendered":"<p>Cette boucle de ceinture porte le logo Case IH en son centre. Il est plac\u00e9 sur un fond d&rsquo;\u00e9tain avec une doublure en \u00e9tain pour les bords. Environ. 3 \u00ab\u00a0x 2\u00a0\u00bb<\/p>\n","protected":false},"featured_media":33059,"template":"","meta":[],"product-sub-category":[115],"brand":[111],"product-third-category":[],"acf":{"product_vendor":"CAS","product_stock_stematine":"0","product_stock_victoriaville":"0","product_stock_shefford":"0","product_stock_durantaye":"0","product_stock_stclet":"0","product_stock_upton":"0","product_stock_huntingdon":"1","product_stock_marieville":"","child_inventory_variation":""},"_links":{"self":[{"href":"http:\/\/wp-pgs-equipements-adrien-phaneuf.elidevapp1aws.elisys-servers.ca\/fr\/wp-json\/wp\/v2\/product\/33058"}],"collection":[{"href":"http:\/\/wp-pgs-equipements-adrien-phaneuf.elidevapp1aws.elisys-servers.ca\/fr\/wp-json\/wp\/v2\/product"}],"about":[{"href":"http:\/\/wp-pgs-equipements-adrien-phaneuf.elidevapp1aws.elisys-servers.ca\/fr\/wp-json\/wp\/v2\/types\/product"}],"wp:featuredmedia":[{"embeddable":true,"href":"http:\/\/wp-pgs-equipements-adrien-phaneuf.elidevapp1aws.elisys-servers.ca\/fr\/wp-json\/wp\/v2\/media\/33059"}],"wp:attachment":[{"href":"http:\/\/wp-pgs-equipements-adrien-phaneuf.elidevapp1aws.elisys-servers.ca\/fr\/wp-json\/wp\/v2\/media?parent=33058"}],"wp:term":[{"taxonomy":"product-sub-category","embeddable":true,"href":"http:\/\/wp-pgs-equipements-adrien-phaneuf.elidevapp1aws.elisys-servers.ca\/fr\/wp-json\/wp\/v2\/product-sub-category?post=33058"},{"taxonomy":"brand","embeddable":true,"href":"http:\/\/wp-pgs-equipements-adrien-phaneuf.elidevapp1aws.elisys-servers.ca\/fr\/wp-json\/wp\/v2\/brand?post=33058"},{"taxonomy":"product-third-category","embeddable":true,"href":"http:\/\/wp-pgs-equipements-adrien-phaneuf.elidevapp1aws.elisys-servers.ca\/fr\/wp-json\/wp\/v2\/product-third-category?post=33058"}],"curies":[{"name":"wp","href":"https:\/\/api.w.org\/{rel}","templated":true}]}}