{"id":33061,"date":"2020-09-30T12:25:36","date_gmt":"2020-09-30T16:25:36","guid":{"rendered":"http:\/\/wp-pgs-equipements-adrien-phaneuf.elidevapp1aws.elisys-servers.ca\/product\/ultra-gris-rigide-haute-densite-rtv-joint-silicone-35-oz-caseih-zpx18572\/"},"modified":"2025-09-30T06:04:36","modified_gmt":"2025-09-30T10:04:36","slug":"ultra-gris-rigide-haute-densite-rtv-joint-silicone-35-oz-caseih-zpx18572","status":"publish","type":"product","link":"http:\/\/wp-pgs-equipements-adrien-phaneuf.elidevapp1aws.elisys-servers.ca\/fr\/produit\/ultra-gris-rigide-haute-densite-rtv-joint-silicone-35-oz-caseih-zpx18572\/","title":{"rendered":"Ultra Gris rigide Haute-Densit\u00e9 RTV Joint silicone, 3,5 oz CASEIH (ZPX18572)"},"content":{"rendered":"<p>Con\u00e7u sp\u00e9cialement pour couple \u00e9lev\u00e9 et des applications \u00e0 fortes vibrations<\/p>\n<p>r\u00e9sistance aux vibrations maximum, avec une r\u00e9sistance exceptionnelle aux huiles, de refroidissement et de magasin fluides<\/p>\n<p>OEM sp\u00e9cifi\u00e9, garantie pas une fuite<\/p>\n<p>Faible odeur et formule non corrosive<\/p>\n<p>Applications sugg\u00e9r\u00e9es: Valve couvre, carters d&rsquo;huile, joints d&rsquo;extr\u00e9mit\u00e9 d&rsquo;admission multiples, carters de distribution, pompes \u00e0 eau, bo\u00eetiers thermostat<\/p>\n","protected":false},"excerpt":{"rendered":"<p>Con\u00e7u sp\u00e9cialement pour couple \u00e9lev\u00e9 et des applications \u00e0 fortes vibrations r\u00e9sistance aux vibrations maximum, avec une r\u00e9sistance exceptionnelle aux huiles, de refroidissement et de magasin fluides OEM sp\u00e9cifi\u00e9, garantie pas une fuite Faible odeur et formule non corrosive Applications sugg\u00e9r\u00e9es: Valve couvre, carters d&rsquo;huile, joints d&rsquo;extr\u00e9mit\u00e9 d&rsquo;admission multiples, carters de distribution, pompes \u00e0 eau, &hellip; <a href=\"http:\/\/wp-pgs-equipements-adrien-phaneuf.elidevapp1aws.elisys-servers.ca\/fr\/produit\/ultra-gris-rigide-haute-densite-rtv-joint-silicone-35-oz-caseih-zpx18572\/\">Suite<\/a><\/p>\n","protected":false},"featured_media":33062,"template":"","meta":[],"product-sub-category":[250],"brand":[],"product-third-category":[],"acf":{"product_vendor":"CAS","product_stock_upton":"0","product_stock_marieville":"0","product_stock_shefford":"","product_stock_victoriaville":"1","product_stock_durantaye":"","product_stock_stematine":"0","product_stock_stclet":"0","product_stock_huntingdon":"0","child_inventory_variation":""},"_links":{"self":[{"href":"http:\/\/wp-pgs-equipements-adrien-phaneuf.elidevapp1aws.elisys-servers.ca\/fr\/wp-json\/wp\/v2\/product\/33061"}],"collection":[{"href":"http:\/\/wp-pgs-equipements-adrien-phaneuf.elidevapp1aws.elisys-servers.ca\/fr\/wp-json\/wp\/v2\/product"}],"about":[{"href":"http:\/\/wp-pgs-equipements-adrien-phaneuf.elidevapp1aws.elisys-servers.ca\/fr\/wp-json\/wp\/v2\/types\/product"}],"wp:featuredmedia":[{"embeddable":true,"href":"http:\/\/wp-pgs-equipements-adrien-phaneuf.elidevapp1aws.elisys-servers.ca\/fr\/wp-json\/wp\/v2\/media\/33062"}],"wp:attachment":[{"href":"http:\/\/wp-pgs-equipements-adrien-phaneuf.elidevapp1aws.elisys-servers.ca\/fr\/wp-json\/wp\/v2\/media?parent=33061"}],"wp:term":[{"taxonomy":"product-sub-category","embeddable":true,"href":"http:\/\/wp-pgs-equipements-adrien-phaneuf.elidevapp1aws.elisys-servers.ca\/fr\/wp-json\/wp\/v2\/product-sub-category?post=33061"},{"taxonomy":"brand","embeddable":true,"href":"http:\/\/wp-pgs-equipements-adrien-phaneuf.elidevapp1aws.elisys-servers.ca\/fr\/wp-json\/wp\/v2\/brand?post=33061"},{"taxonomy":"product-third-category","embeddable":true,"href":"http:\/\/wp-pgs-equipements-adrien-phaneuf.elidevapp1aws.elisys-servers.ca\/fr\/wp-json\/wp\/v2\/product-third-category?post=33061"}],"curies":[{"name":"wp","href":"https:\/\/api.w.org\/{rel}","templated":true}]}}