{"id":33064,"date":"2020-09-30T12:25:36","date_gmt":"2020-09-30T16:25:36","guid":{"rendered":"http:\/\/wp-pgs-equipements-adrien-phaneuf.elidevapp1aws.elisys-servers.ca\/product\/blocage-de-filets-bleu-force-moyenne-36-ml-caseih-zpx24236\/"},"modified":"2025-09-30T06:04:36","modified_gmt":"2025-09-30T10:04:36","slug":"blocage-de-filets-bleu-force-moyenne-36-ml-caseih-zpx24236","status":"publish","type":"product","link":"http:\/\/wp-pgs-equipements-adrien-phaneuf.elidevapp1aws.elisys-servers.ca\/fr\/produit\/blocage-de-filets-bleu-force-moyenne-36-ml-caseih-zpx24236\/","title":{"rendered":"Blocage de filets, Bleu, force moyenne 36 ml CASEIH (ZPX24236)"},"content":{"rendered":"<p>Verrouille les attaches filet\u00e9es contre le desserrage par\u00a0vibrations<\/p>\n<p>Utilisation: Vis de pompe hydraulique, boulons de frein de stationnement, boulons de couvercle de bo\u00eete de vitesses et boulons de support de si\u00e8ge<\/p>\n<p>Id\u00e9al pour attaches de 1\/4 \u00ab\u00a0\u00e0 3\/4\u00a0\u00bb<\/p>\n","protected":false},"excerpt":{"rendered":"<p>Verrouille les attaches filet\u00e9es contre le desserrage par\u00a0vibrations Utilisation: Vis de pompe hydraulique, boulons de frein de stationnement, boulons de couvercle de bo\u00eete de vitesses et boulons de support de si\u00e8ge Id\u00e9al pour attaches de 1\/4 \u00ab\u00a0\u00e0 3\/4\u00a0\u00bb<\/p>\n","protected":false},"featured_media":33065,"template":"","meta":[],"product-sub-category":[250],"brand":[114],"product-third-category":[],"acf":{"product_vendor":"CAS","product_stock_stematine":"0","product_stock_victoriaville":"0","product_stock_shefford":"1","product_stock_upton":"0","product_stock_huntingdon":"0","product_stock_durantaye":"0","product_stock_marieville":"0","product_stock_stclet":"","child_inventory_variation":""},"_links":{"self":[{"href":"http:\/\/wp-pgs-equipements-adrien-phaneuf.elidevapp1aws.elisys-servers.ca\/fr\/wp-json\/wp\/v2\/product\/33064"}],"collection":[{"href":"http:\/\/wp-pgs-equipements-adrien-phaneuf.elidevapp1aws.elisys-servers.ca\/fr\/wp-json\/wp\/v2\/product"}],"about":[{"href":"http:\/\/wp-pgs-equipements-adrien-phaneuf.elidevapp1aws.elisys-servers.ca\/fr\/wp-json\/wp\/v2\/types\/product"}],"wp:featuredmedia":[{"embeddable":true,"href":"http:\/\/wp-pgs-equipements-adrien-phaneuf.elidevapp1aws.elisys-servers.ca\/fr\/wp-json\/wp\/v2\/media\/33065"}],"wp:attachment":[{"href":"http:\/\/wp-pgs-equipements-adrien-phaneuf.elidevapp1aws.elisys-servers.ca\/fr\/wp-json\/wp\/v2\/media?parent=33064"}],"wp:term":[{"taxonomy":"product-sub-category","embeddable":true,"href":"http:\/\/wp-pgs-equipements-adrien-phaneuf.elidevapp1aws.elisys-servers.ca\/fr\/wp-json\/wp\/v2\/product-sub-category?post=33064"},{"taxonomy":"brand","embeddable":true,"href":"http:\/\/wp-pgs-equipements-adrien-phaneuf.elidevapp1aws.elisys-servers.ca\/fr\/wp-json\/wp\/v2\/brand?post=33064"},{"taxonomy":"product-third-category","embeddable":true,"href":"http:\/\/wp-pgs-equipements-adrien-phaneuf.elidevapp1aws.elisys-servers.ca\/fr\/wp-json\/wp\/v2\/product-third-category?post=33064"}],"curies":[{"name":"wp","href":"https:\/\/api.w.org\/{rel}","templated":true}]}}