{"id":33067,"date":"2020-09-30T12:25:36","date_gmt":"2020-09-30T16:25:36","guid":{"rendered":"http:\/\/wp-pgs-equipements-adrien-phaneuf.elidevapp1aws.elisys-servers.ca\/product\/blocage-de-filets-bleu-insensible-aux-surfaces-moyennes-10-ml-caseih-zpx24310\/"},"modified":"2025-09-30T06:04:36","modified_gmt":"2025-09-30T10:04:36","slug":"blocage-de-filets-bleu-insensible-aux-surfaces-moyennes-10-ml-caseih-zpx24310","status":"publish","type":"product","link":"http:\/\/wp-pgs-equipements-adrien-phaneuf.elidevapp1aws.elisys-servers.ca\/fr\/produit\/blocage-de-filets-bleu-insensible-aux-surfaces-moyennes-10-ml-caseih-zpx24310\/","title":{"rendered":"Blocage de filets, Bleu, insensible aux surfaces moyennes 10 ml CASEIH (ZPX24310)"},"content":{"rendered":"<p>R\u00e9siste \u00e0 l&rsquo;eau<\/p>\n<p>Emp\u00eache les raccords filet\u00e9s de se deserrer suite aux vibrations<\/p>\n<p>Utilisation:\u00a0Machines-outils, presses, pompes, compresseurs, boulons de montage et bo\u00eetes d&rsquo;engrenages<\/p>\n<p>Id\u00e9al pour attaches de 1\/4 \u00ab\u00a0\u00e0 3\/4\u00a0\u00bb<\/p>\n","protected":false},"excerpt":{"rendered":"<p>R\u00e9siste \u00e0 l&rsquo;eau Emp\u00eache les raccords filet\u00e9s de se deserrer suite aux vibrations Utilisation:\u00a0Machines-outils, presses, pompes, compresseurs, boulons de montage et bo\u00eetes d&rsquo;engrenages Id\u00e9al pour attaches de 1\/4 \u00ab\u00a0\u00e0 3\/4\u00a0\u00bb<\/p>\n","protected":false},"featured_media":33068,"template":"","meta":[],"product-sub-category":[250],"brand":[114],"product-third-category":[],"acf":{"product_vendor":"CAS","product_stock_stematine":"0","product_stock_victoriaville":"0","product_stock_shefford":"0","product_stock_upton":"2","product_stock_huntingdon":"0","product_stock_stclet":"0","product_stock_marieville":"","product_stock_durantaye":"","child_inventory_variation":""},"_links":{"self":[{"href":"http:\/\/wp-pgs-equipements-adrien-phaneuf.elidevapp1aws.elisys-servers.ca\/fr\/wp-json\/wp\/v2\/product\/33067"}],"collection":[{"href":"http:\/\/wp-pgs-equipements-adrien-phaneuf.elidevapp1aws.elisys-servers.ca\/fr\/wp-json\/wp\/v2\/product"}],"about":[{"href":"http:\/\/wp-pgs-equipements-adrien-phaneuf.elidevapp1aws.elisys-servers.ca\/fr\/wp-json\/wp\/v2\/types\/product"}],"wp:featuredmedia":[{"embeddable":true,"href":"http:\/\/wp-pgs-equipements-adrien-phaneuf.elidevapp1aws.elisys-servers.ca\/fr\/wp-json\/wp\/v2\/media\/33068"}],"wp:attachment":[{"href":"http:\/\/wp-pgs-equipements-adrien-phaneuf.elidevapp1aws.elisys-servers.ca\/fr\/wp-json\/wp\/v2\/media?parent=33067"}],"wp:term":[{"taxonomy":"product-sub-category","embeddable":true,"href":"http:\/\/wp-pgs-equipements-adrien-phaneuf.elidevapp1aws.elisys-servers.ca\/fr\/wp-json\/wp\/v2\/product-sub-category?post=33067"},{"taxonomy":"brand","embeddable":true,"href":"http:\/\/wp-pgs-equipements-adrien-phaneuf.elidevapp1aws.elisys-servers.ca\/fr\/wp-json\/wp\/v2\/brand?post=33067"},{"taxonomy":"product-third-category","embeddable":true,"href":"http:\/\/wp-pgs-equipements-adrien-phaneuf.elidevapp1aws.elisys-servers.ca\/fr\/wp-json\/wp\/v2\/product-third-category?post=33067"}],"curies":[{"name":"wp","href":"https:\/\/api.w.org\/{rel}","templated":true}]}}