{"id":33070,"date":"2020-09-30T12:25:36","date_gmt":"2020-09-30T16:25:36","guid":{"rendered":"http:\/\/wp-pgs-equipements-adrien-phaneuf.elidevapp1aws.elisys-servers.ca\/product\/zpx25223-compose-pour-joint-detancheite\/"},"modified":"2025-09-30T06:04:36","modified_gmt":"2025-09-30T10:04:36","slug":"zpx25223-compose-pour-joint-detancheite","status":"publish","type":"product","link":"http:\/\/wp-pgs-equipements-adrien-phaneuf.elidevapp1aws.elisys-servers.ca\/fr\/produit\/zpx25223-compose-pour-joint-detancheite\/","title":{"rendered":"ZPX25223 Compos\u00e9 pour joint d&rsquo;\u00e9tanch\u00e9it\u00e9"},"content":{"rendered":"<p>Permet de fabriquer des joints de caoutchouc \u00e9lastom\u00e8re noirs non corrosifs, souples et adh\u00e9sifs \u00e0 haute performance en juste une minute. R\u00e9siste \u00e0 des temp\u00e9ratures de 500\u00b0F.<\/p>\n","protected":false},"excerpt":{"rendered":"<p>Permet de fabriquer des joints de caoutchouc \u00e9lastom\u00e8re noirs non corrosifs, souples et adh\u00e9sifs \u00e0 haute performance en juste une minute. R\u00e9siste \u00e0 des temp\u00e9ratures de 500\u00b0F.<\/p>\n","protected":false},"featured_media":33071,"template":"","meta":[],"product-sub-category":[250],"brand":[111],"product-third-category":[],"acf":{"product_vendor":"CAS","product_stock_victoriaville":"0","product_stock_huntingdon":"1","product_stock_upton":"","product_stock_marieville":"","product_stock_shefford":"","product_stock_durantaye":"","product_stock_stematine":"0","product_stock_stclet":"2","child_inventory_variation":""},"_links":{"self":[{"href":"http:\/\/wp-pgs-equipements-adrien-phaneuf.elidevapp1aws.elisys-servers.ca\/fr\/wp-json\/wp\/v2\/product\/33070"}],"collection":[{"href":"http:\/\/wp-pgs-equipements-adrien-phaneuf.elidevapp1aws.elisys-servers.ca\/fr\/wp-json\/wp\/v2\/product"}],"about":[{"href":"http:\/\/wp-pgs-equipements-adrien-phaneuf.elidevapp1aws.elisys-servers.ca\/fr\/wp-json\/wp\/v2\/types\/product"}],"wp:featuredmedia":[{"embeddable":true,"href":"http:\/\/wp-pgs-equipements-adrien-phaneuf.elidevapp1aws.elisys-servers.ca\/fr\/wp-json\/wp\/v2\/media\/33071"}],"wp:attachment":[{"href":"http:\/\/wp-pgs-equipements-adrien-phaneuf.elidevapp1aws.elisys-servers.ca\/fr\/wp-json\/wp\/v2\/media?parent=33070"}],"wp:term":[{"taxonomy":"product-sub-category","embeddable":true,"href":"http:\/\/wp-pgs-equipements-adrien-phaneuf.elidevapp1aws.elisys-servers.ca\/fr\/wp-json\/wp\/v2\/product-sub-category?post=33070"},{"taxonomy":"brand","embeddable":true,"href":"http:\/\/wp-pgs-equipements-adrien-phaneuf.elidevapp1aws.elisys-servers.ca\/fr\/wp-json\/wp\/v2\/brand?post=33070"},{"taxonomy":"product-third-category","embeddable":true,"href":"http:\/\/wp-pgs-equipements-adrien-phaneuf.elidevapp1aws.elisys-servers.ca\/fr\/wp-json\/wp\/v2\/product-third-category?post=33070"}],"curies":[{"name":"wp","href":"https:\/\/api.w.org\/{rel}","templated":true}]}}