{"id":33088,"date":"2020-09-30T12:26:07","date_gmt":"2020-09-30T16:26:07","guid":{"rendered":"http:\/\/wp-pgs-equipements-adrien-phaneuf.elidevapp1aws.elisys-servers.ca\/product\/scellant-de-collerette-anaerobie-caseih-zpx51550\/"},"modified":"2025-09-30T06:04:38","modified_gmt":"2025-09-30T10:04:38","slug":"scellant-de-collerette-anaerobie-caseih-zpx51550","status":"publish","type":"product","link":"http:\/\/wp-pgs-equipements-adrien-phaneuf.elidevapp1aws.elisys-servers.ca\/fr\/produit\/scellant-de-collerette-anaerobie-caseih-zpx51550\/","title":{"rendered":"Scellant de collerette ana\u00e9robie CASEIH (ZPX51550)"},"content":{"rendered":"<p>Pour la fabrication et l&rsquo;habillage de joints de toutes formes et tailles<\/p>\n<p>Remplit rapidement les imperfections superficielles et les cicatrices<\/p>\n<p>Id\u00e9al pour les brides en aluminium et en fonte<\/p>\n<p>Fournit un joint \u00e9lastique qui r\u00e9agit\u00a0avec des mouvements mineurs de bride<\/p>\n","protected":false},"excerpt":{"rendered":"<p>Pour la fabrication et l&rsquo;habillage de joints de toutes formes et tailles Remplit rapidement les imperfections superficielles et les cicatrices Id\u00e9al pour les brides en aluminium et en fonte Fournit un joint \u00e9lastique qui r\u00e9agit\u00a0avec des mouvements mineurs de bride<\/p>\n","protected":false},"featured_media":33089,"template":"","meta":[],"product-sub-category":[250],"brand":[114],"product-third-category":[],"acf":{"product_vendor":"CAS","product_stock_stematine":"4","product_stock_victoriaville":"0","product_stock_shefford":"0","product_stock_upton":"0","product_stock_huntingdon":"0","product_stock_durantaye":"1","product_stock_marieville":"0","product_stock_stclet":"0","child_inventory_variation":""},"_links":{"self":[{"href":"http:\/\/wp-pgs-equipements-adrien-phaneuf.elidevapp1aws.elisys-servers.ca\/fr\/wp-json\/wp\/v2\/product\/33088"}],"collection":[{"href":"http:\/\/wp-pgs-equipements-adrien-phaneuf.elidevapp1aws.elisys-servers.ca\/fr\/wp-json\/wp\/v2\/product"}],"about":[{"href":"http:\/\/wp-pgs-equipements-adrien-phaneuf.elidevapp1aws.elisys-servers.ca\/fr\/wp-json\/wp\/v2\/types\/product"}],"wp:featuredmedia":[{"embeddable":true,"href":"http:\/\/wp-pgs-equipements-adrien-phaneuf.elidevapp1aws.elisys-servers.ca\/fr\/wp-json\/wp\/v2\/media\/33089"}],"wp:attachment":[{"href":"http:\/\/wp-pgs-equipements-adrien-phaneuf.elidevapp1aws.elisys-servers.ca\/fr\/wp-json\/wp\/v2\/media?parent=33088"}],"wp:term":[{"taxonomy":"product-sub-category","embeddable":true,"href":"http:\/\/wp-pgs-equipements-adrien-phaneuf.elidevapp1aws.elisys-servers.ca\/fr\/wp-json\/wp\/v2\/product-sub-category?post=33088"},{"taxonomy":"brand","embeddable":true,"href":"http:\/\/wp-pgs-equipements-adrien-phaneuf.elidevapp1aws.elisys-servers.ca\/fr\/wp-json\/wp\/v2\/brand?post=33088"},{"taxonomy":"product-third-category","embeddable":true,"href":"http:\/\/wp-pgs-equipements-adrien-phaneuf.elidevapp1aws.elisys-servers.ca\/fr\/wp-json\/wp\/v2\/product-third-category?post=33088"}],"curies":[{"name":"wp","href":"https:\/\/api.w.org\/{rel}","templated":true}]}}