{"id":33091,"date":"2020-09-30T12:26:07","date_gmt":"2020-09-30T16:26:07","guid":{"rendered":"http:\/\/wp-pgs-equipements-adrien-phaneuf.elidevapp1aws.elisys-servers.ca\/product\/joint-detancheite-anaerobie-caseih-zpx51850\/"},"modified":"2025-04-15T06:04:03","modified_gmt":"2025-04-15T10:04:03","slug":"joint-detancheite-anaerobie-caseih-zpx51850","status":"publish","type":"product","link":"http:\/\/wp-pgs-equipements-adrien-phaneuf.elidevapp1aws.elisys-servers.ca\/fr\/produit\/joint-detancheite-anaerobie-caseih-zpx51850\/","title":{"rendered":"Joint d&rsquo;\u00e9tanch\u00e9it\u00e9 ana\u00e9robie CASEIH (ZPX51850)"},"content":{"rendered":"<p>Fait et pare des joints de toutes formes et de toutes tailles<\/p>\n<p>Comble les imperfections et durcit rapidement<\/p>\n<p>Parfait pour les collerettes et aluminium et en fonte<\/p>\n<p>Donne des joints \u00e9lastiques qui fl\u00e9chissent avec les l\u00e9gers mouvements de collerettes<\/p>\n","protected":false},"excerpt":{"rendered":"<p>Fait et pare des joints de toutes formes et de toutes tailles Comble les imperfections et durcit rapidement Parfait pour les collerettes et aluminium et en fonte Donne des joints \u00e9lastiques qui fl\u00e9chissent avec les l\u00e9gers mouvements de collerettes<\/p>\n","protected":false},"featured_media":33092,"template":"","meta":[],"product-sub-category":[250],"brand":[114],"product-third-category":[],"acf":{"product_vendor":"CAS","product_stock_stematine":"0","product_stock_upton":"0","product_stock_huntingdon":"0","product_stock_durantaye":"1","product_stock_stclet":"0","product_stock_marieville":"","product_stock_shefford":"","product_stock_victoriaville":"","child_inventory_variation":""},"_links":{"self":[{"href":"http:\/\/wp-pgs-equipements-adrien-phaneuf.elidevapp1aws.elisys-servers.ca\/fr\/wp-json\/wp\/v2\/product\/33091"}],"collection":[{"href":"http:\/\/wp-pgs-equipements-adrien-phaneuf.elidevapp1aws.elisys-servers.ca\/fr\/wp-json\/wp\/v2\/product"}],"about":[{"href":"http:\/\/wp-pgs-equipements-adrien-phaneuf.elidevapp1aws.elisys-servers.ca\/fr\/wp-json\/wp\/v2\/types\/product"}],"wp:featuredmedia":[{"embeddable":true,"href":"http:\/\/wp-pgs-equipements-adrien-phaneuf.elidevapp1aws.elisys-servers.ca\/fr\/wp-json\/wp\/v2\/media\/33092"}],"wp:attachment":[{"href":"http:\/\/wp-pgs-equipements-adrien-phaneuf.elidevapp1aws.elisys-servers.ca\/fr\/wp-json\/wp\/v2\/media?parent=33091"}],"wp:term":[{"taxonomy":"product-sub-category","embeddable":true,"href":"http:\/\/wp-pgs-equipements-adrien-phaneuf.elidevapp1aws.elisys-servers.ca\/fr\/wp-json\/wp\/v2\/product-sub-category?post=33091"},{"taxonomy":"brand","embeddable":true,"href":"http:\/\/wp-pgs-equipements-adrien-phaneuf.elidevapp1aws.elisys-servers.ca\/fr\/wp-json\/wp\/v2\/brand?post=33091"},{"taxonomy":"product-third-category","embeddable":true,"href":"http:\/\/wp-pgs-equipements-adrien-phaneuf.elidevapp1aws.elisys-servers.ca\/fr\/wp-json\/wp\/v2\/product-third-category?post=33091"}],"curies":[{"name":"wp","href":"https:\/\/api.w.org\/{rel}","templated":true}]}}