{"id":33094,"date":"2020-09-30T12:26:07","date_gmt":"2020-09-30T16:26:07","guid":{"rendered":"http:\/\/wp-pgs-equipements-adrien-phaneuf.elidevapp1aws.elisys-servers.ca\/product\/scellant-a-filetage-haute-temperature-caseih-zpx59250\/"},"modified":"2025-09-30T06:04:39","modified_gmt":"2025-09-30T10:04:39","slug":"scellant-a-filetage-haute-temperature-caseih-zpx59250","status":"publish","type":"product","link":"http:\/\/wp-pgs-equipements-adrien-phaneuf.elidevapp1aws.elisys-servers.ca\/fr\/produit\/scellant-a-filetage-haute-temperature-caseih-zpx59250\/","title":{"rendered":"Scellant \u00e0 filetage haute temp\u00e9rature CASEIH (ZPX59250)"},"content":{"rendered":"<p>1,69 FL OZ.<\/p>\n<p>Emp\u00eache la fuite due aux vibrations, au cycle de temp\u00e9rature et aux pressions extr\u00eames.<\/p>\n<p>Prot\u00e8ge contre la rouille, la corrosion et la corrosion des fils.<\/p>\n","protected":false},"excerpt":{"rendered":"<p>1,69 FL OZ. Emp\u00eache la fuite due aux vibrations, au cycle de temp\u00e9rature et aux pressions extr\u00eames. Prot\u00e8ge contre la rouille, la corrosion et la corrosion des fils.<\/p>\n","protected":false},"featured_media":33095,"template":"","meta":[],"product-sub-category":[250],"brand":[114],"product-third-category":[],"acf":{"product_vendor":"CAS","product_stock_stematine":"0","product_stock_victoriaville":"0","product_stock_shefford":"0","product_stock_upton":"0","product_stock_huntingdon":"0","product_stock_durantaye":"0","product_stock_stclet":"1","product_stock_marieville":"","child_inventory_variation":""},"_links":{"self":[{"href":"http:\/\/wp-pgs-equipements-adrien-phaneuf.elidevapp1aws.elisys-servers.ca\/fr\/wp-json\/wp\/v2\/product\/33094"}],"collection":[{"href":"http:\/\/wp-pgs-equipements-adrien-phaneuf.elidevapp1aws.elisys-servers.ca\/fr\/wp-json\/wp\/v2\/product"}],"about":[{"href":"http:\/\/wp-pgs-equipements-adrien-phaneuf.elidevapp1aws.elisys-servers.ca\/fr\/wp-json\/wp\/v2\/types\/product"}],"wp:featuredmedia":[{"embeddable":true,"href":"http:\/\/wp-pgs-equipements-adrien-phaneuf.elidevapp1aws.elisys-servers.ca\/fr\/wp-json\/wp\/v2\/media\/33095"}],"wp:attachment":[{"href":"http:\/\/wp-pgs-equipements-adrien-phaneuf.elidevapp1aws.elisys-servers.ca\/fr\/wp-json\/wp\/v2\/media?parent=33094"}],"wp:term":[{"taxonomy":"product-sub-category","embeddable":true,"href":"http:\/\/wp-pgs-equipements-adrien-phaneuf.elidevapp1aws.elisys-servers.ca\/fr\/wp-json\/wp\/v2\/product-sub-category?post=33094"},{"taxonomy":"brand","embeddable":true,"href":"http:\/\/wp-pgs-equipements-adrien-phaneuf.elidevapp1aws.elisys-servers.ca\/fr\/wp-json\/wp\/v2\/brand?post=33094"},{"taxonomy":"product-third-category","embeddable":true,"href":"http:\/\/wp-pgs-equipements-adrien-phaneuf.elidevapp1aws.elisys-servers.ca\/fr\/wp-json\/wp\/v2\/product-third-category?post=33094"}],"curies":[{"name":"wp","href":"https:\/\/api.w.org\/{rel}","templated":true}]}}