{"id":33097,"date":"2020-09-30T12:26:07","date_gmt":"2020-09-30T16:26:07","guid":{"rendered":"http:\/\/wp-pgs-equipements-adrien-phaneuf.elidevapp1aws.elisys-servers.ca\/product\/adhesif-zipgrip-gpe-3-caseih-zpx70145\/"},"modified":"2025-09-30T06:04:39","modified_gmt":"2025-09-30T10:04:39","slug":"adhesif-zipgrip-gpe-3-caseih-zpx70145","status":"publish","type":"product","link":"http:\/\/wp-pgs-equipements-adrien-phaneuf.elidevapp1aws.elisys-servers.ca\/fr\/produit\/adhesif-zipgrip-gpe-3-caseih-zpx70145\/","title":{"rendered":"Adh\u00e9sif ZipGrip\u00ae GPE 3 CASEIH (ZPX70145)"},"content":{"rendered":"<p>Adh\u00e9sif de cyanoacrylate de faible viscosit\u00e9, r\u00e9sistant \u00e0 la p\u00e9n\u00e9tration, pour fixer les joints en caoutchouc, les joints toriques et les pi\u00e8ces collantes.<\/p>\n<p>Comble l&rsquo;\u00e9cart \u00e0 0,003<\/p>\n<p>Adh\u00e8re en quelques secondes sur m\u00e9tal, plastique et caoutchouc<\/p>\n<p>Excellent pour raccorder des joints toriques, des joints d&rsquo;\u00e9tanch\u00e9it\u00e9 en caoutchouc et des joints d&rsquo;\u00e9tanch\u00e9it\u00e9, ainsi que pour fixer et r\u00e9parer des mati\u00e8res plastiques<\/p>\n<p>Grade de m\u00e8che<\/p>\n<p>R\u00e9sistance \u00e0 la temp\u00e9rature \u00e0 200 \u00b0 F<\/p>\n","protected":false},"excerpt":{"rendered":"<p>Adh\u00e9sif de cyanoacrylate de faible viscosit\u00e9, r\u00e9sistant \u00e0 la p\u00e9n\u00e9tration, pour fixer les joints en caoutchouc, les joints toriques et les pi\u00e8ces collantes. Comble l&rsquo;\u00e9cart \u00e0 0,003 Adh\u00e8re en quelques secondes sur m\u00e9tal, plastique et caoutchouc Excellent pour raccorder des joints toriques, des joints d&rsquo;\u00e9tanch\u00e9it\u00e9 en caoutchouc et des joints d&rsquo;\u00e9tanch\u00e9it\u00e9, ainsi que pour fixer &hellip; <a href=\"http:\/\/wp-pgs-equipements-adrien-phaneuf.elidevapp1aws.elisys-servers.ca\/fr\/produit\/adhesif-zipgrip-gpe-3-caseih-zpx70145\/\">Suite<\/a><\/p>\n","protected":false},"featured_media":33098,"template":"","meta":[],"product-sub-category":[265],"brand":[114],"product-third-category":[],"acf":{"product_vendor":"CAS","product_stock_victoriaville":"0","product_stock_shefford":"0","product_stock_upton":"0","product_stock_durantaye":"1","product_stock_marieville":"","product_stock_stematine":"","product_stock_stclet":"","product_stock_huntingdon":"","child_inventory_variation":""},"_links":{"self":[{"href":"http:\/\/wp-pgs-equipements-adrien-phaneuf.elidevapp1aws.elisys-servers.ca\/fr\/wp-json\/wp\/v2\/product\/33097"}],"collection":[{"href":"http:\/\/wp-pgs-equipements-adrien-phaneuf.elidevapp1aws.elisys-servers.ca\/fr\/wp-json\/wp\/v2\/product"}],"about":[{"href":"http:\/\/wp-pgs-equipements-adrien-phaneuf.elidevapp1aws.elisys-servers.ca\/fr\/wp-json\/wp\/v2\/types\/product"}],"wp:featuredmedia":[{"embeddable":true,"href":"http:\/\/wp-pgs-equipements-adrien-phaneuf.elidevapp1aws.elisys-servers.ca\/fr\/wp-json\/wp\/v2\/media\/33098"}],"wp:attachment":[{"href":"http:\/\/wp-pgs-equipements-adrien-phaneuf.elidevapp1aws.elisys-servers.ca\/fr\/wp-json\/wp\/v2\/media?parent=33097"}],"wp:term":[{"taxonomy":"product-sub-category","embeddable":true,"href":"http:\/\/wp-pgs-equipements-adrien-phaneuf.elidevapp1aws.elisys-servers.ca\/fr\/wp-json\/wp\/v2\/product-sub-category?post=33097"},{"taxonomy":"brand","embeddable":true,"href":"http:\/\/wp-pgs-equipements-adrien-phaneuf.elidevapp1aws.elisys-servers.ca\/fr\/wp-json\/wp\/v2\/brand?post=33097"},{"taxonomy":"product-third-category","embeddable":true,"href":"http:\/\/wp-pgs-equipements-adrien-phaneuf.elidevapp1aws.elisys-servers.ca\/fr\/wp-json\/wp\/v2\/product-third-category?post=33097"}],"curies":[{"name":"wp","href":"https:\/\/api.w.org\/{rel}","templated":true}]}}