{"id":33106,"date":"2020-09-30T12:26:07","date_gmt":"2020-09-30T16:26:07","guid":{"rendered":"http:\/\/wp-pgs-equipements-adrien-phaneuf.elidevapp1aws.elisys-servers.ca\/product\/silicone-noir-rtv-caseih-zpx81158\/"},"modified":"2025-09-30T06:04:40","modified_gmt":"2025-09-30T10:04:40","slug":"silicone-noir-rtv-caseih-zpx81158","status":"publish","type":"product","link":"http:\/\/wp-pgs-equipements-adrien-phaneuf.elidevapp1aws.elisys-servers.ca\/fr\/produit\/silicone-noir-rtv-caseih-zpx81158\/","title":{"rendered":"Silicone noir RTV CASEIH (ZPX81158)"},"content":{"rendered":"<p>Scellant int\u00e9rieur ou ext\u00e9rieur<\/p>\n<p>Isole les fils<\/p>\n<p>R\u00e9siste a l&rsquo;eau et reste souple<\/p>\n<p>Scelle, colle et retient<\/p>\n","protected":false},"excerpt":{"rendered":"<p>Scellant int\u00e9rieur ou ext\u00e9rieur Isole les fils R\u00e9siste a l&rsquo;eau et reste souple Scelle, colle et retient<\/p>\n","protected":false},"featured_media":33107,"template":"","meta":[],"product-sub-category":[250],"brand":[114],"product-third-category":[],"acf":{"product_vendor":"CAS","product_stock_stematine":"0","product_stock_victoriaville":"0","product_stock_shefford":"1","product_stock_upton":"2","product_stock_huntingdon":"1","product_stock_durantaye":"0","product_stock_marieville":"0","product_stock_stclet":"0","child_inventory_variation":""},"_links":{"self":[{"href":"http:\/\/wp-pgs-equipements-adrien-phaneuf.elidevapp1aws.elisys-servers.ca\/fr\/wp-json\/wp\/v2\/product\/33106"}],"collection":[{"href":"http:\/\/wp-pgs-equipements-adrien-phaneuf.elidevapp1aws.elisys-servers.ca\/fr\/wp-json\/wp\/v2\/product"}],"about":[{"href":"http:\/\/wp-pgs-equipements-adrien-phaneuf.elidevapp1aws.elisys-servers.ca\/fr\/wp-json\/wp\/v2\/types\/product"}],"wp:featuredmedia":[{"embeddable":true,"href":"http:\/\/wp-pgs-equipements-adrien-phaneuf.elidevapp1aws.elisys-servers.ca\/fr\/wp-json\/wp\/v2\/media\/33107"}],"wp:attachment":[{"href":"http:\/\/wp-pgs-equipements-adrien-phaneuf.elidevapp1aws.elisys-servers.ca\/fr\/wp-json\/wp\/v2\/media?parent=33106"}],"wp:term":[{"taxonomy":"product-sub-category","embeddable":true,"href":"http:\/\/wp-pgs-equipements-adrien-phaneuf.elidevapp1aws.elisys-servers.ca\/fr\/wp-json\/wp\/v2\/product-sub-category?post=33106"},{"taxonomy":"brand","embeddable":true,"href":"http:\/\/wp-pgs-equipements-adrien-phaneuf.elidevapp1aws.elisys-servers.ca\/fr\/wp-json\/wp\/v2\/brand?post=33106"},{"taxonomy":"product-third-category","embeddable":true,"href":"http:\/\/wp-pgs-equipements-adrien-phaneuf.elidevapp1aws.elisys-servers.ca\/fr\/wp-json\/wp\/v2\/product-third-category?post=33106"}],"curies":[{"name":"wp","href":"https:\/\/api.w.org\/{rel}","templated":true}]}}