{"id":33109,"date":"2020-09-30T12:26:34","date_gmt":"2020-09-30T16:26:34","guid":{"rendered":"http:\/\/wp-pgs-equipements-adrien-phaneuf.elidevapp1aws.elisys-servers.ca\/product\/fabricant-de-joints-de-silicone-rtv-haute-temperature-caseih-zpx81160\/"},"modified":"2025-09-30T06:04:40","modified_gmt":"2025-09-30T10:04:40","slug":"fabricant-de-joints-de-silicone-rtv-haute-temperature-caseih-zpx81160","status":"publish","type":"product","link":"http:\/\/wp-pgs-equipements-adrien-phaneuf.elidevapp1aws.elisys-servers.ca\/fr\/produit\/fabricant-de-joints-de-silicone-rtv-haute-temperature-caseih-zpx81160\/","title":{"rendered":"Fabricant de joints de silicone RTV haute temp\u00e9rature CASEIH (ZPX81160)"},"content":{"rendered":"<p>Rend des joints durables r\u00e9sistants \u00e0 la temp\u00e9rature et \u00e0 la plupart des fluides.<\/p>\n<p>Ne pas utiliser avec les joints de culasse ou les pi\u00e8ces en contact avec l&rsquo;essence.<\/p>\n<p>-65\u00baF to 650\u00baF 3 oz Tube<\/p>\n","protected":false},"excerpt":{"rendered":"<p>Rend des joints durables r\u00e9sistants \u00e0 la temp\u00e9rature et \u00e0 la plupart des fluides. Ne pas utiliser avec les joints de culasse ou les pi\u00e8ces en contact avec l&rsquo;essence. -65\u00baF to 650\u00baF 3 oz Tube<\/p>\n","protected":false},"featured_media":33110,"template":"","meta":[],"product-sub-category":[250],"brand":[114],"product-third-category":[],"acf":{"product_vendor":"CAS","product_stock_stematine":"0","product_stock_victoriaville":"0","product_stock_shefford":"0","product_stock_upton":"0","product_stock_huntingdon":"0","product_stock_durantaye":"0","product_stock_stclet":"3","product_stock_marieville":"","child_inventory_variation":""},"_links":{"self":[{"href":"http:\/\/wp-pgs-equipements-adrien-phaneuf.elidevapp1aws.elisys-servers.ca\/fr\/wp-json\/wp\/v2\/product\/33109"}],"collection":[{"href":"http:\/\/wp-pgs-equipements-adrien-phaneuf.elidevapp1aws.elisys-servers.ca\/fr\/wp-json\/wp\/v2\/product"}],"about":[{"href":"http:\/\/wp-pgs-equipements-adrien-phaneuf.elidevapp1aws.elisys-servers.ca\/fr\/wp-json\/wp\/v2\/types\/product"}],"wp:featuredmedia":[{"embeddable":true,"href":"http:\/\/wp-pgs-equipements-adrien-phaneuf.elidevapp1aws.elisys-servers.ca\/fr\/wp-json\/wp\/v2\/media\/33110"}],"wp:attachment":[{"href":"http:\/\/wp-pgs-equipements-adrien-phaneuf.elidevapp1aws.elisys-servers.ca\/fr\/wp-json\/wp\/v2\/media?parent=33109"}],"wp:term":[{"taxonomy":"product-sub-category","embeddable":true,"href":"http:\/\/wp-pgs-equipements-adrien-phaneuf.elidevapp1aws.elisys-servers.ca\/fr\/wp-json\/wp\/v2\/product-sub-category?post=33109"},{"taxonomy":"brand","embeddable":true,"href":"http:\/\/wp-pgs-equipements-adrien-phaneuf.elidevapp1aws.elisys-servers.ca\/fr\/wp-json\/wp\/v2\/brand?post=33109"},{"taxonomy":"product-third-category","embeddable":true,"href":"http:\/\/wp-pgs-equipements-adrien-phaneuf.elidevapp1aws.elisys-servers.ca\/fr\/wp-json\/wp\/v2\/product-third-category?post=33109"}],"curies":[{"name":"wp","href":"https:\/\/api.w.org\/{rel}","templated":true}]}}