{"id":33132,"date":"2020-09-30T12:26:34","date_gmt":"2020-09-30T16:26:34","guid":{"rendered":"http:\/\/wp-pgs-equipements-adrien-phaneuf.elidevapp1aws.elisys-servers.ca\/product\/attache-de-cable-de-nylon-jaune-autobloquant-8-po-caseih-zqc502209100\/"},"modified":"2025-09-30T06:07:27","modified_gmt":"2025-09-30T10:07:27","slug":"attache-de-cable-de-nylon-jaune-autobloquant-8-po-caseih-zqc502209100","status":"publish","type":"product","link":"http:\/\/wp-pgs-equipements-adrien-phaneuf.elidevapp1aws.elisys-servers.ca\/fr\/produit\/attache-de-cable-de-nylon-jaune-autobloquant-8-po-caseih-zqc502209100\/","title":{"rendered":"ATTACHE DE C\u00c2BLE DE NYLON JAUNE AUTOBLOQUANT 8 po CASEIH (ZQC502209100)"},"content":{"rendered":"<p>Nylon\u00a0Jaune<\/p>\n<p>R\u00e9sistance \u00e0 la traction : 40lbs<\/p>\n<p>Longueur: 225.40 mm<\/p>\n<p>Largeur: 3.55 mm<\/p>\n<p>\u00c9paisseur: 1.24 mm<\/p>\n","protected":false},"excerpt":{"rendered":"<p>Nylon\u00a0Jaune R\u00e9sistance \u00e0 la traction : 40lbs Longueur: 225.40 mm Largeur: 3.55 mm \u00c9paisseur: 1.24 mm<\/p>\n","protected":false},"featured_media":33133,"template":"","meta":[],"product-sub-category":[251],"brand":[],"product-third-category":[],"acf":{"product_vendor":"CAS","product_stock_upton":"88","product_stock_marieville":"","product_stock_shefford":"","product_stock_victoriaville":"","product_stock_durantaye":"","product_stock_stematine":"","product_stock_stclet":"","product_stock_huntingdon":"","child_inventory_variation":""},"_links":{"self":[{"href":"http:\/\/wp-pgs-equipements-adrien-phaneuf.elidevapp1aws.elisys-servers.ca\/fr\/wp-json\/wp\/v2\/product\/33132"}],"collection":[{"href":"http:\/\/wp-pgs-equipements-adrien-phaneuf.elidevapp1aws.elisys-servers.ca\/fr\/wp-json\/wp\/v2\/product"}],"about":[{"href":"http:\/\/wp-pgs-equipements-adrien-phaneuf.elidevapp1aws.elisys-servers.ca\/fr\/wp-json\/wp\/v2\/types\/product"}],"wp:featuredmedia":[{"embeddable":true,"href":"http:\/\/wp-pgs-equipements-adrien-phaneuf.elidevapp1aws.elisys-servers.ca\/fr\/wp-json\/wp\/v2\/media\/33133"}],"wp:attachment":[{"href":"http:\/\/wp-pgs-equipements-adrien-phaneuf.elidevapp1aws.elisys-servers.ca\/fr\/wp-json\/wp\/v2\/media?parent=33132"}],"wp:term":[{"taxonomy":"product-sub-category","embeddable":true,"href":"http:\/\/wp-pgs-equipements-adrien-phaneuf.elidevapp1aws.elisys-servers.ca\/fr\/wp-json\/wp\/v2\/product-sub-category?post=33132"},{"taxonomy":"brand","embeddable":true,"href":"http:\/\/wp-pgs-equipements-adrien-phaneuf.elidevapp1aws.elisys-servers.ca\/fr\/wp-json\/wp\/v2\/brand?post=33132"},{"taxonomy":"product-third-category","embeddable":true,"href":"http:\/\/wp-pgs-equipements-adrien-phaneuf.elidevapp1aws.elisys-servers.ca\/fr\/wp-json\/wp\/v2\/product-third-category?post=33132"}],"curies":[{"name":"wp","href":"https:\/\/api.w.org\/{rel}","templated":true}]}}