{"id":33137,"date":"2020-09-30T12:26:34","date_gmt":"2020-09-30T16:26:34","guid":{"rendered":"http:\/\/wp-pgs-equipements-adrien-phaneuf.elidevapp1aws.elisys-servers.ca\/product\/attache-de-cable-de-nylon-noir-autobloquant-8-po-caseih-zqc502210100\/"},"modified":"2025-09-30T06:04:41","modified_gmt":"2025-09-30T10:04:41","slug":"attache-de-cable-de-nylon-noir-autobloquant-8-po-caseih-zqc502210100","status":"publish","type":"product","link":"http:\/\/wp-pgs-equipements-adrien-phaneuf.elidevapp1aws.elisys-servers.ca\/fr\/produit\/attache-de-cable-de-nylon-noir-autobloquant-8-po-caseih-zqc502210100\/","title":{"rendered":"ATTACHE DE C\u00c2BLE DE NYLON NOIR AUTOBLOQUANT 8 po CASEIH (ZQC502210100)"},"content":{"rendered":"<p>Nylon\u00a0NOIR<\/p>\n<p>R\u00e9sistance \u00e0 la traction : 40lbs<\/p>\n<p>Longueur: 225.40 mm<\/p>\n<p>Largeur: 3.55 mm<\/p>\n<p>\u00c9paisseur: 1.24 mm<\/p>\n","protected":false},"excerpt":{"rendered":"<p>Nylon\u00a0NOIR R\u00e9sistance \u00e0 la traction : 40lbs Longueur: 225.40 mm Largeur: 3.55 mm \u00c9paisseur: 1.24 mm<\/p>\n","protected":false},"featured_media":33138,"template":"","meta":[],"product-sub-category":[251],"brand":[111],"product-third-category":[],"acf":{"product_vendor":"CAS","product_stock_upton":"484","product_stock_marieville":"","product_stock_shefford":"","product_stock_victoriaville":"","product_stock_durantaye":"","product_stock_stematine":"","product_stock_stclet":"","product_stock_huntingdon":"","child_inventory_variation":""},"_links":{"self":[{"href":"http:\/\/wp-pgs-equipements-adrien-phaneuf.elidevapp1aws.elisys-servers.ca\/fr\/wp-json\/wp\/v2\/product\/33137"}],"collection":[{"href":"http:\/\/wp-pgs-equipements-adrien-phaneuf.elidevapp1aws.elisys-servers.ca\/fr\/wp-json\/wp\/v2\/product"}],"about":[{"href":"http:\/\/wp-pgs-equipements-adrien-phaneuf.elidevapp1aws.elisys-servers.ca\/fr\/wp-json\/wp\/v2\/types\/product"}],"wp:featuredmedia":[{"embeddable":true,"href":"http:\/\/wp-pgs-equipements-adrien-phaneuf.elidevapp1aws.elisys-servers.ca\/fr\/wp-json\/wp\/v2\/media\/33138"}],"wp:attachment":[{"href":"http:\/\/wp-pgs-equipements-adrien-phaneuf.elidevapp1aws.elisys-servers.ca\/fr\/wp-json\/wp\/v2\/media?parent=33137"}],"wp:term":[{"taxonomy":"product-sub-category","embeddable":true,"href":"http:\/\/wp-pgs-equipements-adrien-phaneuf.elidevapp1aws.elisys-servers.ca\/fr\/wp-json\/wp\/v2\/product-sub-category?post=33137"},{"taxonomy":"brand","embeddable":true,"href":"http:\/\/wp-pgs-equipements-adrien-phaneuf.elidevapp1aws.elisys-servers.ca\/fr\/wp-json\/wp\/v2\/brand?post=33137"},{"taxonomy":"product-third-category","embeddable":true,"href":"http:\/\/wp-pgs-equipements-adrien-phaneuf.elidevapp1aws.elisys-servers.ca\/fr\/wp-json\/wp\/v2\/product-third-category?post=33137"}],"curies":[{"name":"wp","href":"https:\/\/api.w.org\/{rel}","templated":true}]}}