{"id":33142,"date":"2020-09-30T12:26:34","date_gmt":"2020-09-30T16:26:34","guid":{"rendered":"http:\/\/wp-pgs-equipements-adrien-phaneuf.elidevapp1aws.elisys-servers.ca\/product\/tube-thermoretractable-en-polyolefine-noir-de-3-8-po-caseih-zqc5611005b\/"},"modified":"2025-09-30T06:04:41","modified_gmt":"2025-09-30T10:04:41","slug":"tube-thermoretractable-en-polyolefine-noir-de-3-8-po-caseih-zqc5611005b","status":"publish","type":"product","link":"http:\/\/wp-pgs-equipements-adrien-phaneuf.elidevapp1aws.elisys-servers.ca\/fr\/produit\/tube-thermoretractable-en-polyolefine-noir-de-3-8-po-caseih-zqc5611005b\/","title":{"rendered":"Tube thermor\u00e9tractable en polyol\u00e9fine noir de 3\/8 po CASEIH (ZQC5611005B)"},"content":{"rendered":"<p>Le tube de thermor\u00e9traction de polyol\u00e9fine noire de 3\/8 po est fait de polyol\u00e9fine ignifuge pour la durabilit\u00e9 et la r\u00e9sistance aux solvants et aux fluides. Ce tube thermor\u00e9tractable est id\u00e9al pour le c\u00e2blage et le marquage.<\/p>\n<p>Pour l&rsquo;isolation des c\u00e2bles, le marquage et le regroupement<\/p>\n<p>La construction en polyol\u00e9fine noire est ignifuge<\/p>\n<p>Fournit une excellente protection contre l&rsquo;abrasion m\u00e9canique et l&rsquo;humidit\u00e9<\/p>\n<p>R\u00e9siste aux fluides et solvants courants<\/p>\n<p>6 pouces de longueur<\/p>\n","protected":false},"excerpt":{"rendered":"<p>Le tube de thermor\u00e9traction de polyol\u00e9fine noire de 3\/8 po est fait de polyol\u00e9fine ignifuge pour la durabilit\u00e9 et la r\u00e9sistance aux solvants et aux fluides. Ce tube thermor\u00e9tractable est id\u00e9al pour le c\u00e2blage et le marquage. Pour l&rsquo;isolation des c\u00e2bles, le marquage et le regroupement La construction en polyol\u00e9fine noire est ignifuge Fournit une &hellip; <a href=\"http:\/\/wp-pgs-equipements-adrien-phaneuf.elidevapp1aws.elisys-servers.ca\/fr\/produit\/tube-thermoretractable-en-polyolefine-noir-de-3-8-po-caseih-zqc5611005b\/\">Suite<\/a><\/p>\n","protected":false},"featured_media":33143,"template":"","meta":[],"product-sub-category":[236,231],"brand":[114],"product-third-category":[],"acf":{"product_vendor":"CAS","product_stock_upton":"2"},"_links":{"self":[{"href":"http:\/\/wp-pgs-equipements-adrien-phaneuf.elidevapp1aws.elisys-servers.ca\/fr\/wp-json\/wp\/v2\/product\/33142"}],"collection":[{"href":"http:\/\/wp-pgs-equipements-adrien-phaneuf.elidevapp1aws.elisys-servers.ca\/fr\/wp-json\/wp\/v2\/product"}],"about":[{"href":"http:\/\/wp-pgs-equipements-adrien-phaneuf.elidevapp1aws.elisys-servers.ca\/fr\/wp-json\/wp\/v2\/types\/product"}],"wp:featuredmedia":[{"embeddable":true,"href":"http:\/\/wp-pgs-equipements-adrien-phaneuf.elidevapp1aws.elisys-servers.ca\/fr\/wp-json\/wp\/v2\/media\/33143"}],"wp:attachment":[{"href":"http:\/\/wp-pgs-equipements-adrien-phaneuf.elidevapp1aws.elisys-servers.ca\/fr\/wp-json\/wp\/v2\/media?parent=33142"}],"wp:term":[{"taxonomy":"product-sub-category","embeddable":true,"href":"http:\/\/wp-pgs-equipements-adrien-phaneuf.elidevapp1aws.elisys-servers.ca\/fr\/wp-json\/wp\/v2\/product-sub-category?post=33142"},{"taxonomy":"brand","embeddable":true,"href":"http:\/\/wp-pgs-equipements-adrien-phaneuf.elidevapp1aws.elisys-servers.ca\/fr\/wp-json\/wp\/v2\/brand?post=33142"},{"taxonomy":"product-third-category","embeddable":true,"href":"http:\/\/wp-pgs-equipements-adrien-phaneuf.elidevapp1aws.elisys-servers.ca\/fr\/wp-json\/wp\/v2\/product-third-category?post=33142"}],"curies":[{"name":"wp","href":"https:\/\/api.w.org\/{rel}","templated":true}]}}