{"id":41188,"date":"2021-05-26T13:32:13","date_gmt":"2021-05-26T17:32:13","guid":{"rendered":"http:\/\/wp-pgs-equipements-adrien-phaneuf.elidevapp1aws.elisys-servers.ca\/?post_type=product&#038;p=41188"},"modified":"2025-04-02T06:03:44","modified_gmt":"2025-04-02T10:03:44","slug":"pistolet-graisseur-au-lithium-ion-de-20-v-max-outil-uniquement-dcgg571b","status":"publish","type":"product","link":"http:\/\/wp-pgs-equipements-adrien-phaneuf.elidevapp1aws.elisys-servers.ca\/fr\/produit\/pistolet-graisseur-au-lithium-ion-de-20-v-max-outil-uniquement-dcgg571b\/","title":{"rendered":"Pistolet graisseur au lithium-ion de 20 V Max (outil uniquement) (DCGG571B)"},"content":{"rendered":"<p>Le pistolet graisseur au lithium-ion 20\u00a0V MAX* DCGG571B est \u00e9quip\u00e9 d&rsquo;un moteur puissant qui pousse des applications \u00e0 un d\u00e9bit \u00e9lev\u00e9 de 148\u00a0ml\/min (5 onces\/min). Est \u00e9quip\u00e9 d&rsquo;une g\u00e2chette \u00e0 vitesse variable pour plus de pr\u00e9cision, de lampes lumineuses \u00e0 DEL pour travailler dans les espaces sombres et d&rsquo;un filtre anti-d\u00e9bris pour prot\u00e9ger le m\u00e9canisme de la pompe des impuret\u00e9s et de la contamination.<\/p>\n","protected":false},"excerpt":{"rendered":"<p>Le pistolet graisseur au lithium-ion 20\u00a0V MAX* DCGG571B est \u00e9quip\u00e9 d&rsquo;un moteur puissant qui pousse des applications \u00e0 un d\u00e9bit \u00e9lev\u00e9 de 148\u00a0ml\/min (5 onces\/min). Est \u00e9quip\u00e9 d&rsquo;une g\u00e2chette \u00e0 vitesse variable pour plus de pr\u00e9cision, de lampes lumineuses \u00e0 DEL pour travailler dans les espaces sombres et d&rsquo;un filtre anti-d\u00e9bris pour prot\u00e9ger le m\u00e9canisme &hellip; <a href=\"http:\/\/wp-pgs-equipements-adrien-phaneuf.elidevapp1aws.elisys-servers.ca\/fr\/produit\/pistolet-graisseur-au-lithium-ion-de-20-v-max-outil-uniquement-dcgg571b\/\">Suite<\/a><\/p>\n","protected":false},"featured_media":52232,"template":"","meta":[],"product-sub-category":[253,242,370],"brand":[254],"product-third-category":[],"acf":{"product_stock_upton":"0","product_stock_marieville":"0","product_stock_shefford":"0","product_stock_victoriaville":"0","product_stock_durantaye":"0","product_stock_stematine":"","product_stock_stclet":"0","product_stock_huntingdon":"1","product_vendor":"RVI","child_inventory_variation":""},"_links":{"self":[{"href":"http:\/\/wp-pgs-equipements-adrien-phaneuf.elidevapp1aws.elisys-servers.ca\/fr\/wp-json\/wp\/v2\/product\/41188"}],"collection":[{"href":"http:\/\/wp-pgs-equipements-adrien-phaneuf.elidevapp1aws.elisys-servers.ca\/fr\/wp-json\/wp\/v2\/product"}],"about":[{"href":"http:\/\/wp-pgs-equipements-adrien-phaneuf.elidevapp1aws.elisys-servers.ca\/fr\/wp-json\/wp\/v2\/types\/product"}],"wp:featuredmedia":[{"embeddable":true,"href":"http:\/\/wp-pgs-equipements-adrien-phaneuf.elidevapp1aws.elisys-servers.ca\/fr\/wp-json\/wp\/v2\/media\/52232"}],"wp:attachment":[{"href":"http:\/\/wp-pgs-equipements-adrien-phaneuf.elidevapp1aws.elisys-servers.ca\/fr\/wp-json\/wp\/v2\/media?parent=41188"}],"wp:term":[{"taxonomy":"product-sub-category","embeddable":true,"href":"http:\/\/wp-pgs-equipements-adrien-phaneuf.elidevapp1aws.elisys-servers.ca\/fr\/wp-json\/wp\/v2\/product-sub-category?post=41188"},{"taxonomy":"brand","embeddable":true,"href":"http:\/\/wp-pgs-equipements-adrien-phaneuf.elidevapp1aws.elisys-servers.ca\/fr\/wp-json\/wp\/v2\/brand?post=41188"},{"taxonomy":"product-third-category","embeddable":true,"href":"http:\/\/wp-pgs-equipements-adrien-phaneuf.elidevapp1aws.elisys-servers.ca\/fr\/wp-json\/wp\/v2\/product-third-category?post=41188"}],"curies":[{"name":"wp","href":"https:\/\/api.w.org\/{rel}","templated":true}]}}