{"id":41192,"date":"2021-05-26T13:39:54","date_gmt":"2021-05-26T17:39:54","guid":{"rendered":"http:\/\/wp-pgs-equipements-adrien-phaneuf.elidevapp1aws.elisys-servers.ca\/?post_type=product&#038;p=41192"},"modified":"2024-09-04T06:03:58","modified_gmt":"2024-09-04T10:03:58","slug":"gonfleur-pneumatique-a-fil-et-sans-fil-20-v-max-dcc020ib","status":"publish","type":"product","link":"http:\/\/wp-pgs-equipements-adrien-phaneuf.elidevapp1aws.elisys-servers.ca\/fr\/produit\/gonfleur-pneumatique-a-fil-et-sans-fil-20-v-max-dcc020ib\/","title":{"rendered":"Gonfleur pneumatique \u00e0 fil et sans fil 20 V Max (DCC020IB)"},"content":{"rendered":"<p>Pour une polyvalence maximale, notre gonfleur pneumatique \u00e0 fil et sans fil 20 V MAX* peut fonctionner sur une de ces trois sources d\u2019alimentation** : une batterie 20 V MAX*, une alimentation de 12 V CC ou 110 V CA. Utilisez-le sur site ou en d\u00e9placement. Il comprend un flexible haute pression en caoutchouc \u00e0 des fins de durabilit\u00e9. Le mandrin filet\u00e9 et les accessoires int\u00e9gr\u00e9s inclus facilitent le gonflage de divers objets, des pneus aux ballons de soccer. Le r\u00e9glage de la pression d\u2019air souhait\u00e9e est simple gr\u00e2ce \u00e0 la jauge num\u00e9rique et l\u2019arr\u00eat automatique permet un gonflage pr\u00e9cis. Le flexible \u00e0 volume \u00e9lev\u00e9 aide \u00e0 gonfler rapidement les matelas et les autres objets gonflables gr\u00e2ce \u00e0 un simple bouton. Placez le flexible dans le port de d\u00e9gonflage pour un d\u00e9gonflage rapide et ais\u00e9. Une lumi\u00e8re DEL int\u00e9gr\u00e9e offre un \u00e9clairage dans les endroits sombres. Les pieds en caoutchouc tr\u00e8s robustes aident \u00e0 r\u00e9duire le d\u00e9placement lors de l\u2019utilisation. ** Batterie, chargeur et adaptateur d\u2019alimentation CA vendus s\u00e9par\u00e9ment.<\/p>\n","protected":false},"excerpt":{"rendered":"<p>Pour une polyvalence maximale, notre gonfleur pneumatique \u00e0 fil et sans fil 20 V MAX* peut fonctionner sur une de ces trois sources d\u2019alimentation** : une batterie 20 V MAX*, une alimentation de 12 V CC ou 110 V CA. Utilisez-le sur site ou en d\u00e9placement. Il comprend un flexible haute pression en caoutchouc \u00e0 &hellip; <a href=\"http:\/\/wp-pgs-equipements-adrien-phaneuf.elidevapp1aws.elisys-servers.ca\/fr\/produit\/gonfleur-pneumatique-a-fil-et-sans-fil-20-v-max-dcc020ib\/\">Suite<\/a><\/p>\n","protected":false},"featured_media":52230,"template":"","meta":[],"product-sub-category":[253,236,370],"brand":[254],"product-third-category":[],"acf":{"product_stock_upton":"0","product_stock_marieville":"","product_stock_shefford":"","product_stock_victoriaville":"","product_stock_durantaye":"","product_stock_stematine":"","product_stock_stclet":"","product_stock_huntingdon":"","product_vendor":"RVI","child_inventory_variation":""},"_links":{"self":[{"href":"http:\/\/wp-pgs-equipements-adrien-phaneuf.elidevapp1aws.elisys-servers.ca\/fr\/wp-json\/wp\/v2\/product\/41192"}],"collection":[{"href":"http:\/\/wp-pgs-equipements-adrien-phaneuf.elidevapp1aws.elisys-servers.ca\/fr\/wp-json\/wp\/v2\/product"}],"about":[{"href":"http:\/\/wp-pgs-equipements-adrien-phaneuf.elidevapp1aws.elisys-servers.ca\/fr\/wp-json\/wp\/v2\/types\/product"}],"wp:featuredmedia":[{"embeddable":true,"href":"http:\/\/wp-pgs-equipements-adrien-phaneuf.elidevapp1aws.elisys-servers.ca\/fr\/wp-json\/wp\/v2\/media\/52230"}],"wp:attachment":[{"href":"http:\/\/wp-pgs-equipements-adrien-phaneuf.elidevapp1aws.elisys-servers.ca\/fr\/wp-json\/wp\/v2\/media?parent=41192"}],"wp:term":[{"taxonomy":"product-sub-category","embeddable":true,"href":"http:\/\/wp-pgs-equipements-adrien-phaneuf.elidevapp1aws.elisys-servers.ca\/fr\/wp-json\/wp\/v2\/product-sub-category?post=41192"},{"taxonomy":"brand","embeddable":true,"href":"http:\/\/wp-pgs-equipements-adrien-phaneuf.elidevapp1aws.elisys-servers.ca\/fr\/wp-json\/wp\/v2\/brand?post=41192"},{"taxonomy":"product-third-category","embeddable":true,"href":"http:\/\/wp-pgs-equipements-adrien-phaneuf.elidevapp1aws.elisys-servers.ca\/fr\/wp-json\/wp\/v2\/product-third-category?post=41192"}],"curies":[{"name":"wp","href":"https:\/\/api.w.org\/{rel}","templated":true}]}}