{"id":41216,"date":"2021-05-26T15:17:14","date_gmt":"2021-05-26T19:17:14","guid":{"rendered":"http:\/\/wp-pgs-equipements-adrien-phaneuf.elidevapp1aws.elisys-servers.ca\/?post_type=product&#038;p=41216"},"modified":"2025-09-30T06:04:44","modified_gmt":"2025-09-30T10:04:44","slug":"ensemble-de-2-batteries-xr-5-ah-20-v-max","status":"publish","type":"product","link":"http:\/\/wp-pgs-equipements-adrien-phaneuf.elidevapp1aws.elisys-servers.ca\/fr\/produit\/ensemble-de-2-batteries-xr-5-ah-20-v-max\/","title":{"rendered":"Ensemble de 2 batteries XR 5 Ah 20 V Max (DCB205-2)"},"content":{"rendered":"<p>La batterie XR 5 Ah au lithium-ion de qualit\u00e9 sup\u00e9rieure 20 V MAX DCB205-2 indique instantan\u00e9ment le niveau de charge gr\u00e2ce \u00e0 un syst\u00e8me d&rsquo;indicateur de charge \u00e0 3 DEL et pr\u00e9sente une conception l\u00e9g\u00e8re pour un transport facile.<\/p>\n","protected":false},"excerpt":{"rendered":"<p>La batterie XR 5 Ah au lithium-ion de qualit\u00e9 sup\u00e9rieure 20 V MAX DCB205-2 indique instantan\u00e9ment le niveau de charge gr\u00e2ce \u00e0 un syst\u00e8me d&rsquo;indicateur de charge \u00e0 3 DEL et pr\u00e9sente une conception l\u00e9g\u00e8re pour un transport facile.<\/p>\n","protected":false},"featured_media":52226,"template":"","meta":[],"product-sub-category":[259,253,370],"brand":[254],"product-third-category":[],"acf":{"product_stock_upton":"0","product_stock_marieville":"1","product_stock_shefford":"1","product_stock_victoriaville":"1","product_stock_durantaye":"0","product_stock_stematine":"0","product_stock_stclet":"0","product_stock_huntingdon":"0","product_vendor":"RVI","child_inventory_variation":""},"_links":{"self":[{"href":"http:\/\/wp-pgs-equipements-adrien-phaneuf.elidevapp1aws.elisys-servers.ca\/fr\/wp-json\/wp\/v2\/product\/41216"}],"collection":[{"href":"http:\/\/wp-pgs-equipements-adrien-phaneuf.elidevapp1aws.elisys-servers.ca\/fr\/wp-json\/wp\/v2\/product"}],"about":[{"href":"http:\/\/wp-pgs-equipements-adrien-phaneuf.elidevapp1aws.elisys-servers.ca\/fr\/wp-json\/wp\/v2\/types\/product"}],"wp:featuredmedia":[{"embeddable":true,"href":"http:\/\/wp-pgs-equipements-adrien-phaneuf.elidevapp1aws.elisys-servers.ca\/fr\/wp-json\/wp\/v2\/media\/52226"}],"wp:attachment":[{"href":"http:\/\/wp-pgs-equipements-adrien-phaneuf.elidevapp1aws.elisys-servers.ca\/fr\/wp-json\/wp\/v2\/media?parent=41216"}],"wp:term":[{"taxonomy":"product-sub-category","embeddable":true,"href":"http:\/\/wp-pgs-equipements-adrien-phaneuf.elidevapp1aws.elisys-servers.ca\/fr\/wp-json\/wp\/v2\/product-sub-category?post=41216"},{"taxonomy":"brand","embeddable":true,"href":"http:\/\/wp-pgs-equipements-adrien-phaneuf.elidevapp1aws.elisys-servers.ca\/fr\/wp-json\/wp\/v2\/brand?post=41216"},{"taxonomy":"product-third-category","embeddable":true,"href":"http:\/\/wp-pgs-equipements-adrien-phaneuf.elidevapp1aws.elisys-servers.ca\/fr\/wp-json\/wp\/v2\/product-third-category?post=41216"}],"curies":[{"name":"wp","href":"https:\/\/api.w.org\/{rel}","templated":true}]}}