{"id":41242,"date":"2021-05-26T16:15:21","date_gmt":"2021-05-26T20:15:21","guid":{"rendered":"http:\/\/wp-pgs-equipements-adrien-phaneuf.elidevapp1aws.elisys-servers.ca\/?post_type=product&#038;p=41242"},"modified":"2025-09-30T06:04:45","modified_gmt":"2025-09-30T10:04:45","slug":"chargeur-rapide-simultane-multiport","status":"publish","type":"product","link":"http:\/\/wp-pgs-equipements-adrien-phaneuf.elidevapp1aws.elisys-servers.ca\/fr\/produit\/chargeur-rapide-simultane-multiport\/","title":{"rendered":"Chargeur rapide simultan\u00e9 multiport (DCB104)"},"content":{"rendered":"<p>Ce chargeur est un chargeur rapide \u00e0 4 ports qui charge simultan\u00e9ment les batteries 12V MAX, 20V MAX et FLEXVOLT 20V\/60V MAX. Ce chargeur rapide charge rapidement une batterie de 4,0 Ah 20V MAX en 40 minutes et une batterie de 6,0 Ah 20V MAX en 60 minutes. Il est \u00e9galement con\u00e7u pour s&rsquo;adapter \u00e0 notre Tool Connect Tag et est compatible avec le Tough System.<\/p>\n","protected":false},"excerpt":{"rendered":"<p>Ce chargeur est un chargeur rapide \u00e0 4 ports qui charge simultan\u00e9ment les batteries 12V MAX, 20V MAX et FLEXVOLT 20V\/60V MAX. Ce chargeur rapide charge rapidement une batterie de 4,0 Ah 20V MAX en 40 minutes et une batterie de 6,0 Ah 20V MAX en 60 minutes. Il est \u00e9galement con\u00e7u pour s&rsquo;adapter \u00e0 &hellip; <a href=\"http:\/\/wp-pgs-equipements-adrien-phaneuf.elidevapp1aws.elisys-servers.ca\/fr\/produit\/chargeur-rapide-simultane-multiport\/\">Suite<\/a><\/p>\n","protected":false},"featured_media":52209,"template":"","meta":[],"product-sub-category":[273,253,370],"brand":[254],"product-third-category":[],"acf":{"product_stock_upton":"0","product_stock_marieville":"1","product_stock_shefford":"","product_stock_victoriaville":"","product_stock_durantaye":"","product_stock_stematine":"","product_stock_stclet":"","product_stock_huntingdon":"","product_vendor":"RVI","child_inventory_variation":""},"_links":{"self":[{"href":"http:\/\/wp-pgs-equipements-adrien-phaneuf.elidevapp1aws.elisys-servers.ca\/fr\/wp-json\/wp\/v2\/product\/41242"}],"collection":[{"href":"http:\/\/wp-pgs-equipements-adrien-phaneuf.elidevapp1aws.elisys-servers.ca\/fr\/wp-json\/wp\/v2\/product"}],"about":[{"href":"http:\/\/wp-pgs-equipements-adrien-phaneuf.elidevapp1aws.elisys-servers.ca\/fr\/wp-json\/wp\/v2\/types\/product"}],"wp:featuredmedia":[{"embeddable":true,"href":"http:\/\/wp-pgs-equipements-adrien-phaneuf.elidevapp1aws.elisys-servers.ca\/fr\/wp-json\/wp\/v2\/media\/52209"}],"wp:attachment":[{"href":"http:\/\/wp-pgs-equipements-adrien-phaneuf.elidevapp1aws.elisys-servers.ca\/fr\/wp-json\/wp\/v2\/media?parent=41242"}],"wp:term":[{"taxonomy":"product-sub-category","embeddable":true,"href":"http:\/\/wp-pgs-equipements-adrien-phaneuf.elidevapp1aws.elisys-servers.ca\/fr\/wp-json\/wp\/v2\/product-sub-category?post=41242"},{"taxonomy":"brand","embeddable":true,"href":"http:\/\/wp-pgs-equipements-adrien-phaneuf.elidevapp1aws.elisys-servers.ca\/fr\/wp-json\/wp\/v2\/brand?post=41242"},{"taxonomy":"product-third-category","embeddable":true,"href":"http:\/\/wp-pgs-equipements-adrien-phaneuf.elidevapp1aws.elisys-servers.ca\/fr\/wp-json\/wp\/v2\/product-third-category?post=41242"}],"curies":[{"name":"wp","href":"https:\/\/api.w.org\/{rel}","templated":true}]}}