{"id":41246,"date":"2021-05-26T16:21:12","date_gmt":"2021-05-26T20:21:12","guid":{"rendered":"http:\/\/wp-pgs-equipements-adrien-phaneuf.elidevapp1aws.elisys-servers.ca\/?post_type=product&#038;p=41246"},"modified":"2025-09-30T06:04:45","modified_gmt":"2025-09-30T10:04:45","slug":"ensemble-dadaptateur-et-de-batteries-18-v-20-v","status":"publish","type":"product","link":"http:\/\/wp-pgs-equipements-adrien-phaneuf.elidevapp1aws.elisys-servers.ca\/fr\/produit\/ensemble-dadaptateur-et-de-batteries-18-v-20-v\/","title":{"rendered":"Ensemble d&rsquo;adaptateur et de batteries 18 V &#8211; 20 V (DCA2203C)"},"content":{"rendered":"<p>Ajoutez de la polyvalence \u00e0 votre bo\u00eete \u00e0 outils avec le kit d&rsquo;adaptateur de batterie DEWALT DCA2203C 20V MAX \u00e0 18V. Cet adaptateur vous permet d&rsquo;utiliser certaines batteries DEWALT 20V MAX au lithium-ion avec les outils \u00e9lectriques DEWALT 18V. D\u00e9sormais, vous n&rsquo;avez plus \u00e0 faire de compromis en ce qui concerne les batteries ou \u00e0 acheter des outils en double.<\/p>\n","protected":false},"excerpt":{"rendered":"<p>Ajoutez de la polyvalence \u00e0 votre bo\u00eete \u00e0 outils avec le kit d&rsquo;adaptateur de batterie DEWALT DCA2203C 20V MAX \u00e0 18V. Cet adaptateur vous permet d&rsquo;utiliser certaines batteries DEWALT 20V MAX au lithium-ion avec les outils \u00e9lectriques DEWALT 18V. D\u00e9sormais, vous n&rsquo;avez plus \u00e0 faire de compromis en ce qui concerne les batteries ou \u00e0 &hellip; <a href=\"http:\/\/wp-pgs-equipements-adrien-phaneuf.elidevapp1aws.elisys-servers.ca\/fr\/produit\/ensemble-dadaptateur-et-de-batteries-18-v-20-v\/\">Suite<\/a><\/p>\n","protected":false},"featured_media":52207,"template":"","meta":[],"product-sub-category":[259,253,370],"brand":[254],"product-third-category":[],"acf":{"product_stock_upton":"1","product_stock_marieville":"0","product_stock_shefford":"","product_stock_victoriaville":"","product_stock_durantaye":"0","product_stock_stematine":"","product_stock_stclet":"","product_stock_huntingdon":"","product_vendor":"RVI","child_inventory_variation":""},"_links":{"self":[{"href":"http:\/\/wp-pgs-equipements-adrien-phaneuf.elidevapp1aws.elisys-servers.ca\/fr\/wp-json\/wp\/v2\/product\/41246"}],"collection":[{"href":"http:\/\/wp-pgs-equipements-adrien-phaneuf.elidevapp1aws.elisys-servers.ca\/fr\/wp-json\/wp\/v2\/product"}],"about":[{"href":"http:\/\/wp-pgs-equipements-adrien-phaneuf.elidevapp1aws.elisys-servers.ca\/fr\/wp-json\/wp\/v2\/types\/product"}],"wp:featuredmedia":[{"embeddable":true,"href":"http:\/\/wp-pgs-equipements-adrien-phaneuf.elidevapp1aws.elisys-servers.ca\/fr\/wp-json\/wp\/v2\/media\/52207"}],"wp:attachment":[{"href":"http:\/\/wp-pgs-equipements-adrien-phaneuf.elidevapp1aws.elisys-servers.ca\/fr\/wp-json\/wp\/v2\/media?parent=41246"}],"wp:term":[{"taxonomy":"product-sub-category","embeddable":true,"href":"http:\/\/wp-pgs-equipements-adrien-phaneuf.elidevapp1aws.elisys-servers.ca\/fr\/wp-json\/wp\/v2\/product-sub-category?post=41246"},{"taxonomy":"brand","embeddable":true,"href":"http:\/\/wp-pgs-equipements-adrien-phaneuf.elidevapp1aws.elisys-servers.ca\/fr\/wp-json\/wp\/v2\/brand?post=41246"},{"taxonomy":"product-third-category","embeddable":true,"href":"http:\/\/wp-pgs-equipements-adrien-phaneuf.elidevapp1aws.elisys-servers.ca\/fr\/wp-json\/wp\/v2\/product-third-category?post=41246"}],"curies":[{"name":"wp","href":"https:\/\/api.w.org\/{rel}","templated":true}]}}