{"id":41253,"date":"2021-05-26T16:42:44","date_gmt":"2021-05-26T20:42:44","guid":{"rendered":"http:\/\/wp-pgs-equipements-adrien-phaneuf.elidevapp1aws.elisys-servers.ca\/product\/fil-de-debroussaillage-0080-x-50\/"},"modified":"2025-09-30T06:04:45","modified_gmt":"2025-09-30T10:04:45","slug":"fil-de-debroussaillage-0080-x-50","status":"publish","type":"product","link":"http:\/\/wp-pgs-equipements-adrien-phaneuf.elidevapp1aws.elisys-servers.ca\/fr\/produit\/fil-de-debroussaillage-0080-x-50\/","title":{"rendered":"Fil de d\u00e9broussaillage 0,080&Prime; x 50&prime; (DWO1DT801)"},"content":{"rendered":"<p>Le fil pour coupe-bordure DEWALT DWO1DT801 15 m (50 pi) x 0,2 cm (0,8 po) est con\u00e7u de mani\u00e8re a\u00e9rodynamique et optimis\u00e9 pour une efficacit\u00e9 de coupe sans fil. Ce fil de coupe combine des mat\u00e9riaux souples et r\u00e9sistants aux impacts pour une utilisation longue et durable. Pour coupe-herbe et coupe-bordure.<\/p>\n","protected":false},"excerpt":{"rendered":"<p>Le fil pour coupe-bordure DEWALT DWO1DT801 15 m (50 pi) x 0,2 cm (0,8 po) est con\u00e7u de mani\u00e8re a\u00e9rodynamique et optimis\u00e9 pour une efficacit\u00e9 de coupe sans fil. Ce fil de coupe combine des mat\u00e9riaux souples et r\u00e9sistants aux impacts pour une utilisation longue et durable. Pour coupe-herbe et coupe-bordure.<\/p>\n","protected":false},"featured_media":41252,"template":"","meta":[],"product-sub-category":[253,368],"brand":[254],"product-third-category":[],"acf":{"product_stock_upton":"0","product_stock_marieville":"1","product_stock_shefford":"0","product_stock_victoriaville":"1","product_stock_durantaye":"0","product_stock_stematine":"0","product_stock_stclet":"0","product_stock_huntingdon":"","product_vendor":"RVI","child_inventory_variation":""},"_links":{"self":[{"href":"http:\/\/wp-pgs-equipements-adrien-phaneuf.elidevapp1aws.elisys-servers.ca\/fr\/wp-json\/wp\/v2\/product\/41253"}],"collection":[{"href":"http:\/\/wp-pgs-equipements-adrien-phaneuf.elidevapp1aws.elisys-servers.ca\/fr\/wp-json\/wp\/v2\/product"}],"about":[{"href":"http:\/\/wp-pgs-equipements-adrien-phaneuf.elidevapp1aws.elisys-servers.ca\/fr\/wp-json\/wp\/v2\/types\/product"}],"wp:featuredmedia":[{"embeddable":true,"href":"http:\/\/wp-pgs-equipements-adrien-phaneuf.elidevapp1aws.elisys-servers.ca\/fr\/wp-json\/wp\/v2\/media\/41252"}],"wp:attachment":[{"href":"http:\/\/wp-pgs-equipements-adrien-phaneuf.elidevapp1aws.elisys-servers.ca\/fr\/wp-json\/wp\/v2\/media?parent=41253"}],"wp:term":[{"taxonomy":"product-sub-category","embeddable":true,"href":"http:\/\/wp-pgs-equipements-adrien-phaneuf.elidevapp1aws.elisys-servers.ca\/fr\/wp-json\/wp\/v2\/product-sub-category?post=41253"},{"taxonomy":"brand","embeddable":true,"href":"http:\/\/wp-pgs-equipements-adrien-phaneuf.elidevapp1aws.elisys-servers.ca\/fr\/wp-json\/wp\/v2\/brand?post=41253"},{"taxonomy":"product-third-category","embeddable":true,"href":"http:\/\/wp-pgs-equipements-adrien-phaneuf.elidevapp1aws.elisys-servers.ca\/fr\/wp-json\/wp\/v2\/product-third-category?post=41253"}],"curies":[{"name":"wp","href":"https:\/\/api.w.org\/{rel}","templated":true}]}}