{"id":41276,"date":"2021-05-31T12:03:04","date_gmt":"2021-05-31T16:03:04","guid":{"rendered":"http:\/\/wp-pgs-equipements-adrien-phaneuf.elidevapp1aws.elisys-servers.ca\/?post_type=product&#038;p=41276"},"modified":"2025-09-30T06:04:47","modified_gmt":"2025-09-30T10:04:47","slug":"barre-de-rechange-8-pour-scie-sur-pole-dewalt-20v","status":"publish","type":"product","link":"http:\/\/wp-pgs-equipements-adrien-phaneuf.elidevapp1aws.elisys-servers.ca\/fr\/produit\/barre-de-rechange-8-pour-scie-sur-pole-dewalt-20v\/","title":{"rendered":"Barre de rechange 8&Prime; pour scie sur p\u00f4le Dewalt 20V (DWZCSB8)"},"content":{"rendered":"<p>Cette barre de 8 po pour scie sur p\u00f4le est r\u00e9sistante \u00e0 l&rsquo;eau et est con\u00e7ue pour une durabilit\u00e9 ultime. Elle s&rsquo;adapte aux cha\u00eenes de 8 po de notre scie \u00e0 perche sans fil 20 V MAX\u00a0 (DCPS620). Cette barre est con\u00e7ue pour couper en douceur et rapidement avec un minimum de contre-coup.<\/p>\n","protected":false},"excerpt":{"rendered":"<p>Cette barre de 8 po pour scie sur p\u00f4le est r\u00e9sistante \u00e0 l&rsquo;eau et est con\u00e7ue pour une durabilit\u00e9 ultime. Elle s&rsquo;adapte aux cha\u00eenes de 8 po de notre scie \u00e0 perche sans fil 20 V MAX\u00a0 (DCPS620). Cette barre est con\u00e7ue pour couper en douceur et rapidement avec un minimum de contre-coup.<\/p>\n","protected":false},"featured_media":52205,"template":"","meta":[],"product-sub-category":[253,368,370],"brand":[254],"product-third-category":[],"acf":{"product_stock_upton":"4","product_stock_marieville":"0","product_stock_shefford":"0","product_stock_victoriaville":"3","product_stock_durantaye":"1","product_stock_stematine":"0","product_stock_stclet":"1","product_stock_huntingdon":"","product_vendor":"RVI","child_inventory_variation":""},"_links":{"self":[{"href":"http:\/\/wp-pgs-equipements-adrien-phaneuf.elidevapp1aws.elisys-servers.ca\/fr\/wp-json\/wp\/v2\/product\/41276"}],"collection":[{"href":"http:\/\/wp-pgs-equipements-adrien-phaneuf.elidevapp1aws.elisys-servers.ca\/fr\/wp-json\/wp\/v2\/product"}],"about":[{"href":"http:\/\/wp-pgs-equipements-adrien-phaneuf.elidevapp1aws.elisys-servers.ca\/fr\/wp-json\/wp\/v2\/types\/product"}],"wp:featuredmedia":[{"embeddable":true,"href":"http:\/\/wp-pgs-equipements-adrien-phaneuf.elidevapp1aws.elisys-servers.ca\/fr\/wp-json\/wp\/v2\/media\/52205"}],"wp:attachment":[{"href":"http:\/\/wp-pgs-equipements-adrien-phaneuf.elidevapp1aws.elisys-servers.ca\/fr\/wp-json\/wp\/v2\/media?parent=41276"}],"wp:term":[{"taxonomy":"product-sub-category","embeddable":true,"href":"http:\/\/wp-pgs-equipements-adrien-phaneuf.elidevapp1aws.elisys-servers.ca\/fr\/wp-json\/wp\/v2\/product-sub-category?post=41276"},{"taxonomy":"brand","embeddable":true,"href":"http:\/\/wp-pgs-equipements-adrien-phaneuf.elidevapp1aws.elisys-servers.ca\/fr\/wp-json\/wp\/v2\/brand?post=41276"},{"taxonomy":"product-third-category","embeddable":true,"href":"http:\/\/wp-pgs-equipements-adrien-phaneuf.elidevapp1aws.elisys-servers.ca\/fr\/wp-json\/wp\/v2\/product-third-category?post=41276"}],"curies":[{"name":"wp","href":"https:\/\/api.w.org\/{rel}","templated":true}]}}