{"id":41282,"date":"2021-05-31T16:21:14","date_gmt":"2021-05-31T20:21:14","guid":{"rendered":"http:\/\/wp-pgs-equipements-adrien-phaneuf.elidevapp1aws.elisys-servers.ca\/?post_type=product&#038;p=41282"},"modified":"2025-09-30T06:04:47","modified_gmt":"2025-09-30T10:04:47","slug":"chaine-de-8-pour-scie-sur-pole-20-v-dwo1dt608","status":"publish","type":"product","link":"http:\/\/wp-pgs-equipements-adrien-phaneuf.elidevapp1aws.elisys-servers.ca\/fr\/produit\/chaine-de-8-pour-scie-sur-pole-20-v-dwo1dt608\/","title":{"rendered":"Cha\u00eene de 8&Prime; pour scie sur p\u00f4le 20 V (DWO1DT608)"},"content":{"rendered":"<p>Cette cha\u00eene durable est con\u00e7ue pour s&rsquo;adapter aux barres de 8&Prime; des scies \u00e0 poteau sans fil 20 V MAX de Dewalt (DCPS620). La cha\u00eene \u00e0 faible vibration est con\u00e7ue pour couper en douceur et rapidement avec un minimum de contre-coup.<\/p>\n","protected":false},"excerpt":{"rendered":"<p>Cette cha\u00eene durable est con\u00e7ue pour s&rsquo;adapter aux barres de 8&Prime; des scies \u00e0 poteau sans fil 20 V MAX de Dewalt (DCPS620). La cha\u00eene \u00e0 faible vibration est con\u00e7ue pour couper en douceur et rapidement avec un minimum de contre-coup.<\/p>\n","protected":false},"featured_media":52203,"template":"","meta":[],"product-sub-category":[253,368,370],"brand":[254],"product-third-category":[],"acf":{"product_stock_upton":"0","product_stock_marieville":"0","product_stock_shefford":"1","product_stock_victoriaville":"","product_stock_durantaye":"","product_stock_stematine":"","product_stock_stclet":"","product_stock_huntingdon":"","product_vendor":"RVI","child_inventory_variation":""},"_links":{"self":[{"href":"http:\/\/wp-pgs-equipements-adrien-phaneuf.elidevapp1aws.elisys-servers.ca\/fr\/wp-json\/wp\/v2\/product\/41282"}],"collection":[{"href":"http:\/\/wp-pgs-equipements-adrien-phaneuf.elidevapp1aws.elisys-servers.ca\/fr\/wp-json\/wp\/v2\/product"}],"about":[{"href":"http:\/\/wp-pgs-equipements-adrien-phaneuf.elidevapp1aws.elisys-servers.ca\/fr\/wp-json\/wp\/v2\/types\/product"}],"wp:featuredmedia":[{"embeddable":true,"href":"http:\/\/wp-pgs-equipements-adrien-phaneuf.elidevapp1aws.elisys-servers.ca\/fr\/wp-json\/wp\/v2\/media\/52203"}],"wp:attachment":[{"href":"http:\/\/wp-pgs-equipements-adrien-phaneuf.elidevapp1aws.elisys-servers.ca\/fr\/wp-json\/wp\/v2\/media?parent=41282"}],"wp:term":[{"taxonomy":"product-sub-category","embeddable":true,"href":"http:\/\/wp-pgs-equipements-adrien-phaneuf.elidevapp1aws.elisys-servers.ca\/fr\/wp-json\/wp\/v2\/product-sub-category?post=41282"},{"taxonomy":"brand","embeddable":true,"href":"http:\/\/wp-pgs-equipements-adrien-phaneuf.elidevapp1aws.elisys-servers.ca\/fr\/wp-json\/wp\/v2\/brand?post=41282"},{"taxonomy":"product-third-category","embeddable":true,"href":"http:\/\/wp-pgs-equipements-adrien-phaneuf.elidevapp1aws.elisys-servers.ca\/fr\/wp-json\/wp\/v2\/product-third-category?post=41282"}],"curies":[{"name":"wp","href":"https:\/\/api.w.org\/{rel}","templated":true}]}}