{"id":41286,"date":"2021-05-31T16:31:02","date_gmt":"2021-05-31T20:31:02","guid":{"rendered":"http:\/\/wp-pgs-equipements-adrien-phaneuf.elidevapp1aws.elisys-servers.ca\/?post_type=product&#038;p=41286"},"modified":"2025-09-30T06:04:48","modified_gmt":"2025-09-30T10:04:48","slug":"chaine-de-12-pour-scie-a-chaine-20v-dwo1dt612","status":"publish","type":"product","link":"http:\/\/wp-pgs-equipements-adrien-phaneuf.elidevapp1aws.elisys-servers.ca\/fr\/produit\/chaine-de-12-pour-scie-a-chaine-20v-dwo1dt612\/","title":{"rendered":"Cha\u00eene de 12&Prime; pour scie \u00e0 cha\u00eene 20V (DWO1DT612)"},"content":{"rendered":"<p>La cha\u00eene de rechange de 12 po est con\u00e7ue pour durer. Elle s&rsquo;adapte aux barres de 12 po sur notre tron\u00e7onneuse sans fil 20 V MAX\u00a0 (DCCS620). Cette cha\u00eene \u00e0 faibles vibrations est con\u00e7ue pour couper en douceur et rapidement avec un minimum de contre-coup.<\/p>\n","protected":false},"excerpt":{"rendered":"<p>La cha\u00eene de rechange de 12 po est con\u00e7ue pour durer. Elle s&rsquo;adapte aux barres de 12 po sur notre tron\u00e7onneuse sans fil 20 V MAX\u00a0 (DCCS620). Cette cha\u00eene \u00e0 faibles vibrations est con\u00e7ue pour couper en douceur et rapidement avec un minimum de contre-coup.<\/p>\n","protected":false},"featured_media":52201,"template":"","meta":[],"product-sub-category":[253,368,370],"brand":[254],"product-third-category":[],"acf":{"product_stock_upton":"0","product_stock_marieville":"","product_stock_shefford":"1","product_stock_victoriaville":"1","product_stock_durantaye":"1","product_stock_stematine":"0","product_stock_stclet":"1","product_stock_huntingdon":"","product_vendor":"RVI","child_inventory_variation":""},"_links":{"self":[{"href":"http:\/\/wp-pgs-equipements-adrien-phaneuf.elidevapp1aws.elisys-servers.ca\/fr\/wp-json\/wp\/v2\/product\/41286"}],"collection":[{"href":"http:\/\/wp-pgs-equipements-adrien-phaneuf.elidevapp1aws.elisys-servers.ca\/fr\/wp-json\/wp\/v2\/product"}],"about":[{"href":"http:\/\/wp-pgs-equipements-adrien-phaneuf.elidevapp1aws.elisys-servers.ca\/fr\/wp-json\/wp\/v2\/types\/product"}],"wp:featuredmedia":[{"embeddable":true,"href":"http:\/\/wp-pgs-equipements-adrien-phaneuf.elidevapp1aws.elisys-servers.ca\/fr\/wp-json\/wp\/v2\/media\/52201"}],"wp:attachment":[{"href":"http:\/\/wp-pgs-equipements-adrien-phaneuf.elidevapp1aws.elisys-servers.ca\/fr\/wp-json\/wp\/v2\/media?parent=41286"}],"wp:term":[{"taxonomy":"product-sub-category","embeddable":true,"href":"http:\/\/wp-pgs-equipements-adrien-phaneuf.elidevapp1aws.elisys-servers.ca\/fr\/wp-json\/wp\/v2\/product-sub-category?post=41286"},{"taxonomy":"brand","embeddable":true,"href":"http:\/\/wp-pgs-equipements-adrien-phaneuf.elidevapp1aws.elisys-servers.ca\/fr\/wp-json\/wp\/v2\/brand?post=41286"},{"taxonomy":"product-third-category","embeddable":true,"href":"http:\/\/wp-pgs-equipements-adrien-phaneuf.elidevapp1aws.elisys-servers.ca\/fr\/wp-json\/wp\/v2\/product-third-category?post=41286"}],"curies":[{"name":"wp","href":"https:\/\/api.w.org\/{rel}","templated":true}]}}