{"id":41290,"date":"2021-05-31T16:43:12","date_gmt":"2021-05-31T20:43:12","guid":{"rendered":"http:\/\/wp-pgs-equipements-adrien-phaneuf.elidevapp1aws.elisys-servers.ca\/?post_type=product&#038;p=41290"},"modified":"2025-09-19T06:05:25","modified_gmt":"2025-09-19T10:05:25","slug":"chaine-de-16-pour-scie-a-chaine-60v-dwo1dt616","status":"publish","type":"product","link":"http:\/\/wp-pgs-equipements-adrien-phaneuf.elidevapp1aws.elisys-servers.ca\/fr\/produit\/chaine-de-16-pour-scie-a-chaine-60v-dwo1dt616\/","title":{"rendered":"Cha\u00eene de 16&Prime; pour scie \u00e0 cha\u00eene 60V (DWO1DT616)"},"content":{"rendered":"<p>La cha\u00eene de scie de 16 pouces DEWALT durable et r\u00e9sistante \u00e0 l&rsquo;eau est con\u00e7ue pour s&rsquo;adapter aux barres de 16 pouces des scies \u00e0 cha\u00eene sans fil DEWALT. Cette cha\u00eene \u00e0 faible vibration, trait\u00e9e thermiquement et de conception chrom\u00e9e dure, coupe en douceur et rapidement avec un minimum de rebond.<\/p>\n","protected":false},"excerpt":{"rendered":"<p>La cha\u00eene de scie de 16 pouces DEWALT durable et r\u00e9sistante \u00e0 l&rsquo;eau est con\u00e7ue pour s&rsquo;adapter aux barres de 16 pouces des scies \u00e0 cha\u00eene sans fil DEWALT. Cette cha\u00eene \u00e0 faible vibration, trait\u00e9e thermiquement et de conception chrom\u00e9e dure, coupe en douceur et rapidement avec un minimum de rebond.<\/p>\n","protected":false},"featured_media":52199,"template":"","meta":[],"product-sub-category":[253,368,370],"brand":[254],"product-third-category":[],"acf":{"product_stock_upton":"0","product_stock_marieville":"0","product_stock_shefford":"0","product_stock_victoriaville":"0","product_stock_durantaye":"0","product_stock_stematine":"0","product_stock_stclet":"0","product_stock_huntingdon":"","product_vendor":"RVI","child_inventory_variation":""},"_links":{"self":[{"href":"http:\/\/wp-pgs-equipements-adrien-phaneuf.elidevapp1aws.elisys-servers.ca\/fr\/wp-json\/wp\/v2\/product\/41290"}],"collection":[{"href":"http:\/\/wp-pgs-equipements-adrien-phaneuf.elidevapp1aws.elisys-servers.ca\/fr\/wp-json\/wp\/v2\/product"}],"about":[{"href":"http:\/\/wp-pgs-equipements-adrien-phaneuf.elidevapp1aws.elisys-servers.ca\/fr\/wp-json\/wp\/v2\/types\/product"}],"wp:featuredmedia":[{"embeddable":true,"href":"http:\/\/wp-pgs-equipements-adrien-phaneuf.elidevapp1aws.elisys-servers.ca\/fr\/wp-json\/wp\/v2\/media\/52199"}],"wp:attachment":[{"href":"http:\/\/wp-pgs-equipements-adrien-phaneuf.elidevapp1aws.elisys-servers.ca\/fr\/wp-json\/wp\/v2\/media?parent=41290"}],"wp:term":[{"taxonomy":"product-sub-category","embeddable":true,"href":"http:\/\/wp-pgs-equipements-adrien-phaneuf.elidevapp1aws.elisys-servers.ca\/fr\/wp-json\/wp\/v2\/product-sub-category?post=41290"},{"taxonomy":"brand","embeddable":true,"href":"http:\/\/wp-pgs-equipements-adrien-phaneuf.elidevapp1aws.elisys-servers.ca\/fr\/wp-json\/wp\/v2\/brand?post=41290"},{"taxonomy":"product-third-category","embeddable":true,"href":"http:\/\/wp-pgs-equipements-adrien-phaneuf.elidevapp1aws.elisys-servers.ca\/fr\/wp-json\/wp\/v2\/product-third-category?post=41290"}],"curies":[{"name":"wp","href":"https:\/\/api.w.org\/{rel}","templated":true}]}}