{"id":41294,"date":"2021-05-31T16:51:33","date_gmt":"2021-05-31T20:51:33","guid":{"rendered":"http:\/\/wp-pgs-equipements-adrien-phaneuf.elidevapp1aws.elisys-servers.ca\/?post_type=product&#038;p=41294"},"modified":"2025-09-30T06:04:48","modified_gmt":"2025-09-30T10:04:48","slug":"barre-de-remplacement-de-12-pour-scie-a-chaine-20-v-dwzcsb12","status":"publish","type":"product","link":"http:\/\/wp-pgs-equipements-adrien-phaneuf.elidevapp1aws.elisys-servers.ca\/fr\/produit\/barre-de-remplacement-de-12-pour-scie-a-chaine-20-v-dwzcsb12\/","title":{"rendered":"Barre de remplacement de 12&Prime; pour scie \u00e0 cha\u00eene 20 V (DWZCSB12)"},"content":{"rendered":"<p>La barre de scie \u00e0 cha\u00eene de 12 po durable et r\u00e9sistante \u00e0 l&rsquo;eau est con\u00e7ue pour s&rsquo;adapter aux cha\u00eenes de 12 po de la scie \u00e0 cha\u00eene sans fil 20 V MAX (DCCS620). Cette barre est con\u00e7ue pour couper en douceur et rapidement avec un minimum de rebond.<\/p>\n","protected":false},"excerpt":{"rendered":"<p>La barre de scie \u00e0 cha\u00eene de 12 po durable et r\u00e9sistante \u00e0 l&rsquo;eau est con\u00e7ue pour s&rsquo;adapter aux cha\u00eenes de 12 po de la scie \u00e0 cha\u00eene sans fil 20 V MAX (DCCS620). Cette barre est con\u00e7ue pour couper en douceur et rapidement avec un minimum de rebond.<\/p>\n","protected":false},"featured_media":52197,"template":"","meta":[],"product-sub-category":[253,368,370],"brand":[254],"product-third-category":[],"acf":{"product_stock_upton":"1","product_stock_marieville":"","product_stock_shefford":"","product_stock_victoriaville":"","product_stock_durantaye":"","product_stock_stematine":"","product_stock_stclet":"","product_stock_huntingdon":"","product_vendor":"RVI","child_inventory_variation":""},"_links":{"self":[{"href":"http:\/\/wp-pgs-equipements-adrien-phaneuf.elidevapp1aws.elisys-servers.ca\/fr\/wp-json\/wp\/v2\/product\/41294"}],"collection":[{"href":"http:\/\/wp-pgs-equipements-adrien-phaneuf.elidevapp1aws.elisys-servers.ca\/fr\/wp-json\/wp\/v2\/product"}],"about":[{"href":"http:\/\/wp-pgs-equipements-adrien-phaneuf.elidevapp1aws.elisys-servers.ca\/fr\/wp-json\/wp\/v2\/types\/product"}],"wp:featuredmedia":[{"embeddable":true,"href":"http:\/\/wp-pgs-equipements-adrien-phaneuf.elidevapp1aws.elisys-servers.ca\/fr\/wp-json\/wp\/v2\/media\/52197"}],"wp:attachment":[{"href":"http:\/\/wp-pgs-equipements-adrien-phaneuf.elidevapp1aws.elisys-servers.ca\/fr\/wp-json\/wp\/v2\/media?parent=41294"}],"wp:term":[{"taxonomy":"product-sub-category","embeddable":true,"href":"http:\/\/wp-pgs-equipements-adrien-phaneuf.elidevapp1aws.elisys-servers.ca\/fr\/wp-json\/wp\/v2\/product-sub-category?post=41294"},{"taxonomy":"brand","embeddable":true,"href":"http:\/\/wp-pgs-equipements-adrien-phaneuf.elidevapp1aws.elisys-servers.ca\/fr\/wp-json\/wp\/v2\/brand?post=41294"},{"taxonomy":"product-third-category","embeddable":true,"href":"http:\/\/wp-pgs-equipements-adrien-phaneuf.elidevapp1aws.elisys-servers.ca\/fr\/wp-json\/wp\/v2\/product-third-category?post=41294"}],"curies":[{"name":"wp","href":"https:\/\/api.w.org\/{rel}","templated":true}]}}