{"id":41342,"date":"2021-06-17T08:56:11","date_gmt":"2021-06-17T12:56:11","guid":{"rendered":"http:\/\/wp-pgs-equipements-adrien-phaneuf.elidevapp1aws.elisys-servers.ca\/?post_type=product&#038;p=41342"},"modified":"2025-09-30T06:04:50","modified_gmt":"2025-09-30T10:04:50","slug":"lame-9-pour-tronconneuse-60-v-dwafv8918","status":"publish","type":"product","link":"http:\/\/wp-pgs-equipements-adrien-phaneuf.elidevapp1aws.elisys-servers.ca\/fr\/produit\/lame-9-pour-tronconneuse-60-v-dwafv8918\/","title":{"rendered":"Lame 9&Prime; pour tron\u00e7onneuse 60 V (DWAFV8918)"},"content":{"rendered":"<p>Lame pour m\u00e9tal pour tron\u00e7onneuse Dewalt 60 V de 9&Prime; x 5\/64&Prime; x 7\/8&Prime;.<\/p>\n","protected":false},"excerpt":{"rendered":"<p>Lame pour m\u00e9tal pour tron\u00e7onneuse Dewalt 60 V de 9&Prime; x 5\/64&Prime; x 7\/8&Prime;.<\/p>\n","protected":false},"featured_media":41343,"template":"","meta":[],"product-sub-category":[253],"brand":[254],"product-third-category":[],"acf":{"product_stock_upton":"1","product_stock_marieville":"","product_stock_shefford":"0","product_stock_victoriaville":"3","product_stock_durantaye":"1","product_stock_stematine":"","product_stock_stclet":"1","product_stock_huntingdon":"","product_vendor":"RVI","child_inventory_variation":""},"_links":{"self":[{"href":"http:\/\/wp-pgs-equipements-adrien-phaneuf.elidevapp1aws.elisys-servers.ca\/fr\/wp-json\/wp\/v2\/product\/41342"}],"collection":[{"href":"http:\/\/wp-pgs-equipements-adrien-phaneuf.elidevapp1aws.elisys-servers.ca\/fr\/wp-json\/wp\/v2\/product"}],"about":[{"href":"http:\/\/wp-pgs-equipements-adrien-phaneuf.elidevapp1aws.elisys-servers.ca\/fr\/wp-json\/wp\/v2\/types\/product"}],"wp:featuredmedia":[{"embeddable":true,"href":"http:\/\/wp-pgs-equipements-adrien-phaneuf.elidevapp1aws.elisys-servers.ca\/fr\/wp-json\/wp\/v2\/media\/41343"}],"wp:attachment":[{"href":"http:\/\/wp-pgs-equipements-adrien-phaneuf.elidevapp1aws.elisys-servers.ca\/fr\/wp-json\/wp\/v2\/media?parent=41342"}],"wp:term":[{"taxonomy":"product-sub-category","embeddable":true,"href":"http:\/\/wp-pgs-equipements-adrien-phaneuf.elidevapp1aws.elisys-servers.ca\/fr\/wp-json\/wp\/v2\/product-sub-category?post=41342"},{"taxonomy":"brand","embeddable":true,"href":"http:\/\/wp-pgs-equipements-adrien-phaneuf.elidevapp1aws.elisys-servers.ca\/fr\/wp-json\/wp\/v2\/brand?post=41342"},{"taxonomy":"product-third-category","embeddable":true,"href":"http:\/\/wp-pgs-equipements-adrien-phaneuf.elidevapp1aws.elisys-servers.ca\/fr\/wp-json\/wp\/v2\/product-third-category?post=41342"}],"curies":[{"name":"wp","href":"https:\/\/api.w.org\/{rel}","templated":true}]}}