{"id":41377,"date":"2021-06-17T15:02:48","date_gmt":"2021-06-17T19:02:48","guid":{"rendered":"http:\/\/wp-pgs-equipements-adrien-phaneuf.elidevapp1aws.elisys-servers.ca\/?post_type=product&#038;p=41377"},"modified":"2023-12-07T10:53:11","modified_gmt":"2023-12-07T15:53:11","slug":"coupe-haie-sur-perche-20-v-max-outil-seulement-dcph820b","status":"publish","type":"product","link":"http:\/\/wp-pgs-equipements-adrien-phaneuf.elidevapp1aws.elisys-servers.ca\/fr\/produit\/coupe-haie-sur-perche-20-v-max-outil-seulement-dcph820b\/","title":{"rendered":"Coupe-haie sur perche 20 V MAX (outil seulement) (DCPH820B)"},"content":{"rendered":"<p>Ce taille-haie sur perche est con\u00e7u pour couper \u00e0 travers une vari\u00e9t\u00e9 de v\u00e9g\u00e9tation luxuriante. Le taille-haie sur perche est dot\u00e9 d&rsquo;un moteur \u00e0 haut rendement et de lames d\u00e9coup\u00e9es au laser en acier tremp\u00e9 de 22 po con\u00e7ues pour des coupes nettes et rapides sur des branches jusqu&rsquo;\u00e0 1 po d&rsquo;\u00e9paisseur. La t\u00eate articul\u00e9e \u00e0 7 positions, 180\u2070, vous permet de personnaliser les angles de coupe pour les haies de toutes formes et tailles. Lorsqu&rsquo;il est compl\u00e8tement d\u00e9ploy\u00e9, le taille-haie sur perche peut \u00eatre \u00e9tendu jusqu&rsquo;\u00e0 une port\u00e9e maximale de 12 pi.<\/p>\n","protected":false},"excerpt":{"rendered":"<p>Ce taille-haie sur perche est con\u00e7u pour couper \u00e0 travers une vari\u00e9t\u00e9 de v\u00e9g\u00e9tation luxuriante. Le taille-haie sur perche est dot\u00e9 d&rsquo;un moteur \u00e0 haut rendement et de lames d\u00e9coup\u00e9es au laser en acier tremp\u00e9 de 22 po con\u00e7ues pour des coupes nettes et rapides sur des branches jusqu&rsquo;\u00e0 1 po d&rsquo;\u00e9paisseur. La t\u00eate articul\u00e9e &hellip; <a href=\"http:\/\/wp-pgs-equipements-adrien-phaneuf.elidevapp1aws.elisys-servers.ca\/fr\/produit\/coupe-haie-sur-perche-20-v-max-outil-seulement-dcph820b\/\">Suite<\/a><\/p>\n","protected":false},"featured_media":52185,"template":"","meta":[],"product-sub-category":[253,368,370],"brand":[254],"product-third-category":[],"acf":{"product_stock_upton":"1","product_stock_marieville":"0","product_stock_shefford":"","product_stock_victoriaville":"","product_stock_durantaye":"","product_stock_stematine":"","product_stock_stclet":"","product_stock_huntingdon":"","product_vendor":"RVI","child_inventory_variation":""},"_links":{"self":[{"href":"http:\/\/wp-pgs-equipements-adrien-phaneuf.elidevapp1aws.elisys-servers.ca\/fr\/wp-json\/wp\/v2\/product\/41377"}],"collection":[{"href":"http:\/\/wp-pgs-equipements-adrien-phaneuf.elidevapp1aws.elisys-servers.ca\/fr\/wp-json\/wp\/v2\/product"}],"about":[{"href":"http:\/\/wp-pgs-equipements-adrien-phaneuf.elidevapp1aws.elisys-servers.ca\/fr\/wp-json\/wp\/v2\/types\/product"}],"wp:featuredmedia":[{"embeddable":true,"href":"http:\/\/wp-pgs-equipements-adrien-phaneuf.elidevapp1aws.elisys-servers.ca\/fr\/wp-json\/wp\/v2\/media\/52185"}],"wp:attachment":[{"href":"http:\/\/wp-pgs-equipements-adrien-phaneuf.elidevapp1aws.elisys-servers.ca\/fr\/wp-json\/wp\/v2\/media?parent=41377"}],"wp:term":[{"taxonomy":"product-sub-category","embeddable":true,"href":"http:\/\/wp-pgs-equipements-adrien-phaneuf.elidevapp1aws.elisys-servers.ca\/fr\/wp-json\/wp\/v2\/product-sub-category?post=41377"},{"taxonomy":"brand","embeddable":true,"href":"http:\/\/wp-pgs-equipements-adrien-phaneuf.elidevapp1aws.elisys-servers.ca\/fr\/wp-json\/wp\/v2\/brand?post=41377"},{"taxonomy":"product-third-category","embeddable":true,"href":"http:\/\/wp-pgs-equipements-adrien-phaneuf.elidevapp1aws.elisys-servers.ca\/fr\/wp-json\/wp\/v2\/product-third-category?post=41377"}],"curies":[{"name":"wp","href":"https:\/\/api.w.org\/{rel}","templated":true}]}}