{"id":41405,"date":"2021-06-18T09:12:20","date_gmt":"2021-06-18T13:12:20","guid":{"rendered":"http:\/\/wp-pgs-equipements-adrien-phaneuf.elidevapp1aws.elisys-servers.ca\/?post_type=product&#038;p=41405"},"modified":"2023-12-07T09:59:15","modified_gmt":"2023-12-07T14:59:15","slug":"pulverisateur-a-pompe-manuelle-2-gallons-dxsp190612","status":"publish","type":"product","link":"http:\/\/wp-pgs-equipements-adrien-phaneuf.elidevapp1aws.elisys-servers.ca\/fr\/produit\/pulverisateur-a-pompe-manuelle-2-gallons-dxsp190612\/","title":{"rendered":"Pulv\u00e9risateur \u00e0 pompe manuelle 2 gallons (DXSP190612)"},"content":{"rendered":"<p>Le pulv\u00e9risateur manuel \u00e0 pompe est con\u00e7u avec un r\u00e9servoir en forme de larme qui est plus large \u00e0 la base pour une stabilit\u00e9 accrue. Le fond du r\u00e9servoir contient un plateau int\u00e9gr\u00e9 pour la protection des buses et le contr\u00f4le des gouttes. Il comprend un tuyau renforc\u00e9 de nylon robuste de 48 po et un syst\u00e8me de d\u00e9charge de traction, qui emp\u00eache le tuyau de se plier au point de sortie des produits chimiques. \u00c9quip\u00e9 d&rsquo;une poign\u00e9e confortable et d&rsquo;un m\u00e9canisme de verrouillage, ce syst\u00e8me d&rsquo;arr\u00eat peut \u00eatre facilement utilis\u00e9 avec des gants de travail r\u00e9sistants. Le pulv\u00e9risateur est livr\u00e9 avec un tube en acier inoxydable robuste et non corrosif de 21 pouces, qui est 4 fois plus r\u00e9sistant que le mat\u00e9riau poly. Il contient des joints Viton\u00ae r\u00e9sistants aux produits chimiques dans tout le pulv\u00e9risateur pour r\u00e9sister aux produits chimiques les plus agressifs.<\/p>\n","protected":false},"excerpt":{"rendered":"<p>Le pulv\u00e9risateur manuel \u00e0 pompe est con\u00e7u avec un r\u00e9servoir en forme de larme qui est plus large \u00e0 la base pour une stabilit\u00e9 accrue. Le fond du r\u00e9servoir contient un plateau int\u00e9gr\u00e9 pour la protection des buses et le contr\u00f4le des gouttes. Il comprend un tuyau renforc\u00e9 de nylon robuste de 48 po et &hellip; <a href=\"http:\/\/wp-pgs-equipements-adrien-phaneuf.elidevapp1aws.elisys-servers.ca\/fr\/produit\/pulverisateur-a-pompe-manuelle-2-gallons-dxsp190612\/\">Suite<\/a><\/p>\n","protected":false},"featured_media":52175,"template":"","meta":[],"product-sub-category":[253,368,257],"brand":[254],"product-third-category":[],"acf":{"product_stock_upton":"0","product_stock_marieville":"0","product_stock_shefford":"","product_stock_victoriaville":"","product_stock_durantaye":"","product_stock_stematine":"","product_stock_stclet":"","product_stock_huntingdon":"","product_vendor":"RVI","child_inventory_variation":""},"_links":{"self":[{"href":"http:\/\/wp-pgs-equipements-adrien-phaneuf.elidevapp1aws.elisys-servers.ca\/fr\/wp-json\/wp\/v2\/product\/41405"}],"collection":[{"href":"http:\/\/wp-pgs-equipements-adrien-phaneuf.elidevapp1aws.elisys-servers.ca\/fr\/wp-json\/wp\/v2\/product"}],"about":[{"href":"http:\/\/wp-pgs-equipements-adrien-phaneuf.elidevapp1aws.elisys-servers.ca\/fr\/wp-json\/wp\/v2\/types\/product"}],"wp:featuredmedia":[{"embeddable":true,"href":"http:\/\/wp-pgs-equipements-adrien-phaneuf.elidevapp1aws.elisys-servers.ca\/fr\/wp-json\/wp\/v2\/media\/52175"}],"wp:attachment":[{"href":"http:\/\/wp-pgs-equipements-adrien-phaneuf.elidevapp1aws.elisys-servers.ca\/fr\/wp-json\/wp\/v2\/media?parent=41405"}],"wp:term":[{"taxonomy":"product-sub-category","embeddable":true,"href":"http:\/\/wp-pgs-equipements-adrien-phaneuf.elidevapp1aws.elisys-servers.ca\/fr\/wp-json\/wp\/v2\/product-sub-category?post=41405"},{"taxonomy":"brand","embeddable":true,"href":"http:\/\/wp-pgs-equipements-adrien-phaneuf.elidevapp1aws.elisys-servers.ca\/fr\/wp-json\/wp\/v2\/brand?post=41405"},{"taxonomy":"product-third-category","embeddable":true,"href":"http:\/\/wp-pgs-equipements-adrien-phaneuf.elidevapp1aws.elisys-servers.ca\/fr\/wp-json\/wp\/v2\/product-third-category?post=41405"}],"curies":[{"name":"wp","href":"https:\/\/api.w.org\/{rel}","templated":true}]}}