{"id":41409,"date":"2021-06-18T09:22:09","date_gmt":"2021-06-18T13:22:09","guid":{"rendered":"http:\/\/wp-pgs-equipements-adrien-phaneuf.elidevapp1aws.elisys-servers.ca\/?post_type=product&#038;p=41409"},"modified":"2023-12-07T09:54:25","modified_gmt":"2023-12-07T14:54:25","slug":"pulverisateur-sac-a-dos-a-pompe-interne-4-gallons-dxsp190652","status":"publish","type":"product","link":"http:\/\/wp-pgs-equipements-adrien-phaneuf.elidevapp1aws.elisys-servers.ca\/fr\/produit\/pulverisateur-sac-a-dos-a-pompe-interne-4-gallons-dxsp190652\/","title":{"rendered":"Pulv\u00e9risateur sac \u00e0 dos \u00e0 pompe interne, 4 gallons (DXSP190652)"},"content":{"rendered":"<p>Le pulv\u00e9risateur 4 gallons sac \u00e0 dos \u00e0 pompe \u00e0 piston interne est dot\u00e9 d&rsquo;un harnais de luxe avec de larges bretelles rembourr\u00e9es qui s&rsquo;adaptent parfaitement au torse et \u00e9pousent le contour du corps de l&rsquo;utilisateur. Un harnais de hanches r\u00e9glable aide \u00e0 r\u00e9partir le poids, soulageant les \u00e9paules de l&rsquo;utilisateur. \u00c9quip\u00e9 d&rsquo;une poign\u00e9e confortable et d&rsquo;un m\u00e9canisme de verrouillage, le syst\u00e8me d&rsquo;arr\u00eat peut \u00eatre facilement utilis\u00e9 avec des gants de travail r\u00e9sistants. Plusieurs embouts de buses sont inclus pour une polyvalence \u00e0 la fois dans les taux d&rsquo;application et les mod\u00e8les et peuvent \u00eatre stock\u00e9s dans la ceinture. Comprend un tuyau renforc\u00e9 de nylon robuste de 50 po et un syst\u00e8me de d\u00e9charge de traction qui emp\u00eache le tuyau de se plier au point de sortie des produits chimiques. \u00c0 mesure que les joints s&rsquo;usent avec le temps, l&rsquo;unit\u00e9 maintient les produits chimiques dans le r\u00e9servoir et hors du dos de l&rsquo;utilisateur.<\/p>\n","protected":false},"excerpt":{"rendered":"<p>Le pulv\u00e9risateur 4 gallons sac \u00e0 dos \u00e0 pompe \u00e0 piston interne est dot\u00e9 d&rsquo;un harnais de luxe avec de larges bretelles rembourr\u00e9es qui s&rsquo;adaptent parfaitement au torse et \u00e9pousent le contour du corps de l&rsquo;utilisateur. Un harnais de hanches r\u00e9glable aide \u00e0 r\u00e9partir le poids, soulageant les \u00e9paules de l&rsquo;utilisateur. \u00c9quip\u00e9 d&rsquo;une poign\u00e9e confortable &hellip; <a href=\"http:\/\/wp-pgs-equipements-adrien-phaneuf.elidevapp1aws.elisys-servers.ca\/fr\/produit\/pulverisateur-sac-a-dos-a-pompe-interne-4-gallons-dxsp190652\/\">Suite<\/a><\/p>\n","protected":false},"featured_media":52173,"template":"","meta":[],"product-sub-category":[253,368,257],"brand":[254],"product-third-category":[],"acf":{"product_stock_upton":"","product_stock_marieville":"0","product_stock_shefford":"","product_stock_victoriaville":"","product_stock_durantaye":"","product_stock_stematine":"","product_stock_stclet":"","product_stock_huntingdon":"","product_vendor":"RVI","child_inventory_variation":""},"_links":{"self":[{"href":"http:\/\/wp-pgs-equipements-adrien-phaneuf.elidevapp1aws.elisys-servers.ca\/fr\/wp-json\/wp\/v2\/product\/41409"}],"collection":[{"href":"http:\/\/wp-pgs-equipements-adrien-phaneuf.elidevapp1aws.elisys-servers.ca\/fr\/wp-json\/wp\/v2\/product"}],"about":[{"href":"http:\/\/wp-pgs-equipements-adrien-phaneuf.elidevapp1aws.elisys-servers.ca\/fr\/wp-json\/wp\/v2\/types\/product"}],"wp:featuredmedia":[{"embeddable":true,"href":"http:\/\/wp-pgs-equipements-adrien-phaneuf.elidevapp1aws.elisys-servers.ca\/fr\/wp-json\/wp\/v2\/media\/52173"}],"wp:attachment":[{"href":"http:\/\/wp-pgs-equipements-adrien-phaneuf.elidevapp1aws.elisys-servers.ca\/fr\/wp-json\/wp\/v2\/media?parent=41409"}],"wp:term":[{"taxonomy":"product-sub-category","embeddable":true,"href":"http:\/\/wp-pgs-equipements-adrien-phaneuf.elidevapp1aws.elisys-servers.ca\/fr\/wp-json\/wp\/v2\/product-sub-category?post=41409"},{"taxonomy":"brand","embeddable":true,"href":"http:\/\/wp-pgs-equipements-adrien-phaneuf.elidevapp1aws.elisys-servers.ca\/fr\/wp-json\/wp\/v2\/brand?post=41409"},{"taxonomy":"product-third-category","embeddable":true,"href":"http:\/\/wp-pgs-equipements-adrien-phaneuf.elidevapp1aws.elisys-servers.ca\/fr\/wp-json\/wp\/v2\/product-third-category?post=41409"}],"curies":[{"name":"wp","href":"https:\/\/api.w.org\/{rel}","templated":true}]}}