{"id":41440,"date":"2021-06-18T13:33:22","date_gmt":"2021-06-18T17:33:22","guid":{"rendered":"http:\/\/wp-pgs-equipements-adrien-phaneuf.elidevapp1aws.elisys-servers.ca\/?post_type=product&#038;p=41440"},"modified":"2024-09-30T06:04:13","modified_gmt":"2024-09-30T10:04:13","slug":"coupe-haie-sur-perche-20-v-max-dcph820m1","status":"publish","type":"product","link":"http:\/\/wp-pgs-equipements-adrien-phaneuf.elidevapp1aws.elisys-servers.ca\/fr\/produit\/coupe-haie-sur-perche-20-v-max-dcph820m1\/","title":{"rendered":"Coupe-haie sur perche 20 V MAX (DCPH820M1)"},"content":{"rendered":"<p>Ce taille-haie sur perche est con\u00e7u pour couper \u00e0 travers une vari\u00e9t\u00e9 de v\u00e9g\u00e9tation luxuriante. Le taille-haie sur perche est dot\u00e9 d\u2019un moteur \u00e0 haut rendement et de lames d\u00e9coup\u00e9es au laser en acier tremp\u00e9 de 22 po con\u00e7ues pour des coupes nettes et rapides sur des branches jusqu\u2019\u00e0 1 po d\u2019\u00e9paisseur. La t\u00eate articul\u00e9e \u00e0 7 positions, 180\u2070, vous permet de personnaliser les angles de coupe pour les haies de toutes formes et tailles. Lorsqu\u2019il est compl\u00e8tement d\u00e9ploy\u00e9, le taille-haie sur perche peut \u00eatre \u00e9tendu jusqu\u2019\u00e0 une port\u00e9e maximale de 12 pi.<\/p>\n<ul>\n<li>Batterie et chargeur inclus<\/li>\n<\/ul>\n","protected":false},"excerpt":{"rendered":"<p>Ce taille-haie sur perche est con\u00e7u pour couper \u00e0 travers une vari\u00e9t\u00e9 de v\u00e9g\u00e9tation luxuriante. Le taille-haie sur perche est dot\u00e9 d\u2019un moteur \u00e0 haut rendement et de lames d\u00e9coup\u00e9es au laser en acier tremp\u00e9 de 22 po con\u00e7ues pour des coupes nettes et rapides sur des branches jusqu\u2019\u00e0 1 po d\u2019\u00e9paisseur. La t\u00eate articul\u00e9e &hellip; <a href=\"http:\/\/wp-pgs-equipements-adrien-phaneuf.elidevapp1aws.elisys-servers.ca\/fr\/produit\/coupe-haie-sur-perche-20-v-max-dcph820m1\/\">Suite<\/a><\/p>\n","protected":false},"featured_media":52161,"template":"","meta":[],"product-sub-category":[253,368,370],"brand":[254],"product-third-category":[],"acf":{"product_stock_upton":"0","product_stock_marieville":"0","product_stock_shefford":"","product_stock_victoriaville":"0","product_stock_durantaye":"0","product_stock_stematine":"","product_stock_stclet":"","product_stock_huntingdon":"","product_vendor":"RVI","child_inventory_variation":""},"_links":{"self":[{"href":"http:\/\/wp-pgs-equipements-adrien-phaneuf.elidevapp1aws.elisys-servers.ca\/fr\/wp-json\/wp\/v2\/product\/41440"}],"collection":[{"href":"http:\/\/wp-pgs-equipements-adrien-phaneuf.elidevapp1aws.elisys-servers.ca\/fr\/wp-json\/wp\/v2\/product"}],"about":[{"href":"http:\/\/wp-pgs-equipements-adrien-phaneuf.elidevapp1aws.elisys-servers.ca\/fr\/wp-json\/wp\/v2\/types\/product"}],"wp:featuredmedia":[{"embeddable":true,"href":"http:\/\/wp-pgs-equipements-adrien-phaneuf.elidevapp1aws.elisys-servers.ca\/fr\/wp-json\/wp\/v2\/media\/52161"}],"wp:attachment":[{"href":"http:\/\/wp-pgs-equipements-adrien-phaneuf.elidevapp1aws.elisys-servers.ca\/fr\/wp-json\/wp\/v2\/media?parent=41440"}],"wp:term":[{"taxonomy":"product-sub-category","embeddable":true,"href":"http:\/\/wp-pgs-equipements-adrien-phaneuf.elidevapp1aws.elisys-servers.ca\/fr\/wp-json\/wp\/v2\/product-sub-category?post=41440"},{"taxonomy":"brand","embeddable":true,"href":"http:\/\/wp-pgs-equipements-adrien-phaneuf.elidevapp1aws.elisys-servers.ca\/fr\/wp-json\/wp\/v2\/brand?post=41440"},{"taxonomy":"product-third-category","embeddable":true,"href":"http:\/\/wp-pgs-equipements-adrien-phaneuf.elidevapp1aws.elisys-servers.ca\/fr\/wp-json\/wp\/v2\/product-third-category?post=41440"}],"curies":[{"name":"wp","href":"https:\/\/api.w.org\/{rel}","templated":true}]}}