{"id":41444,"date":"2021-06-18T13:40:03","date_gmt":"2021-06-18T17:40:03","guid":{"rendered":"http:\/\/wp-pgs-equipements-adrien-phaneuf.elidevapp1aws.elisys-servers.ca\/?post_type=product&#038;p=41444"},"modified":"2025-01-13T06:04:07","modified_gmt":"2025-01-13T11:04:07","slug":"ensemble-pour-nettoyeur-a-haute-pression-sans-fil-550-psi-20-v-max-dcpw550p1","status":"publish","type":"product","link":"http:\/\/wp-pgs-equipements-adrien-phaneuf.elidevapp1aws.elisys-servers.ca\/fr\/produit\/ensemble-pour-nettoyeur-a-haute-pression-sans-fil-550-psi-20-v-max-dcpw550p1\/","title":{"rendered":"Ensemble pour nettoyeur \u00e0 haute pression sans fil 550 psi 20 V MAX (DCPW550P1)"},"content":{"rendered":"<article class=\"pdp-details\" role=\"article\">\n<div class=\"pdp-details__description-wrapper\">\n<p class=\"pdp-details__description\" data-expanded=\"\">Avec son jet dix fois plus puissant qu\u2019un boyau d\u2019arrosage classique, le nettoyeur \u00e0 haute pression DEWALT 20 V MAX est l\u2019arme portative de choix pour vos t\u00e2ches de nettoyage sur le chantier ou \u00e0 domicile. Lorsque l\u2019alimentation \u00e0 partir d\u2019un boyau de jardin est impossible, cet outil polyvalent peut s\u2019approvisionner directement dans n\u2019importe quelle source d\u2019eau douce gr\u00e2ce au tuyau d\u2019aspiration inclus. Gr\u00e2ce \u00e0 son adaptateur \u00e0 branchement rapide, le nettoyeur \u00e0 haute pression se raccorde \u00e0 un boyau d\u2019arrosage. Nettoyez facilement vos outils et votre \u00e9quipement, mais aussi vos terrasses, bateaux, meubles d\u2019ext\u00e9rieur et autres v\u00e9hicules. Pour obtenir le jet convenant \u00e0 la t\u00e2che, s\u00e9lectionnez l\u2019une des quatre buses comprises \u2013 toutes pouvant \u00eatre rang\u00e9es \u00e0 m\u00eame l\u2019appareil \u2013, ou raccordez la bouteille-r\u00e9servoir \u00e0 savon pour s\u2019attaquer aux travaux particuliers. Nouvel ajout \u00e0 la gamme DEWALT 20 V MAX, voil\u00e0 une pi\u00e8ce d\u2019\u00e9quipement qu\u2019appr\u00e9cieront tous les professionnels.<\/p>\n<\/div>\n<\/article>\n<p>&nbsp;<\/p>\n","protected":false},"excerpt":{"rendered":"<p>Avec son jet dix fois plus puissant qu\u2019un boyau d\u2019arrosage classique, le nettoyeur \u00e0 haute pression DEWALT 20 V MAX est l\u2019arme portative de choix pour vos t\u00e2ches de nettoyage sur le chantier ou \u00e0 domicile. Lorsque l\u2019alimentation \u00e0 partir d\u2019un boyau de jardin est impossible, cet outil polyvalent peut s\u2019approvisionner directement dans n\u2019importe quelle &hellip; <a href=\"http:\/\/wp-pgs-equipements-adrien-phaneuf.elidevapp1aws.elisys-servers.ca\/fr\/produit\/ensemble-pour-nettoyeur-a-haute-pression-sans-fil-550-psi-20-v-max-dcpw550p1\/\">Suite<\/a><\/p>\n","protected":false},"featured_media":52159,"template":"","meta":[],"product-sub-category":[253,247,370],"brand":[254],"product-third-category":[],"acf":{"product_stock_upton":"0","product_stock_marieville":"1","product_stock_shefford":"0","product_stock_victoriaville":"","product_stock_durantaye":"","product_stock_stematine":"","product_stock_stclet":"0","product_stock_huntingdon":"","product_vendor":"RVI","child_inventory_variation":""},"_links":{"self":[{"href":"http:\/\/wp-pgs-equipements-adrien-phaneuf.elidevapp1aws.elisys-servers.ca\/fr\/wp-json\/wp\/v2\/product\/41444"}],"collection":[{"href":"http:\/\/wp-pgs-equipements-adrien-phaneuf.elidevapp1aws.elisys-servers.ca\/fr\/wp-json\/wp\/v2\/product"}],"about":[{"href":"http:\/\/wp-pgs-equipements-adrien-phaneuf.elidevapp1aws.elisys-servers.ca\/fr\/wp-json\/wp\/v2\/types\/product"}],"wp:featuredmedia":[{"embeddable":true,"href":"http:\/\/wp-pgs-equipements-adrien-phaneuf.elidevapp1aws.elisys-servers.ca\/fr\/wp-json\/wp\/v2\/media\/52159"}],"wp:attachment":[{"href":"http:\/\/wp-pgs-equipements-adrien-phaneuf.elidevapp1aws.elisys-servers.ca\/fr\/wp-json\/wp\/v2\/media?parent=41444"}],"wp:term":[{"taxonomy":"product-sub-category","embeddable":true,"href":"http:\/\/wp-pgs-equipements-adrien-phaneuf.elidevapp1aws.elisys-servers.ca\/fr\/wp-json\/wp\/v2\/product-sub-category?post=41444"},{"taxonomy":"brand","embeddable":true,"href":"http:\/\/wp-pgs-equipements-adrien-phaneuf.elidevapp1aws.elisys-servers.ca\/fr\/wp-json\/wp\/v2\/brand?post=41444"},{"taxonomy":"product-third-category","embeddable":true,"href":"http:\/\/wp-pgs-equipements-adrien-phaneuf.elidevapp1aws.elisys-servers.ca\/fr\/wp-json\/wp\/v2\/product-third-category?post=41444"}],"curies":[{"name":"wp","href":"https:\/\/api.w.org\/{rel}","templated":true}]}}