{"id":41482,"date":"2021-06-18T15:07:14","date_gmt":"2021-06-18T19:07:14","guid":{"rendered":"http:\/\/wp-pgs-equipements-adrien-phaneuf.elidevapp1aws.elisys-servers.ca\/?post_type=product&#038;p=41482"},"modified":"2025-09-30T06:04:56","modified_gmt":"2025-09-30T10:04:56","slug":"accessoire-taille-bordures-dewalt-dwoas4ed","status":"publish","type":"product","link":"http:\/\/wp-pgs-equipements-adrien-phaneuf.elidevapp1aws.elisys-servers.ca\/fr\/produit\/accessoire-taille-bordures-dewalt-dwoas4ed\/","title":{"rendered":"Accessoire taille-bordures Dewalt (DWOAS4ED)"},"content":{"rendered":"<p>Obtenez la polyvalence et la puissance de coupe requises pour abattre la besogne avec l\u2019accessoire de coupe universel de DEWALT. Cet ajout adaptable transformera commod\u00e9ment votre outil MULTI-ACCESSOIRES en taille-bordure performant. Accomplissez une diversit\u00e9 de t\u00e2ches gr\u00e2ce \u00e0 la lame en acier tremp\u00e9 de 7-1\/2\u00a0po dont la profondeur de coupe est r\u00e9glable jusqu\u2019\u00e0 2-1\/2\u00a0po. D\u2019autres accessoires sont offerts pour transformer l\u2019outil au gr\u00e9 des besoins.<\/p>\n","protected":false},"excerpt":{"rendered":"<p>Obtenez la polyvalence et la puissance de coupe requises pour abattre la besogne avec l\u2019accessoire de coupe universel de DEWALT. Cet ajout adaptable transformera commod\u00e9ment votre outil MULTI-ACCESSOIRES en taille-bordure performant. Accomplissez une diversit\u00e9 de t\u00e2ches gr\u00e2ce \u00e0 la lame en acier tremp\u00e9 de 7-1\/2\u00a0po dont la profondeur de coupe est r\u00e9glable jusqu\u2019\u00e0 2-1\/2\u00a0po. D\u2019autres &hellip; <a href=\"http:\/\/wp-pgs-equipements-adrien-phaneuf.elidevapp1aws.elisys-servers.ca\/fr\/produit\/accessoire-taille-bordures-dewalt-dwoas4ed\/\">Suite<\/a><\/p>\n","protected":false},"featured_media":52143,"template":"","meta":[],"product-sub-category":[253,368],"brand":[254],"product-third-category":[],"acf":{"product_stock_upton":"1","product_stock_marieville":"0","product_stock_shefford":"","product_stock_victoriaville":"","product_stock_durantaye":"","product_stock_stematine":"","product_stock_stclet":"","product_stock_huntingdon":"","product_vendor":"RVI","child_inventory_variation":""},"_links":{"self":[{"href":"http:\/\/wp-pgs-equipements-adrien-phaneuf.elidevapp1aws.elisys-servers.ca\/fr\/wp-json\/wp\/v2\/product\/41482"}],"collection":[{"href":"http:\/\/wp-pgs-equipements-adrien-phaneuf.elidevapp1aws.elisys-servers.ca\/fr\/wp-json\/wp\/v2\/product"}],"about":[{"href":"http:\/\/wp-pgs-equipements-adrien-phaneuf.elidevapp1aws.elisys-servers.ca\/fr\/wp-json\/wp\/v2\/types\/product"}],"wp:featuredmedia":[{"embeddable":true,"href":"http:\/\/wp-pgs-equipements-adrien-phaneuf.elidevapp1aws.elisys-servers.ca\/fr\/wp-json\/wp\/v2\/media\/52143"}],"wp:attachment":[{"href":"http:\/\/wp-pgs-equipements-adrien-phaneuf.elidevapp1aws.elisys-servers.ca\/fr\/wp-json\/wp\/v2\/media?parent=41482"}],"wp:term":[{"taxonomy":"product-sub-category","embeddable":true,"href":"http:\/\/wp-pgs-equipements-adrien-phaneuf.elidevapp1aws.elisys-servers.ca\/fr\/wp-json\/wp\/v2\/product-sub-category?post=41482"},{"taxonomy":"brand","embeddable":true,"href":"http:\/\/wp-pgs-equipements-adrien-phaneuf.elidevapp1aws.elisys-servers.ca\/fr\/wp-json\/wp\/v2\/brand?post=41482"},{"taxonomy":"product-third-category","embeddable":true,"href":"http:\/\/wp-pgs-equipements-adrien-phaneuf.elidevapp1aws.elisys-servers.ca\/fr\/wp-json\/wp\/v2\/product-third-category?post=41482"}],"curies":[{"name":"wp","href":"https:\/\/api.w.org\/{rel}","templated":true}]}}