{"id":41486,"date":"2021-06-18T15:11:20","date_gmt":"2021-06-18T19:11:20","guid":{"rendered":"http:\/\/wp-pgs-equipements-adrien-phaneuf.elidevapp1aws.elisys-servers.ca\/?post_type=product&#038;p=41486"},"modified":"2025-09-30T06:04:56","modified_gmt":"2025-09-30T10:04:56","slug":"accessoire-de-sciage-sur-manche-dewalt-dwoas6ps","status":"publish","type":"product","link":"http:\/\/wp-pgs-equipements-adrien-phaneuf.elidevapp1aws.elisys-servers.ca\/fr\/produit\/accessoire-de-sciage-sur-manche-dewalt-dwoas6ps\/","title":{"rendered":"Accessoire de sciage sur manche Dewalt (DWOAS6PS)"},"content":{"rendered":"<p>Obtenez la flexibilit\u00e9 et la puissance de coupe dont vous avez besoin pour abattre la besogne avec l\u2019accessoire de sciage sur manche\u00a0DEWALT. Cet ajout multiperformant transformera commod\u00e9ment votre outil MULTI-ACCESSOIRES en outil d\u2019\u00e9lagage. Accomplissez une diversit\u00e9 de t\u00e2ches gr\u00e2ce \u00e0 son guide et sa cha\u00eene de 8\u00a0po autolubrifiants, ainsi que son manche extensible qui accro\u00eet la port\u00e9e. D\u2019autres accessoires sont offerts pour transformer l\u2019outil au gr\u00e9 des besoins.<\/p>\n","protected":false},"excerpt":{"rendered":"<p>Obtenez la flexibilit\u00e9 et la puissance de coupe dont vous avez besoin pour abattre la besogne avec l\u2019accessoire de sciage sur manche\u00a0DEWALT. Cet ajout multiperformant transformera commod\u00e9ment votre outil MULTI-ACCESSOIRES en outil d\u2019\u00e9lagage. Accomplissez une diversit\u00e9 de t\u00e2ches gr\u00e2ce \u00e0 son guide et sa cha\u00eene de 8\u00a0po autolubrifiants, ainsi que son manche extensible qui accro\u00eet &hellip; <a href=\"http:\/\/wp-pgs-equipements-adrien-phaneuf.elidevapp1aws.elisys-servers.ca\/fr\/produit\/accessoire-de-sciage-sur-manche-dewalt-dwoas6ps\/\">Suite<\/a><\/p>\n","protected":false},"featured_media":52141,"template":"","meta":[],"product-sub-category":[253,368],"brand":[254],"product-third-category":[],"acf":{"product_stock_upton":"1","product_stock_marieville":"1","product_stock_shefford":"0","product_stock_victoriaville":"","product_stock_durantaye":"","product_stock_stematine":"0","product_stock_stclet":"0","product_stock_huntingdon":"","product_vendor":"RVI","child_inventory_variation":""},"_links":{"self":[{"href":"http:\/\/wp-pgs-equipements-adrien-phaneuf.elidevapp1aws.elisys-servers.ca\/fr\/wp-json\/wp\/v2\/product\/41486"}],"collection":[{"href":"http:\/\/wp-pgs-equipements-adrien-phaneuf.elidevapp1aws.elisys-servers.ca\/fr\/wp-json\/wp\/v2\/product"}],"about":[{"href":"http:\/\/wp-pgs-equipements-adrien-phaneuf.elidevapp1aws.elisys-servers.ca\/fr\/wp-json\/wp\/v2\/types\/product"}],"wp:featuredmedia":[{"embeddable":true,"href":"http:\/\/wp-pgs-equipements-adrien-phaneuf.elidevapp1aws.elisys-servers.ca\/fr\/wp-json\/wp\/v2\/media\/52141"}],"wp:attachment":[{"href":"http:\/\/wp-pgs-equipements-adrien-phaneuf.elidevapp1aws.elisys-servers.ca\/fr\/wp-json\/wp\/v2\/media?parent=41486"}],"wp:term":[{"taxonomy":"product-sub-category","embeddable":true,"href":"http:\/\/wp-pgs-equipements-adrien-phaneuf.elidevapp1aws.elisys-servers.ca\/fr\/wp-json\/wp\/v2\/product-sub-category?post=41486"},{"taxonomy":"brand","embeddable":true,"href":"http:\/\/wp-pgs-equipements-adrien-phaneuf.elidevapp1aws.elisys-servers.ca\/fr\/wp-json\/wp\/v2\/brand?post=41486"},{"taxonomy":"product-third-category","embeddable":true,"href":"http:\/\/wp-pgs-equipements-adrien-phaneuf.elidevapp1aws.elisys-servers.ca\/fr\/wp-json\/wp\/v2\/product-third-category?post=41486"}],"curies":[{"name":"wp","href":"https:\/\/api.w.org\/{rel}","templated":true}]}}