{"id":41494,"date":"2021-06-18T15:19:02","date_gmt":"2021-06-18T19:19:02","guid":{"rendered":"http:\/\/wp-pgs-equipements-adrien-phaneuf.elidevapp1aws.elisys-servers.ca\/?post_type=product&#038;p=41494"},"modified":"2024-07-19T06:04:22","modified_gmt":"2024-07-19T10:04:22","slug":"accessoire-taille-haie-articule-dewalt-dwoas8ht","status":"publish","type":"product","link":"http:\/\/wp-pgs-equipements-adrien-phaneuf.elidevapp1aws.elisys-servers.ca\/fr\/produit\/accessoire-taille-haie-articule-dewalt-dwoas8ht\/","title":{"rendered":"Accessoire taille-haie articul\u00e9 Dewalt (DWOAS8HT)"},"content":{"rendered":"<p>Obtenez la polyvalence et la puissance de coupe requises pour abattre la besogne avec l\u2019accessoire taille-haie articul\u00e9 de DEWALT. Cet ajout adaptable transformera commod\u00e9ment votre outil MULTI-ACCESSOIRES en taille-haie performant. Accomplissez une diversit\u00e9 de t\u00e2ches gr\u00e2ce \u00e0 la lame en acier tremp\u00e9 de 22\u00a0po \u00e0 mouvement alternatif et la t\u00eate pouvant pivoter sur 135o. D\u2019autres accessoires sont offerts pour transformer l\u2019outil au gr\u00e9 des besoins.<\/p>\n","protected":false},"excerpt":{"rendered":"<p>Obtenez la polyvalence et la puissance de coupe requises pour abattre la besogne avec l\u2019accessoire taille-haie articul\u00e9 de DEWALT. Cet ajout adaptable transformera commod\u00e9ment votre outil MULTI-ACCESSOIRES en taille-haie performant. Accomplissez une diversit\u00e9 de t\u00e2ches gr\u00e2ce \u00e0 la lame en acier tremp\u00e9 de 22\u00a0po \u00e0 mouvement alternatif et la t\u00eate pouvant pivoter sur 135o. D\u2019autres &hellip; <a href=\"http:\/\/wp-pgs-equipements-adrien-phaneuf.elidevapp1aws.elisys-servers.ca\/fr\/produit\/accessoire-taille-haie-articule-dewalt-dwoas8ht\/\">Suite<\/a><\/p>\n","protected":false},"featured_media":52137,"template":"","meta":[],"product-sub-category":[253,368],"brand":[254],"product-third-category":[],"acf":{"product_stock_upton":"0","product_stock_marieville":"1","product_stock_shefford":"","product_stock_victoriaville":"","product_stock_durantaye":"","product_stock_stematine":"0","product_stock_stclet":"","product_stock_huntingdon":"","product_vendor":"RVI","child_inventory_variation":""},"_links":{"self":[{"href":"http:\/\/wp-pgs-equipements-adrien-phaneuf.elidevapp1aws.elisys-servers.ca\/fr\/wp-json\/wp\/v2\/product\/41494"}],"collection":[{"href":"http:\/\/wp-pgs-equipements-adrien-phaneuf.elidevapp1aws.elisys-servers.ca\/fr\/wp-json\/wp\/v2\/product"}],"about":[{"href":"http:\/\/wp-pgs-equipements-adrien-phaneuf.elidevapp1aws.elisys-servers.ca\/fr\/wp-json\/wp\/v2\/types\/product"}],"wp:featuredmedia":[{"embeddable":true,"href":"http:\/\/wp-pgs-equipements-adrien-phaneuf.elidevapp1aws.elisys-servers.ca\/fr\/wp-json\/wp\/v2\/media\/52137"}],"wp:attachment":[{"href":"http:\/\/wp-pgs-equipements-adrien-phaneuf.elidevapp1aws.elisys-servers.ca\/fr\/wp-json\/wp\/v2\/media?parent=41494"}],"wp:term":[{"taxonomy":"product-sub-category","embeddable":true,"href":"http:\/\/wp-pgs-equipements-adrien-phaneuf.elidevapp1aws.elisys-servers.ca\/fr\/wp-json\/wp\/v2\/product-sub-category?post=41494"},{"taxonomy":"brand","embeddable":true,"href":"http:\/\/wp-pgs-equipements-adrien-phaneuf.elidevapp1aws.elisys-servers.ca\/fr\/wp-json\/wp\/v2\/brand?post=41494"},{"taxonomy":"product-third-category","embeddable":true,"href":"http:\/\/wp-pgs-equipements-adrien-phaneuf.elidevapp1aws.elisys-servers.ca\/fr\/wp-json\/wp\/v2\/product-third-category?post=41494"}],"curies":[{"name":"wp","href":"https:\/\/api.w.org\/{rel}","templated":true}]}}