{"id":44719,"date":"2021-11-10T16:28:18","date_gmt":"2021-11-10T21:28:18","guid":{"rendered":"http:\/\/wp-pgs-equipements-adrien-phaneuf.elidevapp1aws.elisys-servers.ca\/?post_type=product&#038;p=44719"},"modified":"2025-09-30T06:04:58","modified_gmt":"2025-09-30T10:04:58","slug":"tracteur-case-ih-avec-fermier-48-pieces-imx39500","status":"publish","type":"product","link":"http:\/\/wp-pgs-equipements-adrien-phaneuf.elidevapp1aws.elisys-servers.ca\/fr\/produit\/tracteur-case-ih-avec-fermier-48-pieces-imx39500\/","title":{"rendered":"Tracteur Case IH avec fermier &#8211; 48 pi\u00e8ces (IMX39500)"},"content":{"rendered":"<p>Fabriqu\u00e9 \u00e0 partir de plastique ABS s\u00fbr et durable, le tracteur Case IH # IMX39500 est un kit de construction amusant et \u00e9ducatif con\u00e7u pour durer. Les briques sont compatibles avec toutes les grandes marques pour agr\u00e9menter la collection actuelle de votre enfant.<\/p>\n<p>\u2022 Kit de blocs de construction IMEX (48\u00a0pi\u00e8ces)<br \/>\n\u2022 Compatible avec d&rsquo;autres blocs de construction<br \/>\n\u2022 4 1\/2&Prime; de long x 2 1\/2&Prime; de large x 3 1\/4&Prime; de haut<br \/>\n\u2022 5 ans et plus<br \/>\nPoids\u00a0: 0,181\u00a0kg<\/p>\n","protected":false},"excerpt":{"rendered":"<p>Fabriqu\u00e9 \u00e0 partir de plastique ABS s\u00fbr et durable, le tracteur Case IH # IMX39500 est un kit de construction amusant et \u00e9ducatif con\u00e7u pour durer. Les briques sont compatibles avec toutes les grandes marques pour agr\u00e9menter la collection actuelle de votre enfant. \u2022 Kit de blocs de construction IMEX (48\u00a0pi\u00e8ces) \u2022 Compatible avec d&rsquo;autres &hellip; <a href=\"http:\/\/wp-pgs-equipements-adrien-phaneuf.elidevapp1aws.elisys-servers.ca\/fr\/produit\/tracteur-case-ih-avec-fermier-48-pieces-imx39500\/\">Suite<\/a><\/p>\n","protected":false},"featured_media":44720,"template":"","meta":[],"product-sub-category":[227],"brand":[111],"product-third-category":[],"acf":{"product_stock_upton":"0","product_stock_marieville":"0","product_stock_shefford":"","product_stock_victoriaville":"0","product_stock_durantaye":"","product_stock_stematine":"1","product_stock_stclet":"","product_stock_huntingdon":"","product_vendor":"CAS","child_inventory_variation":""},"_links":{"self":[{"href":"http:\/\/wp-pgs-equipements-adrien-phaneuf.elidevapp1aws.elisys-servers.ca\/fr\/wp-json\/wp\/v2\/product\/44719"}],"collection":[{"href":"http:\/\/wp-pgs-equipements-adrien-phaneuf.elidevapp1aws.elisys-servers.ca\/fr\/wp-json\/wp\/v2\/product"}],"about":[{"href":"http:\/\/wp-pgs-equipements-adrien-phaneuf.elidevapp1aws.elisys-servers.ca\/fr\/wp-json\/wp\/v2\/types\/product"}],"wp:featuredmedia":[{"embeddable":true,"href":"http:\/\/wp-pgs-equipements-adrien-phaneuf.elidevapp1aws.elisys-servers.ca\/fr\/wp-json\/wp\/v2\/media\/44720"}],"wp:attachment":[{"href":"http:\/\/wp-pgs-equipements-adrien-phaneuf.elidevapp1aws.elisys-servers.ca\/fr\/wp-json\/wp\/v2\/media?parent=44719"}],"wp:term":[{"taxonomy":"product-sub-category","embeddable":true,"href":"http:\/\/wp-pgs-equipements-adrien-phaneuf.elidevapp1aws.elisys-servers.ca\/fr\/wp-json\/wp\/v2\/product-sub-category?post=44719"},{"taxonomy":"brand","embeddable":true,"href":"http:\/\/wp-pgs-equipements-adrien-phaneuf.elidevapp1aws.elisys-servers.ca\/fr\/wp-json\/wp\/v2\/brand?post=44719"},{"taxonomy":"product-third-category","embeddable":true,"href":"http:\/\/wp-pgs-equipements-adrien-phaneuf.elidevapp1aws.elisys-servers.ca\/fr\/wp-json\/wp\/v2\/product-third-category?post=44719"}],"curies":[{"name":"wp","href":"https:\/\/api.w.org\/{rel}","templated":true}]}}