{"id":44733,"date":"2021-11-10T16:53:09","date_gmt":"2021-11-10T21:53:09","guid":{"rendered":"http:\/\/wp-pgs-equipements-adrien-phaneuf.elidevapp1aws.elisys-servers.ca\/?post_type=product&#038;p=44733"},"modified":"2024-06-25T16:07:54","modified_gmt":"2024-06-25T20:07:54","slug":"camionnette-avec-remorque-tracteur-case-ih-et-fermier-231-pieces-imx39507","status":"publish","type":"product","link":"http:\/\/wp-pgs-equipements-adrien-phaneuf.elidevapp1aws.elisys-servers.ca\/fr\/produit\/camionnette-avec-remorque-tracteur-case-ih-et-fermier-231-pieces-imx39507\/","title":{"rendered":"Camionnette avec remorque, tracteur Case IH et fermier &#8211; 231 pi\u00e8ces (IMX39507)"},"content":{"rendered":"<p>Fabriqu\u00e9 \u00e0 partir de plastique ABS s\u00fbr et durable, le tracteur Case IH est un kit de blocs de construction amusant et \u00e9ducatif con\u00e7u pour durer. Les briques sont compatibles avec toutes les grandes marques pour agr\u00e9menter la collection actuelle de votre enfant.<\/p>\n<p>\u2022 Kit de blocs de construction IMEX (231 pi\u00e8ces)<br \/>\n\u2022 Compatible avec d&rsquo;autres blocs de construction<br \/>\n\u2022 14 1\/2&Prime; de long x 2 1\/2&Prime; de large x 3 1\/4&Prime; de haut<br \/>\n\u2022 5 ans et plus<br \/>\nPoids\u00a0: 0,68\u00a0kg<\/p>\n","protected":false},"excerpt":{"rendered":"<p>Fabriqu\u00e9 \u00e0 partir de plastique ABS s\u00fbr et durable, le tracteur Case IH est un kit de blocs de construction amusant et \u00e9ducatif con\u00e7u pour durer. Les briques sont compatibles avec toutes les grandes marques pour agr\u00e9menter la collection actuelle de votre enfant. \u2022 Kit de blocs de construction IMEX (231 pi\u00e8ces) \u2022 Compatible avec &hellip; <a href=\"http:\/\/wp-pgs-equipements-adrien-phaneuf.elidevapp1aws.elisys-servers.ca\/fr\/produit\/camionnette-avec-remorque-tracteur-case-ih-et-fermier-231-pieces-imx39507\/\">Suite<\/a><\/p>\n","protected":false},"featured_media":44734,"template":"","meta":[],"product-sub-category":[227],"brand":[111],"product-third-category":[],"acf":{"product_stock_upton":"","product_stock_marieville":"","product_stock_shefford":"","product_stock_victoriaville":"1","product_stock_durantaye":"","product_stock_stematine":"","product_stock_stclet":"","product_stock_huntingdon":"","product_vendor":"CAS","child_inventory_variation":""},"_links":{"self":[{"href":"http:\/\/wp-pgs-equipements-adrien-phaneuf.elidevapp1aws.elisys-servers.ca\/fr\/wp-json\/wp\/v2\/product\/44733"}],"collection":[{"href":"http:\/\/wp-pgs-equipements-adrien-phaneuf.elidevapp1aws.elisys-servers.ca\/fr\/wp-json\/wp\/v2\/product"}],"about":[{"href":"http:\/\/wp-pgs-equipements-adrien-phaneuf.elidevapp1aws.elisys-servers.ca\/fr\/wp-json\/wp\/v2\/types\/product"}],"wp:featuredmedia":[{"embeddable":true,"href":"http:\/\/wp-pgs-equipements-adrien-phaneuf.elidevapp1aws.elisys-servers.ca\/fr\/wp-json\/wp\/v2\/media\/44734"}],"wp:attachment":[{"href":"http:\/\/wp-pgs-equipements-adrien-phaneuf.elidevapp1aws.elisys-servers.ca\/fr\/wp-json\/wp\/v2\/media?parent=44733"}],"wp:term":[{"taxonomy":"product-sub-category","embeddable":true,"href":"http:\/\/wp-pgs-equipements-adrien-phaneuf.elidevapp1aws.elisys-servers.ca\/fr\/wp-json\/wp\/v2\/product-sub-category?post=44733"},{"taxonomy":"brand","embeddable":true,"href":"http:\/\/wp-pgs-equipements-adrien-phaneuf.elidevapp1aws.elisys-servers.ca\/fr\/wp-json\/wp\/v2\/brand?post=44733"},{"taxonomy":"product-third-category","embeddable":true,"href":"http:\/\/wp-pgs-equipements-adrien-phaneuf.elidevapp1aws.elisys-servers.ca\/fr\/wp-json\/wp\/v2\/product-third-category?post=44733"}],"curies":[{"name":"wp","href":"https:\/\/api.w.org\/{rel}","templated":true}]}}