{"id":45190,"date":"2021-11-25T11:26:46","date_gmt":"2021-11-25T16:26:46","guid":{"rendered":"http:\/\/wp-pgs-equipements-adrien-phaneuf.elidevapp1aws.elisys-servers.ca\/?post_type=product&#038;p=45190"},"modified":"2024-06-25T16:28:36","modified_gmt":"2024-06-25T20:28:36","slug":"116-case-ih-afs-connect-manum-380-zfn44154","status":"publish","type":"product","link":"http:\/\/wp-pgs-equipements-adrien-phaneuf.elidevapp1aws.elisys-servers.ca\/fr\/produit\/116-case-ih-afs-connect-manum-380-zfn44154\/","title":{"rendered":"1:16 Case IH AFS Connect Magnum 380 (ZFN44154)"},"content":{"rendered":"<p>Le Magnum 380 pr\u00e9sente la nouvelle cabine, la nouvelle calandre et le design int\u00e9rieur, ainsi que des bandes de capot gauche et droite mises \u00e0 jour. Les caract\u00e9ristiques suppl\u00e9mentaires comprennent des roues doubles avant et arri\u00e8re, un attelage \u00e0 3 points qui s&rsquo;\u00e9l\u00e8ve et s&rsquo;abaisse et un r\u00e9cepteur GPS d\u00f4me mis \u00e0 jour sur le toit de la cabine.<\/p>\n<p>\u2022 Conception \u00e0 l&rsquo;\u00e9chelle 1:16<br \/>\n\u2022 14 ans et plus<br \/>\nPoids\u00a0:\u00a04,83\u00a0kg<\/p>\n","protected":false},"excerpt":{"rendered":"<p>Le Magnum 380 pr\u00e9sente la nouvelle cabine, la nouvelle calandre et le design int\u00e9rieur, ainsi que des bandes de capot gauche et droite mises \u00e0 jour. Les caract\u00e9ristiques suppl\u00e9mentaires comprennent des roues doubles avant et arri\u00e8re, un attelage \u00e0 3 points qui s&rsquo;\u00e9l\u00e8ve et s&rsquo;abaisse et un r\u00e9cepteur GPS d\u00f4me mis \u00e0 jour sur le &hellip; <a href=\"http:\/\/wp-pgs-equipements-adrien-phaneuf.elidevapp1aws.elisys-servers.ca\/fr\/produit\/116-case-ih-afs-connect-manum-380-zfn44154\/\">Suite<\/a><\/p>\n","protected":false},"featured_media":45191,"template":"","meta":[],"product-sub-category":[374],"brand":[111],"product-third-category":[],"acf":{"product_stock_upton":"","product_stock_marieville":"0","product_stock_shefford":"","product_stock_victoriaville":"0","product_stock_durantaye":"","product_stock_stematine":"0","product_stock_stclet":"0","product_stock_huntingdon":"1","product_vendor":"CAS","child_inventory_variation":""},"_links":{"self":[{"href":"http:\/\/wp-pgs-equipements-adrien-phaneuf.elidevapp1aws.elisys-servers.ca\/fr\/wp-json\/wp\/v2\/product\/45190"}],"collection":[{"href":"http:\/\/wp-pgs-equipements-adrien-phaneuf.elidevapp1aws.elisys-servers.ca\/fr\/wp-json\/wp\/v2\/product"}],"about":[{"href":"http:\/\/wp-pgs-equipements-adrien-phaneuf.elidevapp1aws.elisys-servers.ca\/fr\/wp-json\/wp\/v2\/types\/product"}],"wp:featuredmedia":[{"embeddable":true,"href":"http:\/\/wp-pgs-equipements-adrien-phaneuf.elidevapp1aws.elisys-servers.ca\/fr\/wp-json\/wp\/v2\/media\/45191"}],"wp:attachment":[{"href":"http:\/\/wp-pgs-equipements-adrien-phaneuf.elidevapp1aws.elisys-servers.ca\/fr\/wp-json\/wp\/v2\/media?parent=45190"}],"wp:term":[{"taxonomy":"product-sub-category","embeddable":true,"href":"http:\/\/wp-pgs-equipements-adrien-phaneuf.elidevapp1aws.elisys-servers.ca\/fr\/wp-json\/wp\/v2\/product-sub-category?post=45190"},{"taxonomy":"brand","embeddable":true,"href":"http:\/\/wp-pgs-equipements-adrien-phaneuf.elidevapp1aws.elisys-servers.ca\/fr\/wp-json\/wp\/v2\/brand?post=45190"},{"taxonomy":"product-third-category","embeddable":true,"href":"http:\/\/wp-pgs-equipements-adrien-phaneuf.elidevapp1aws.elisys-servers.ca\/fr\/wp-json\/wp\/v2\/product-third-category?post=45190"}],"curies":[{"name":"wp","href":"https:\/\/api.w.org\/{rel}","templated":true}]}}