{"id":45263,"date":"2021-11-25T16:19:49","date_gmt":"2021-11-25T21:19:49","guid":{"rendered":"http:\/\/wp-pgs-equipements-adrien-phaneuf.elidevapp1aws.elisys-servers.ca\/?post_type=product&#038;p=45263"},"modified":"2025-09-30T06:05:11","modified_gmt":"2025-09-30T10:05:11","slug":"116-chargeuse-compacte-sur-chenilles-case-tv450b-zfn44196","status":"publish","type":"product","link":"http:\/\/wp-pgs-equipements-adrien-phaneuf.elidevapp1aws.elisys-servers.ca\/fr\/produit\/116-chargeuse-compacte-sur-chenilles-case-tv450b-zfn44196\/","title":{"rendered":"1:16 Chargeuse compacte sur chenilles Case TV450B (ZFN44196)"},"content":{"rendered":"<p>Le CASE TV450B est dot\u00e9 d&rsquo;un corps moul\u00e9 sous pression, de bras de chargeuse et d&rsquo;un godet. Les autres caract\u00e9ristiques comprennent un grillage autour de la cabine, une porte de cabine qui s&rsquo;ouvre, des chenilles rotatives douces et des bras de chargeuse qui se l\u00e8vent et s&rsquo;abaissent.<\/p>\n<p>\u2022 Conception \u00e0 l&rsquo;\u00e9chelle 1:16 par Ertl<br \/>\n\u2022 \u00c2ges\u00a0: 8+<br \/>\nPoids\u00a0:\u00a01,54\u00a0kg<\/p>\n","protected":false},"excerpt":{"rendered":"<p>Le CASE TV450B est dot\u00e9 d&rsquo;un corps moul\u00e9 sous pression, de bras de chargeuse et d&rsquo;un godet. Les autres caract\u00e9ristiques comprennent un grillage autour de la cabine, une porte de cabine qui s&rsquo;ouvre, des chenilles rotatives douces et des bras de chargeuse qui se l\u00e8vent et s&rsquo;abaissent. \u2022 Conception \u00e0 l&rsquo;\u00e9chelle 1:16 par Ertl \u2022 &hellip; <a href=\"http:\/\/wp-pgs-equipements-adrien-phaneuf.elidevapp1aws.elisys-servers.ca\/fr\/produit\/116-chargeuse-compacte-sur-chenilles-case-tv450b-zfn44196\/\">Suite<\/a><\/p>\n","protected":false},"featured_media":45264,"template":"","meta":[],"product-sub-category":[227],"brand":[111],"product-third-category":[],"acf":{"product_stock_upton":"0","product_stock_marieville":"1","product_stock_shefford":"","product_stock_victoriaville":"2","product_stock_durantaye":"","product_stock_stematine":"0","product_stock_stclet":"","product_stock_huntingdon":"0","product_vendor":"CAS","child_inventory_variation":""},"_links":{"self":[{"href":"http:\/\/wp-pgs-equipements-adrien-phaneuf.elidevapp1aws.elisys-servers.ca\/fr\/wp-json\/wp\/v2\/product\/45263"}],"collection":[{"href":"http:\/\/wp-pgs-equipements-adrien-phaneuf.elidevapp1aws.elisys-servers.ca\/fr\/wp-json\/wp\/v2\/product"}],"about":[{"href":"http:\/\/wp-pgs-equipements-adrien-phaneuf.elidevapp1aws.elisys-servers.ca\/fr\/wp-json\/wp\/v2\/types\/product"}],"wp:featuredmedia":[{"embeddable":true,"href":"http:\/\/wp-pgs-equipements-adrien-phaneuf.elidevapp1aws.elisys-servers.ca\/fr\/wp-json\/wp\/v2\/media\/45264"}],"wp:attachment":[{"href":"http:\/\/wp-pgs-equipements-adrien-phaneuf.elidevapp1aws.elisys-servers.ca\/fr\/wp-json\/wp\/v2\/media?parent=45263"}],"wp:term":[{"taxonomy":"product-sub-category","embeddable":true,"href":"http:\/\/wp-pgs-equipements-adrien-phaneuf.elidevapp1aws.elisys-servers.ca\/fr\/wp-json\/wp\/v2\/product-sub-category?post=45263"},{"taxonomy":"brand","embeddable":true,"href":"http:\/\/wp-pgs-equipements-adrien-phaneuf.elidevapp1aws.elisys-servers.ca\/fr\/wp-json\/wp\/v2\/brand?post=45263"},{"taxonomy":"product-third-category","embeddable":true,"href":"http:\/\/wp-pgs-equipements-adrien-phaneuf.elidevapp1aws.elisys-servers.ca\/fr\/wp-json\/wp\/v2\/product-third-category?post=45263"}],"curies":[{"name":"wp","href":"https:\/\/api.w.org\/{rel}","templated":true}]}}