{"id":45267,"date":"2021-11-25T16:37:13","date_gmt":"2021-11-25T21:37:13","guid":{"rendered":"http:\/\/wp-pgs-equipements-adrien-phaneuf.elidevapp1aws.elisys-servers.ca\/?post_type=product&#038;p=45267"},"modified":"2025-09-30T06:05:12","modified_gmt":"2025-09-30T10:05:12","slug":"116-case-sv340b-chargeuse-compacte-zfn44197","status":"publish","type":"product","link":"http:\/\/wp-pgs-equipements-adrien-phaneuf.elidevapp1aws.elisys-servers.ca\/fr\/produit\/116-case-sv340b-chargeuse-compacte-zfn44197\/","title":{"rendered":"1:16 Case SV340B chargeuse compacte (ZFN44197)"},"content":{"rendered":"<p>Le CASE SV340B est dot\u00e9 d&rsquo;une carrosserie moul\u00e9e sous pression, de fen\u00eatres de cabine transparentes et de portes de cabine qui s&rsquo;ouvrent. Les bras du chargeur moul\u00e9s sous pression s&rsquo;\u00e9l\u00e8vent et s&rsquo;abaissent, et le godet moul\u00e9 sous pression pivote.<\/p>\n<p>\u2022 Conception \u00e0 l&rsquo;\u00e9chelle 1:16 par Ertl<br \/>\nPoids\u00a0:\u00a03,4\u00a0kg<\/p>\n","protected":false},"excerpt":{"rendered":"<p>Le CASE SV340B est dot\u00e9 d&rsquo;une carrosserie moul\u00e9e sous pression, de fen\u00eatres de cabine transparentes et de portes de cabine qui s&rsquo;ouvrent. Les bras du chargeur moul\u00e9s sous pression s&rsquo;\u00e9l\u00e8vent et s&rsquo;abaissent, et le godet moul\u00e9 sous pression pivote. \u2022 Conception \u00e0 l&rsquo;\u00e9chelle 1:16 par Ertl Poids\u00a0:\u00a03,4\u00a0kg<\/p>\n","protected":false},"featured_media":45268,"template":"","meta":[],"product-sub-category":[227],"brand":[111],"product-third-category":[],"acf":{"product_stock_upton":"1","product_stock_marieville":"2","product_stock_shefford":"","product_stock_victoriaville":"4","product_stock_durantaye":"","product_stock_stematine":"1","product_stock_stclet":"","product_stock_huntingdon":"","product_vendor":"CAS","child_inventory_variation":""},"_links":{"self":[{"href":"http:\/\/wp-pgs-equipements-adrien-phaneuf.elidevapp1aws.elisys-servers.ca\/fr\/wp-json\/wp\/v2\/product\/45267"}],"collection":[{"href":"http:\/\/wp-pgs-equipements-adrien-phaneuf.elidevapp1aws.elisys-servers.ca\/fr\/wp-json\/wp\/v2\/product"}],"about":[{"href":"http:\/\/wp-pgs-equipements-adrien-phaneuf.elidevapp1aws.elisys-servers.ca\/fr\/wp-json\/wp\/v2\/types\/product"}],"wp:featuredmedia":[{"embeddable":true,"href":"http:\/\/wp-pgs-equipements-adrien-phaneuf.elidevapp1aws.elisys-servers.ca\/fr\/wp-json\/wp\/v2\/media\/45268"}],"wp:attachment":[{"href":"http:\/\/wp-pgs-equipements-adrien-phaneuf.elidevapp1aws.elisys-servers.ca\/fr\/wp-json\/wp\/v2\/media?parent=45267"}],"wp:term":[{"taxonomy":"product-sub-category","embeddable":true,"href":"http:\/\/wp-pgs-equipements-adrien-phaneuf.elidevapp1aws.elisys-servers.ca\/fr\/wp-json\/wp\/v2\/product-sub-category?post=45267"},{"taxonomy":"brand","embeddable":true,"href":"http:\/\/wp-pgs-equipements-adrien-phaneuf.elidevapp1aws.elisys-servers.ca\/fr\/wp-json\/wp\/v2\/brand?post=45267"},{"taxonomy":"product-third-category","embeddable":true,"href":"http:\/\/wp-pgs-equipements-adrien-phaneuf.elidevapp1aws.elisys-servers.ca\/fr\/wp-json\/wp\/v2\/product-third-category?post=45267"}],"curies":[{"name":"wp","href":"https:\/\/api.w.org\/{rel}","templated":true}]}}