{"id":45425,"date":"2021-11-26T14:16:55","date_gmt":"2021-11-26T19:16:55","guid":{"rendered":"http:\/\/wp-pgs-equipements-adrien-phaneuf.elidevapp1aws.elisys-servers.ca\/?post_type=product&#038;p=45425"},"modified":"2025-09-30T06:05:16","modified_gmt":"2025-09-30T10:05:16","slug":"116-tracteur-case-ih-afs-connect-magnum-avec-decalcomanies-zfn44245","status":"publish","type":"product","link":"http:\/\/wp-pgs-equipements-adrien-phaneuf.elidevapp1aws.elisys-servers.ca\/fr\/produit\/116-tracteur-case-ih-afs-connect-magnum-avec-decalcomanies-zfn44245\/","title":{"rendered":"1:16 Tracteur Case IH AFS Connect Magnum avec d\u00e9calcomanies (ZFN44245)"},"content":{"rendered":"<p>Le tracteur Magnum comprend une feuille de d\u00e9calcomanies avec les num\u00e9ros de mod\u00e8le 340, 310, 280 et 250, que vous pouvez apposer sur le tracteur. Les mises \u00e0 jour incluent un nouveau design de cabine, un int\u00e9rieur r\u00e9vis\u00e9, un accoudoir multi-contr\u00f4leurs et de nouvelles extensions d&rsquo;ailes. Les autres caract\u00e9ristiques comprennent des pneus au toucher doux mont\u00e9s sur des roues en plastique, un essieu avant oscillant et des pneus avant MFWD orientables. L&rsquo;attelage arri\u00e8re s&rsquo;adapte \u00e0 la plupart des outils 1:16.<\/p>\n<p>\u2022 Conception \u00e0 l&rsquo;\u00e9chelle 1:16 par Ertl<br \/>\n\u2022 \u00c2ges\u00a0: 8+<br \/>\nPoids\u00a0:\u00a04,83\u00a0kg<\/p>\n","protected":false},"excerpt":{"rendered":"<p>Le tracteur Magnum comprend une feuille de d\u00e9calcomanies avec les num\u00e9ros de mod\u00e8le 340, 310, 280 et 250, que vous pouvez apposer sur le tracteur. Les mises \u00e0 jour incluent un nouveau design de cabine, un int\u00e9rieur r\u00e9vis\u00e9, un accoudoir multi-contr\u00f4leurs et de nouvelles extensions d&rsquo;ailes. Les autres caract\u00e9ristiques comprennent des pneus au toucher doux &hellip; <a href=\"http:\/\/wp-pgs-equipements-adrien-phaneuf.elidevapp1aws.elisys-servers.ca\/fr\/produit\/116-tracteur-case-ih-afs-connect-magnum-avec-decalcomanies-zfn44245\/\">Suite<\/a><\/p>\n","protected":false},"featured_media":45429,"template":"","meta":[],"product-sub-category":[227],"brand":[111],"product-third-category":[],"acf":{"product_stock_upton":"1","product_stock_marieville":"1","product_stock_shefford":"0","product_stock_victoriaville":"1","product_stock_durantaye":"0","product_stock_stematine":"","product_stock_stclet":"","product_stock_huntingdon":"","product_vendor":"CAS","child_inventory_variation":""},"_links":{"self":[{"href":"http:\/\/wp-pgs-equipements-adrien-phaneuf.elidevapp1aws.elisys-servers.ca\/fr\/wp-json\/wp\/v2\/product\/45425"}],"collection":[{"href":"http:\/\/wp-pgs-equipements-adrien-phaneuf.elidevapp1aws.elisys-servers.ca\/fr\/wp-json\/wp\/v2\/product"}],"about":[{"href":"http:\/\/wp-pgs-equipements-adrien-phaneuf.elidevapp1aws.elisys-servers.ca\/fr\/wp-json\/wp\/v2\/types\/product"}],"wp:featuredmedia":[{"embeddable":true,"href":"http:\/\/wp-pgs-equipements-adrien-phaneuf.elidevapp1aws.elisys-servers.ca\/fr\/wp-json\/wp\/v2\/media\/45429"}],"wp:attachment":[{"href":"http:\/\/wp-pgs-equipements-adrien-phaneuf.elidevapp1aws.elisys-servers.ca\/fr\/wp-json\/wp\/v2\/media?parent=45425"}],"wp:term":[{"taxonomy":"product-sub-category","embeddable":true,"href":"http:\/\/wp-pgs-equipements-adrien-phaneuf.elidevapp1aws.elisys-servers.ca\/fr\/wp-json\/wp\/v2\/product-sub-category?post=45425"},{"taxonomy":"brand","embeddable":true,"href":"http:\/\/wp-pgs-equipements-adrien-phaneuf.elidevapp1aws.elisys-servers.ca\/fr\/wp-json\/wp\/v2\/brand?post=45425"},{"taxonomy":"product-third-category","embeddable":true,"href":"http:\/\/wp-pgs-equipements-adrien-phaneuf.elidevapp1aws.elisys-servers.ca\/fr\/wp-json\/wp\/v2\/product-third-category?post=45425"}],"curies":[{"name":"wp","href":"https:\/\/api.w.org\/{rel}","templated":true}]}}