{"id":45583,"date":"2021-11-30T10:08:45","date_gmt":"2021-11-30T15:08:45","guid":{"rendered":"http:\/\/wp-pgs-equipements-adrien-phaneuf.elidevapp1aws.elisys-servers.ca\/?post_type=product&#038;p=45583"},"modified":"2025-09-30T06:05:22","modified_gmt":"2025-09-30T10:05:22","slug":"116-camion-forestier-peterbilt-modele-367-avec-grapin-et-remorque-a-billots-zfn46720","status":"publish","type":"product","link":"http:\/\/wp-pgs-equipements-adrien-phaneuf.elidevapp1aws.elisys-servers.ca\/fr\/produit\/116-camion-forestier-peterbilt-modele-367-avec-grapin-et-remorque-a-billots-zfn46720\/","title":{"rendered":"1:16 Camion forestier Peterbilt mod\u00e8le 367 avec grapin et remorque \u00e0 billots (ZFN46720)"},"content":{"rendered":"<p>Le camion \u00e0 grumes Peterbilt comprend des lumi\u00e8res et des sons, des portes de cabine qui s&rsquo;ouvrent et une direction qui fonctionne. La configuration d&rsquo;exploitation foresti\u00e8re \u00e0 l&rsquo;arri\u00e8re du camion comprend un grappin \u00e0 ressort sur un bras de fl\u00e8che de grue mobile. La remorque pour billots d\u00e9tachable peut contenir 5 billots (10 billots inclus).<\/p>\n<p>\u2022 Conception \u00e0 l&rsquo;\u00e9chelle 1:16 par Ertl<br \/>\n\u2022 N\u00e9cessite 3 piles AAA (incluses)<br \/>\n\u2022 3 ans et plus<br \/>\nPoids\u00a0: 3,157\u00a0kg<\/p>\n","protected":false},"excerpt":{"rendered":"<p>Le camion \u00e0 grumes Peterbilt comprend des lumi\u00e8res et des sons, des portes de cabine qui s&rsquo;ouvrent et une direction qui fonctionne. La configuration d&rsquo;exploitation foresti\u00e8re \u00e0 l&rsquo;arri\u00e8re du camion comprend un grappin \u00e0 ressort sur un bras de fl\u00e8che de grue mobile. La remorque pour billots d\u00e9tachable peut contenir 5 billots (10 billots inclus). &hellip; <a href=\"http:\/\/wp-pgs-equipements-adrien-phaneuf.elidevapp1aws.elisys-servers.ca\/fr\/produit\/116-camion-forestier-peterbilt-modele-367-avec-grapin-et-remorque-a-billots-zfn46720\/\">Suite<\/a><\/p>\n","protected":false},"featured_media":45584,"template":"","meta":[],"product-sub-category":[227],"brand":[111],"product-third-category":[],"acf":{"product_stock_upton":"0","product_stock_marieville":"1","product_stock_shefford":"0","product_stock_victoriaville":"4","product_stock_durantaye":"1","product_stock_stematine":"1","product_stock_stclet":"1","product_stock_huntingdon":"1","product_vendor":"CAS","child_inventory_variation":""},"_links":{"self":[{"href":"http:\/\/wp-pgs-equipements-adrien-phaneuf.elidevapp1aws.elisys-servers.ca\/fr\/wp-json\/wp\/v2\/product\/45583"}],"collection":[{"href":"http:\/\/wp-pgs-equipements-adrien-phaneuf.elidevapp1aws.elisys-servers.ca\/fr\/wp-json\/wp\/v2\/product"}],"about":[{"href":"http:\/\/wp-pgs-equipements-adrien-phaneuf.elidevapp1aws.elisys-servers.ca\/fr\/wp-json\/wp\/v2\/types\/product"}],"wp:featuredmedia":[{"embeddable":true,"href":"http:\/\/wp-pgs-equipements-adrien-phaneuf.elidevapp1aws.elisys-servers.ca\/fr\/wp-json\/wp\/v2\/media\/45584"}],"wp:attachment":[{"href":"http:\/\/wp-pgs-equipements-adrien-phaneuf.elidevapp1aws.elisys-servers.ca\/fr\/wp-json\/wp\/v2\/media?parent=45583"}],"wp:term":[{"taxonomy":"product-sub-category","embeddable":true,"href":"http:\/\/wp-pgs-equipements-adrien-phaneuf.elidevapp1aws.elisys-servers.ca\/fr\/wp-json\/wp\/v2\/product-sub-category?post=45583"},{"taxonomy":"brand","embeddable":true,"href":"http:\/\/wp-pgs-equipements-adrien-phaneuf.elidevapp1aws.elisys-servers.ca\/fr\/wp-json\/wp\/v2\/brand?post=45583"},{"taxonomy":"product-third-category","embeddable":true,"href":"http:\/\/wp-pgs-equipements-adrien-phaneuf.elidevapp1aws.elisys-servers.ca\/fr\/wp-json\/wp\/v2\/product-third-category?post=45583"}],"curies":[{"name":"wp","href":"https:\/\/api.w.org\/{rel}","templated":true}]}}