{"id":45591,"date":"2021-11-30T10:19:01","date_gmt":"2021-11-30T15:19:01","guid":{"rendered":"http:\/\/wp-pgs-equipements-adrien-phaneuf.elidevapp1aws.elisys-servers.ca\/?post_type=product&#038;p=45591"},"modified":"2025-09-30T06:05:23","modified_gmt":"2025-09-30T10:05:23","slug":"116-camion-a-grain-peterbilt-modele-367-et-remorque-zfn46733","status":"publish","type":"product","link":"http:\/\/wp-pgs-equipements-adrien-phaneuf.elidevapp1aws.elisys-servers.ca\/fr\/produit\/116-camion-a-grain-peterbilt-modele-367-et-remorque-zfn46733\/","title":{"rendered":"1:16 Camion \u00e0 grain Peterbilt mod\u00e8le 367 et remorque (ZFN46733)"},"content":{"rendered":"<p>L&rsquo;ensemble camion et remorque comprend des b\u00e2ches amovibles et des caisses basculantes pour un d\u00e9chargement facile. Le camion c\u00e9r\u00e9alier est \u00e9galement dot\u00e9 de lumi\u00e8res et de sons.<\/p>\n<p>\u2022 Conception \u00e0 l&rsquo;\u00e9chelle 1:16 par Ertl<br \/>\n\u2022 N\u00e9cessite 3 piles AAA (incluses)<br \/>\n\u2022 3 ans et plus<br \/>\nPoids\u00a0: 4,31\u00a0kg<\/p>\n","protected":false},"excerpt":{"rendered":"<p>L&rsquo;ensemble camion et remorque comprend des b\u00e2ches amovibles et des caisses basculantes pour un d\u00e9chargement facile. Le camion c\u00e9r\u00e9alier est \u00e9galement dot\u00e9 de lumi\u00e8res et de sons. \u2022 Conception \u00e0 l&rsquo;\u00e9chelle 1:16 par Ertl \u2022 N\u00e9cessite 3 piles AAA (incluses) \u2022 3 ans et plus Poids\u00a0: 4,31\u00a0kg<\/p>\n","protected":false},"featured_media":45592,"template":"","meta":[],"product-sub-category":[227],"brand":[111],"product-third-category":[],"acf":{"product_stock_upton":"1","product_stock_marieville":"","product_stock_shefford":"1","product_stock_victoriaville":"0","product_stock_durantaye":"","product_stock_stematine":"0","product_stock_stclet":"1","product_stock_huntingdon":"","product_vendor":"CAS","child_inventory_variation":""},"_links":{"self":[{"href":"http:\/\/wp-pgs-equipements-adrien-phaneuf.elidevapp1aws.elisys-servers.ca\/fr\/wp-json\/wp\/v2\/product\/45591"}],"collection":[{"href":"http:\/\/wp-pgs-equipements-adrien-phaneuf.elidevapp1aws.elisys-servers.ca\/fr\/wp-json\/wp\/v2\/product"}],"about":[{"href":"http:\/\/wp-pgs-equipements-adrien-phaneuf.elidevapp1aws.elisys-servers.ca\/fr\/wp-json\/wp\/v2\/types\/product"}],"wp:featuredmedia":[{"embeddable":true,"href":"http:\/\/wp-pgs-equipements-adrien-phaneuf.elidevapp1aws.elisys-servers.ca\/fr\/wp-json\/wp\/v2\/media\/45592"}],"wp:attachment":[{"href":"http:\/\/wp-pgs-equipements-adrien-phaneuf.elidevapp1aws.elisys-servers.ca\/fr\/wp-json\/wp\/v2\/media?parent=45591"}],"wp:term":[{"taxonomy":"product-sub-category","embeddable":true,"href":"http:\/\/wp-pgs-equipements-adrien-phaneuf.elidevapp1aws.elisys-servers.ca\/fr\/wp-json\/wp\/v2\/product-sub-category?post=45591"},{"taxonomy":"brand","embeddable":true,"href":"http:\/\/wp-pgs-equipements-adrien-phaneuf.elidevapp1aws.elisys-servers.ca\/fr\/wp-json\/wp\/v2\/brand?post=45591"},{"taxonomy":"product-third-category","embeddable":true,"href":"http:\/\/wp-pgs-equipements-adrien-phaneuf.elidevapp1aws.elisys-servers.ca\/fr\/wp-json\/wp\/v2\/product-third-category?post=45591"}],"curies":[{"name":"wp","href":"https:\/\/api.w.org\/{rel}","templated":true}]}}