{"id":45642,"date":"2021-11-30T16:52:37","date_gmt":"2021-11-30T21:52:37","guid":{"rendered":"http:\/\/wp-pgs-equipements-adrien-phaneuf.elidevapp1aws.elisys-servers.ca\/?post_type=product&#038;p=45642"},"modified":"2025-09-30T06:05:26","modified_gmt":"2025-09-30T10:05:26","slug":"116-chasse-neige-peterbilt-modele-367-dot-zfn47185","status":"publish","type":"product","link":"http:\/\/wp-pgs-equipements-adrien-phaneuf.elidevapp1aws.elisys-servers.ca\/fr\/produit\/116-chasse-neige-peterbilt-modele-367-dot-zfn47185\/","title":{"rendered":"1:16 Chasse-neige Peterbilt mod\u00e8le 367 DOT (ZFN47185)"},"content":{"rendered":"<p>Le mod\u00e8le Peterbilt 367 offre une grande valeur ludique\u00a0! Le chasse-neige amovible s&rsquo;\u00e9l\u00e8ve, s&rsquo;abaisse et pivote \u00e0 gauche et \u00e0 droite, tandis que le hayon s&rsquo;ouvre et que le godet surdimensionn\u00e9 bascule pour le d\u00e9versement. Les autres caract\u00e9ristiques comprennent des lumi\u00e8res et des sons, des portes de cabine qui s&rsquo;ouvrent et des r\u00e9troviseurs lat\u00e9raux r\u00e9glables.<\/p>\n<p>\u2022 Conception \u00e0 l&rsquo;\u00e9chelle 1:16 par Ertl<br \/>\n\u2022 N\u00e9cessite 3 piles AAA (incluses)<br \/>\n\u2022 \u00c2ges\u00a0: 3+<br \/>\nPoids\u00a0:\u00a02.268\u00a0kg<\/p>\n","protected":false},"excerpt":{"rendered":"<p>Le mod\u00e8le Peterbilt 367 offre une grande valeur ludique\u00a0! Le chasse-neige amovible s&rsquo;\u00e9l\u00e8ve, s&rsquo;abaisse et pivote \u00e0 gauche et \u00e0 droite, tandis que le hayon s&rsquo;ouvre et que le godet surdimensionn\u00e9 bascule pour le d\u00e9versement. Les autres caract\u00e9ristiques comprennent des lumi\u00e8res et des sons, des portes de cabine qui s&rsquo;ouvrent et des r\u00e9troviseurs lat\u00e9raux r\u00e9glables. &hellip; <a href=\"http:\/\/wp-pgs-equipements-adrien-phaneuf.elidevapp1aws.elisys-servers.ca\/fr\/produit\/116-chasse-neige-peterbilt-modele-367-dot-zfn47185\/\">Suite<\/a><\/p>\n","protected":false},"featured_media":52529,"template":"","meta":[],"product-sub-category":[227],"brand":[111],"product-third-category":[],"acf":{"product_stock_upton":"1","product_stock_marieville":"1","product_stock_shefford":"0","product_stock_victoriaville":"1","product_stock_durantaye":"0","product_stock_stematine":"1","product_stock_stclet":"1","product_stock_huntingdon":"0","product_vendor":"CAS","child_inventory_variation":""},"_links":{"self":[{"href":"http:\/\/wp-pgs-equipements-adrien-phaneuf.elidevapp1aws.elisys-servers.ca\/fr\/wp-json\/wp\/v2\/product\/45642"}],"collection":[{"href":"http:\/\/wp-pgs-equipements-adrien-phaneuf.elidevapp1aws.elisys-servers.ca\/fr\/wp-json\/wp\/v2\/product"}],"about":[{"href":"http:\/\/wp-pgs-equipements-adrien-phaneuf.elidevapp1aws.elisys-servers.ca\/fr\/wp-json\/wp\/v2\/types\/product"}],"wp:featuredmedia":[{"embeddable":true,"href":"http:\/\/wp-pgs-equipements-adrien-phaneuf.elidevapp1aws.elisys-servers.ca\/fr\/wp-json\/wp\/v2\/media\/52529"}],"wp:attachment":[{"href":"http:\/\/wp-pgs-equipements-adrien-phaneuf.elidevapp1aws.elisys-servers.ca\/fr\/wp-json\/wp\/v2\/media?parent=45642"}],"wp:term":[{"taxonomy":"product-sub-category","embeddable":true,"href":"http:\/\/wp-pgs-equipements-adrien-phaneuf.elidevapp1aws.elisys-servers.ca\/fr\/wp-json\/wp\/v2\/product-sub-category?post=45642"},{"taxonomy":"brand","embeddable":true,"href":"http:\/\/wp-pgs-equipements-adrien-phaneuf.elidevapp1aws.elisys-servers.ca\/fr\/wp-json\/wp\/v2\/brand?post=45642"},{"taxonomy":"product-third-category","embeddable":true,"href":"http:\/\/wp-pgs-equipements-adrien-phaneuf.elidevapp1aws.elisys-servers.ca\/fr\/wp-json\/wp\/v2\/product-third-category?post=45642"}],"curies":[{"name":"wp","href":"https:\/\/api.w.org\/{rel}","templated":true}]}}