{"id":45722,"date":"2021-12-01T16:38:39","date_gmt":"2021-12-01T21:38:39","guid":{"rendered":"http:\/\/wp-pgs-equipements-adrien-phaneuf.elidevapp1aws.elisys-servers.ca\/?post_type=product&#038;p=45722"},"modified":"2025-09-30T06:05:29","modified_gmt":"2025-09-30T10:05:29","slug":"porte-cles-case-ih-en-email-noir-zjd597","status":"publish","type":"product","link":"http:\/\/wp-pgs-equipements-adrien-phaneuf.elidevapp1aws.elisys-servers.ca\/fr\/produit\/porte-cles-case-ih-en-email-noir-zjd597\/","title":{"rendered":"Porte-cl\u00e9s Case IH en \u00e9mail noir (ZJD597)"},"content":{"rendered":"<p>Porte-cl\u00e9s Case IH en \u00e9mail noir<\/p>\n","protected":false},"excerpt":{"rendered":"<p>Porte-cl\u00e9s Case IH en \u00e9mail noir<\/p>\n","protected":false},"featured_media":52511,"template":"","meta":[],"product-sub-category":[263],"brand":[111],"product-third-category":[],"acf":{"product_stock_upton":"9","product_stock_marieville":"0","product_stock_shefford":"0","product_stock_victoriaville":"","product_stock_durantaye":"","product_stock_stematine":"0","product_stock_stclet":"","product_stock_huntingdon":"","product_vendor":"CAS","child_inventory_variation":""},"_links":{"self":[{"href":"http:\/\/wp-pgs-equipements-adrien-phaneuf.elidevapp1aws.elisys-servers.ca\/fr\/wp-json\/wp\/v2\/product\/45722"}],"collection":[{"href":"http:\/\/wp-pgs-equipements-adrien-phaneuf.elidevapp1aws.elisys-servers.ca\/fr\/wp-json\/wp\/v2\/product"}],"about":[{"href":"http:\/\/wp-pgs-equipements-adrien-phaneuf.elidevapp1aws.elisys-servers.ca\/fr\/wp-json\/wp\/v2\/types\/product"}],"wp:featuredmedia":[{"embeddable":true,"href":"http:\/\/wp-pgs-equipements-adrien-phaneuf.elidevapp1aws.elisys-servers.ca\/fr\/wp-json\/wp\/v2\/media\/52511"}],"wp:attachment":[{"href":"http:\/\/wp-pgs-equipements-adrien-phaneuf.elidevapp1aws.elisys-servers.ca\/fr\/wp-json\/wp\/v2\/media?parent=45722"}],"wp:term":[{"taxonomy":"product-sub-category","embeddable":true,"href":"http:\/\/wp-pgs-equipements-adrien-phaneuf.elidevapp1aws.elisys-servers.ca\/fr\/wp-json\/wp\/v2\/product-sub-category?post=45722"},{"taxonomy":"brand","embeddable":true,"href":"http:\/\/wp-pgs-equipements-adrien-phaneuf.elidevapp1aws.elisys-servers.ca\/fr\/wp-json\/wp\/v2\/brand?post=45722"},{"taxonomy":"product-third-category","embeddable":true,"href":"http:\/\/wp-pgs-equipements-adrien-phaneuf.elidevapp1aws.elisys-servers.ca\/fr\/wp-json\/wp\/v2\/product-third-category?post=45722"}],"curies":[{"name":"wp","href":"https:\/\/api.w.org\/{rel}","templated":true}]}}