{"id":45785,"date":"2021-12-02T11:50:34","date_gmt":"2021-12-02T16:50:34","guid":{"rendered":"http:\/\/wp-pgs-equipements-adrien-phaneuf.elidevapp1aws.elisys-servers.ca\/?post_type=product&#038;p=45785"},"modified":"2025-09-30T06:05:32","modified_gmt":"2025-09-30T10:05:32","slug":"116-disque-case-ih-zfn44268","status":"publish","type":"product","link":"http:\/\/wp-pgs-equipements-adrien-phaneuf.elidevapp1aws.elisys-servers.ca\/fr\/produit\/116-disque-case-ih-zfn44268\/","title":{"rendered":"1:16 Disque Case IH (ZFN44268)"},"content":{"rendered":"<p>Un excellent ajout d&rsquo;outil \u00e0 la gamme Case IH\u00a0! Ce disque \u00e0 l&rsquo;\u00e9chelle 1\/16 comporte un cadre moul\u00e9 sous pression. Le logo Case IH se trouve des deux c\u00f4t\u00e9s et \u00e0 l&rsquo;arri\u00e8re du disque. Compatible avec la plupart des tracteurs \u00e0 l&rsquo;\u00e9chelle 1\/16.<\/p>\n","protected":false},"excerpt":{"rendered":"<p>Un excellent ajout d&rsquo;outil \u00e0 la gamme Case IH\u00a0! Ce disque \u00e0 l&rsquo;\u00e9chelle 1\/16 comporte un cadre moul\u00e9 sous pression. Le logo Case IH se trouve des deux c\u00f4t\u00e9s et \u00e0 l&rsquo;arri\u00e8re du disque. Compatible avec la plupart des tracteurs \u00e0 l&rsquo;\u00e9chelle 1\/16.<\/p>\n","protected":false},"featured_media":52501,"template":"","meta":[],"product-sub-category":[227],"brand":[111],"product-third-category":[],"acf":{"product_stock_upton":"1","product_stock_marieville":"0","product_stock_shefford":"","product_stock_victoriaville":"2","product_stock_durantaye":"","product_stock_stematine":"1","product_stock_stclet":"1","product_stock_huntingdon":"1","product_vendor":"CAS","child_inventory_variation":""},"_links":{"self":[{"href":"http:\/\/wp-pgs-equipements-adrien-phaneuf.elidevapp1aws.elisys-servers.ca\/fr\/wp-json\/wp\/v2\/product\/45785"}],"collection":[{"href":"http:\/\/wp-pgs-equipements-adrien-phaneuf.elidevapp1aws.elisys-servers.ca\/fr\/wp-json\/wp\/v2\/product"}],"about":[{"href":"http:\/\/wp-pgs-equipements-adrien-phaneuf.elidevapp1aws.elisys-servers.ca\/fr\/wp-json\/wp\/v2\/types\/product"}],"wp:featuredmedia":[{"embeddable":true,"href":"http:\/\/wp-pgs-equipements-adrien-phaneuf.elidevapp1aws.elisys-servers.ca\/fr\/wp-json\/wp\/v2\/media\/52501"}],"wp:attachment":[{"href":"http:\/\/wp-pgs-equipements-adrien-phaneuf.elidevapp1aws.elisys-servers.ca\/fr\/wp-json\/wp\/v2\/media?parent=45785"}],"wp:term":[{"taxonomy":"product-sub-category","embeddable":true,"href":"http:\/\/wp-pgs-equipements-adrien-phaneuf.elidevapp1aws.elisys-servers.ca\/fr\/wp-json\/wp\/v2\/product-sub-category?post=45785"},{"taxonomy":"brand","embeddable":true,"href":"http:\/\/wp-pgs-equipements-adrien-phaneuf.elidevapp1aws.elisys-servers.ca\/fr\/wp-json\/wp\/v2\/brand?post=45785"},{"taxonomy":"product-third-category","embeddable":true,"href":"http:\/\/wp-pgs-equipements-adrien-phaneuf.elidevapp1aws.elisys-servers.ca\/fr\/wp-json\/wp\/v2\/product-third-category?post=45785"}],"curies":[{"name":"wp","href":"https:\/\/api.w.org\/{rel}","templated":true}]}}