{"id":45797,"date":"2021-12-02T15:07:57","date_gmt":"2021-12-02T20:07:57","guid":{"rendered":"http:\/\/wp-pgs-equipements-adrien-phaneuf.elidevapp1aws.elisys-servers.ca\/?post_type=product&#038;p=45797"},"modified":"2025-09-30T06:05:33","modified_gmt":"2025-09-30T10:05:33","slug":"116-big-farm-case-ih-8240-combine-avec-tete-a-grains-et-tete-de-mais-zfn47391","status":"publish","type":"product","link":"http:\/\/wp-pgs-equipements-adrien-phaneuf.elidevapp1aws.elisys-servers.ca\/fr\/produit\/116-big-farm-case-ih-8240-combine-avec-tete-a-grains-et-tete-de-mais-zfn47391\/","title":{"rendered":"1:16 Moissonneuse-batteuse Case IH 8240 avec t\u00eate \u00e0 grains et t\u00eate de ma\u00efs (ZFN47391)"},"content":{"rendered":"<p>Fait partie de la s\u00e9rie de jouets jouables Big Farm d&rsquo;ERTL<br \/>\nComprend une mise \u00e0 jour du num\u00e9ro de mod\u00e8le vers 8240<br \/>\nComprend \u00e0 la fois une t\u00eate de grain et une t\u00eate de ma\u00efs<br \/>\nLumi\u00e8res et sons<br \/>\nVis rotative mobile<br \/>\nEssieu arri\u00e8re oscillant<br \/>\nRoues arri\u00e8re orientables avec doubles avant amovibles<br \/>\nN\u00e9cessite 3 piles AAA (incluses)<\/p>\n","protected":false},"excerpt":{"rendered":"<p>Fait partie de la s\u00e9rie de jouets jouables Big Farm d&rsquo;ERTL Comprend une mise \u00e0 jour du num\u00e9ro de mod\u00e8le vers 8240 Comprend \u00e0 la fois une t\u00eate de grain et une t\u00eate de ma\u00efs Lumi\u00e8res et sons Vis rotative mobile Essieu arri\u00e8re oscillant Roues arri\u00e8re orientables avec doubles avant amovibles N\u00e9cessite 3 piles AAA &hellip; <a href=\"http:\/\/wp-pgs-equipements-adrien-phaneuf.elidevapp1aws.elisys-servers.ca\/fr\/produit\/116-big-farm-case-ih-8240-combine-avec-tete-a-grains-et-tete-de-mais-zfn47391\/\">Suite<\/a><\/p>\n","protected":false},"featured_media":52497,"template":"","meta":[],"product-sub-category":[227],"brand":[111],"product-third-category":[],"acf":{"product_stock_upton":"1","product_stock_marieville":"2","product_stock_shefford":"1","product_stock_victoriaville":"1","product_stock_durantaye":"1","product_stock_stematine":"0","product_stock_stclet":"1","product_stock_huntingdon":"1","product_vendor":"CAS","child_inventory_variation":""},"_links":{"self":[{"href":"http:\/\/wp-pgs-equipements-adrien-phaneuf.elidevapp1aws.elisys-servers.ca\/fr\/wp-json\/wp\/v2\/product\/45797"}],"collection":[{"href":"http:\/\/wp-pgs-equipements-adrien-phaneuf.elidevapp1aws.elisys-servers.ca\/fr\/wp-json\/wp\/v2\/product"}],"about":[{"href":"http:\/\/wp-pgs-equipements-adrien-phaneuf.elidevapp1aws.elisys-servers.ca\/fr\/wp-json\/wp\/v2\/types\/product"}],"wp:featuredmedia":[{"embeddable":true,"href":"http:\/\/wp-pgs-equipements-adrien-phaneuf.elidevapp1aws.elisys-servers.ca\/fr\/wp-json\/wp\/v2\/media\/52497"}],"wp:attachment":[{"href":"http:\/\/wp-pgs-equipements-adrien-phaneuf.elidevapp1aws.elisys-servers.ca\/fr\/wp-json\/wp\/v2\/media?parent=45797"}],"wp:term":[{"taxonomy":"product-sub-category","embeddable":true,"href":"http:\/\/wp-pgs-equipements-adrien-phaneuf.elidevapp1aws.elisys-servers.ca\/fr\/wp-json\/wp\/v2\/product-sub-category?post=45797"},{"taxonomy":"brand","embeddable":true,"href":"http:\/\/wp-pgs-equipements-adrien-phaneuf.elidevapp1aws.elisys-servers.ca\/fr\/wp-json\/wp\/v2\/brand?post=45797"},{"taxonomy":"product-third-category","embeddable":true,"href":"http:\/\/wp-pgs-equipements-adrien-phaneuf.elidevapp1aws.elisys-servers.ca\/fr\/wp-json\/wp\/v2\/product-third-category?post=45797"}],"curies":[{"name":"wp","href":"https:\/\/api.w.org\/{rel}","templated":true}]}}