{"id":48845,"date":"2022-12-20T16:46:07","date_gmt":"2022-12-20T21:46:07","guid":{"rendered":"http:\/\/wp-pgs-equipements-adrien-phaneuf.elidevapp1aws.elisys-servers.ca\/?post_type=product&#038;p=48845"},"modified":"2025-09-30T06:08:26","modified_gmt":"2025-09-30T10:08:26","slug":"blouson-equalizer-ih01-4065","status":"publish","type":"product","link":"http:\/\/wp-pgs-equipements-adrien-phaneuf.elidevapp1aws.elisys-servers.ca\/fr\/produit\/blouson-equalizer-ih01-4065\/","title":{"rendered":"Blouson Equalizer (IH01-4065)"},"content":{"rendered":"<p>&#8211; Manches et panneaux lat\u00e9raux en tissu contrecoll\u00e9 souple 100% polyester<br \/>\n&#8211; Panneaux doubl\u00e9s et matelass\u00e9s en polyester \u00e0 100%<br \/>\n&#8211; Ourlet inf\u00e9rieur r\u00e9glable<\/p>\n","protected":false},"excerpt":{"rendered":"<p>&#8211; Manches et panneaux lat\u00e9raux en tissu contrecoll\u00e9 souple 100% polyester &#8211; Panneaux doubl\u00e9s et matelass\u00e9s en polyester \u00e0 100% &#8211; Ourlet inf\u00e9rieur r\u00e9glable<\/p>\n","protected":false},"featured_media":48851,"template":"","meta":[],"product-sub-category":[116],"brand":[111],"product-third-category":[],"acf":{"product_stock_upton":"","product_stock_marieville":"","product_stock_shefford":"","product_stock_victoriaville":"","product_stock_durantaye":"","product_stock_stematine":"","product_stock_stclet":"","product_stock_huntingdon":"","product_vendor":"CAS","child_inventory_variation":"{\"48846\":{\"M\":0,\"V\":0,\"G\":0,\"U\":1,\"H\":0,\"L\":0,\"B\":0,\"C\":0},\"48847\":{\"M\":0,\"V\":0,\"G\":0,\"U\":2,\"H\":0,\"L\":0,\"B\":1,\"C\":0},\"48848\":{\"M\":0,\"V\":0,\"G\":0,\"U\":2,\"H\":0,\"L\":0,\"B\":1,\"C\":0},\"48849\":{\"M\":0,\"V\":0,\"G\":0,\"U\":2,\"H\":0,\"L\":0,\"B\":1,\"C\":0},\"48850\":{\"M\":0,\"V\":0,\"G\":0,\"U\":1,\"H\":0,\"L\":0,\"B\":1,\"C\":0}}"},"_links":{"self":[{"href":"http:\/\/wp-pgs-equipements-adrien-phaneuf.elidevapp1aws.elisys-servers.ca\/fr\/wp-json\/wp\/v2\/product\/48845"}],"collection":[{"href":"http:\/\/wp-pgs-equipements-adrien-phaneuf.elidevapp1aws.elisys-servers.ca\/fr\/wp-json\/wp\/v2\/product"}],"about":[{"href":"http:\/\/wp-pgs-equipements-adrien-phaneuf.elidevapp1aws.elisys-servers.ca\/fr\/wp-json\/wp\/v2\/types\/product"}],"wp:featuredmedia":[{"embeddable":true,"href":"http:\/\/wp-pgs-equipements-adrien-phaneuf.elidevapp1aws.elisys-servers.ca\/fr\/wp-json\/wp\/v2\/media\/48851"}],"wp:attachment":[{"href":"http:\/\/wp-pgs-equipements-adrien-phaneuf.elidevapp1aws.elisys-servers.ca\/fr\/wp-json\/wp\/v2\/media?parent=48845"}],"wp:term":[{"taxonomy":"product-sub-category","embeddable":true,"href":"http:\/\/wp-pgs-equipements-adrien-phaneuf.elidevapp1aws.elisys-servers.ca\/fr\/wp-json\/wp\/v2\/product-sub-category?post=48845"},{"taxonomy":"brand","embeddable":true,"href":"http:\/\/wp-pgs-equipements-adrien-phaneuf.elidevapp1aws.elisys-servers.ca\/fr\/wp-json\/wp\/v2\/brand?post=48845"},{"taxonomy":"product-third-category","embeddable":true,"href":"http:\/\/wp-pgs-equipements-adrien-phaneuf.elidevapp1aws.elisys-servers.ca\/fr\/wp-json\/wp\/v2\/product-third-category?post=48845"}],"curies":[{"name":"wp","href":"https:\/\/api.w.org\/{rel}","templated":true}]}}