{"id":48905,"date":"2022-12-21T13:53:19","date_gmt":"2022-12-21T18:53:19","guid":{"rendered":"http:\/\/wp-pgs-equipements-adrien-phaneuf.elidevapp1aws.elisys-servers.ca\/?post_type=product&#038;p=48905"},"modified":"2024-06-25T15:41:44","modified_gmt":"2024-06-25T19:41:44","slug":"t-shirt-proud-to-be-a-farmer-ih04-4493","status":"publish","type":"product","link":"http:\/\/wp-pgs-equipements-adrien-phaneuf.elidevapp1aws.elisys-servers.ca\/fr\/produit\/t-shirt-proud-to-be-a-farmer-ih04-4493\/","title":{"rendered":"T-Shirt Proud to be a farmer (IH04-4493)"},"content":{"rendered":"<p>T-Shirt noir avec Case IH \u00e0 l&rsquo;avant et Proud to be a farmer \u00e0 l&rsquo;arri\u00e8re.<\/p>\n","protected":false},"excerpt":{"rendered":"<p>T-Shirt noir avec Case IH \u00e0 l&rsquo;avant et Proud to be a farmer \u00e0 l&rsquo;arri\u00e8re.<\/p>\n","protected":false},"featured_media":48910,"template":"","meta":[],"product-sub-category":[117],"brand":[111],"product-third-category":[],"acf":{"product_stock_upton":"","product_stock_marieville":"","product_stock_shefford":"","product_stock_victoriaville":"","product_stock_durantaye":"","product_stock_stematine":"","product_stock_stclet":"","product_stock_huntingdon":"","product_vendor":"CAS","child_inventory_variation":"{\"48906\":{\"M\":0,\"V\":0,\"G\":0,\"U\":0,\"H\":0,\"L\":0,\"B\":0,\"C\":0},\"48907\":{\"M\":0,\"V\":0,\"G\":0,\"U\":0,\"H\":0,\"L\":0,\"B\":0,\"C\":0},\"48908\":{\"M\":0,\"V\":0,\"G\":0,\"U\":0,\"H\":0,\"L\":0,\"B\":0,\"C\":0},\"48909\":{\"M\":0,\"V\":0,\"G\":0,\"U\":0,\"H\":0,\"L\":0,\"B\":0,\"C\":0}}"},"_links":{"self":[{"href":"http:\/\/wp-pgs-equipements-adrien-phaneuf.elidevapp1aws.elisys-servers.ca\/fr\/wp-json\/wp\/v2\/product\/48905"}],"collection":[{"href":"http:\/\/wp-pgs-equipements-adrien-phaneuf.elidevapp1aws.elisys-servers.ca\/fr\/wp-json\/wp\/v2\/product"}],"about":[{"href":"http:\/\/wp-pgs-equipements-adrien-phaneuf.elidevapp1aws.elisys-servers.ca\/fr\/wp-json\/wp\/v2\/types\/product"}],"wp:featuredmedia":[{"embeddable":true,"href":"http:\/\/wp-pgs-equipements-adrien-phaneuf.elidevapp1aws.elisys-servers.ca\/fr\/wp-json\/wp\/v2\/media\/48910"}],"wp:attachment":[{"href":"http:\/\/wp-pgs-equipements-adrien-phaneuf.elidevapp1aws.elisys-servers.ca\/fr\/wp-json\/wp\/v2\/media?parent=48905"}],"wp:term":[{"taxonomy":"product-sub-category","embeddable":true,"href":"http:\/\/wp-pgs-equipements-adrien-phaneuf.elidevapp1aws.elisys-servers.ca\/fr\/wp-json\/wp\/v2\/product-sub-category?post=48905"},{"taxonomy":"brand","embeddable":true,"href":"http:\/\/wp-pgs-equipements-adrien-phaneuf.elidevapp1aws.elisys-servers.ca\/fr\/wp-json\/wp\/v2\/brand?post=48905"},{"taxonomy":"product-third-category","embeddable":true,"href":"http:\/\/wp-pgs-equipements-adrien-phaneuf.elidevapp1aws.elisys-servers.ca\/fr\/wp-json\/wp\/v2\/product-third-category?post=48905"}],"curies":[{"name":"wp","href":"https:\/\/api.w.org\/{rel}","templated":true}]}}