{"id":50359,"date":"2023-10-18T15:28:09","date_gmt":"2023-10-18T19:28:09","guid":{"rendered":"http:\/\/wp-pgs-equipements-adrien-phaneuf.elidevapp1aws.elisys-servers.ca\/?post_type=product&#038;p=50359"},"modified":"2024-06-25T16:28:12","modified_gmt":"2024-06-25T20:28:12","slug":"116-case-ih-afs-connect-steiger-580-quadtrac-collection-prestige-zfn44238","status":"publish","type":"product","link":"http:\/\/wp-pgs-equipements-adrien-phaneuf.elidevapp1aws.elisys-servers.ca\/fr\/produit\/116-case-ih-afs-connect-steiger-580-quadtrac-collection-prestige-zfn44238\/","title":{"rendered":"1:16 Case IH AFS Connect Steiger 580 Quadtrac &#8211; Collection Prestige (ZFN44238)"},"content":{"rendered":"<p>Le Steiger 580 Quadtrac ZFN44238 est dot\u00e9 d&rsquo;une carrosserie avant et arri\u00e8re moul\u00e9e sous pression, de cadres de chenilles et de bras d&rsquo;avertissement. Les autres caract\u00e9ristiques comprennent un int\u00e9rieur mis \u00e0 jour, de nouveaux r\u00e9troviseurs et un d\u00f4me GPS. Le capot qui s&rsquo;ouvre r\u00e9v\u00e8le un moteur d\u00e9taill\u00e9. Pour compl\u00e9ter les caract\u00e9ristiques exceptionnelles : des chenilles souples, un design \u00e0 roue de bogie et un attelage 3 points qui monte et descend.<br \/>\n\u2022 Conception \u00e0 l&rsquo;\u00e9chelle 1:16<br \/>\n\u2022 \u00c2ges : 14+<\/p>\n","protected":false},"excerpt":{"rendered":"<p>Le Steiger 580 Quadtrac ZFN44238 est dot\u00e9 d&rsquo;une carrosserie avant et arri\u00e8re moul\u00e9e sous pression, de cadres de chenilles et de bras d&rsquo;avertissement. Les autres caract\u00e9ristiques comprennent un int\u00e9rieur mis \u00e0 jour, de nouveaux r\u00e9troviseurs et un d\u00f4me GPS. Le capot qui s&rsquo;ouvre r\u00e9v\u00e8le un moteur d\u00e9taill\u00e9. Pour compl\u00e9ter les caract\u00e9ristiques exceptionnelles : des chenilles &hellip; <a href=\"http:\/\/wp-pgs-equipements-adrien-phaneuf.elidevapp1aws.elisys-servers.ca\/fr\/produit\/116-case-ih-afs-connect-steiger-580-quadtrac-collection-prestige-zfn44238\/\">Suite<\/a><\/p>\n","protected":false},"featured_media":52387,"template":"","meta":[],"product-sub-category":[374],"brand":[111],"product-third-category":[],"acf":{"product_stock_upton":"0","product_stock_marieville":"0","product_stock_shefford":"","product_stock_victoriaville":"1","product_stock_durantaye":"","product_stock_stematine":"0","product_stock_stclet":"","product_stock_huntingdon":"","product_vendor":"CAS","child_inventory_variation":""},"_links":{"self":[{"href":"http:\/\/wp-pgs-equipements-adrien-phaneuf.elidevapp1aws.elisys-servers.ca\/fr\/wp-json\/wp\/v2\/product\/50359"}],"collection":[{"href":"http:\/\/wp-pgs-equipements-adrien-phaneuf.elidevapp1aws.elisys-servers.ca\/fr\/wp-json\/wp\/v2\/product"}],"about":[{"href":"http:\/\/wp-pgs-equipements-adrien-phaneuf.elidevapp1aws.elisys-servers.ca\/fr\/wp-json\/wp\/v2\/types\/product"}],"wp:featuredmedia":[{"embeddable":true,"href":"http:\/\/wp-pgs-equipements-adrien-phaneuf.elidevapp1aws.elisys-servers.ca\/fr\/wp-json\/wp\/v2\/media\/52387"}],"wp:attachment":[{"href":"http:\/\/wp-pgs-equipements-adrien-phaneuf.elidevapp1aws.elisys-servers.ca\/fr\/wp-json\/wp\/v2\/media?parent=50359"}],"wp:term":[{"taxonomy":"product-sub-category","embeddable":true,"href":"http:\/\/wp-pgs-equipements-adrien-phaneuf.elidevapp1aws.elisys-servers.ca\/fr\/wp-json\/wp\/v2\/product-sub-category?post=50359"},{"taxonomy":"brand","embeddable":true,"href":"http:\/\/wp-pgs-equipements-adrien-phaneuf.elidevapp1aws.elisys-servers.ca\/fr\/wp-json\/wp\/v2\/brand?post=50359"},{"taxonomy":"product-third-category","embeddable":true,"href":"http:\/\/wp-pgs-equipements-adrien-phaneuf.elidevapp1aws.elisys-servers.ca\/fr\/wp-json\/wp\/v2\/product-third-category?post=50359"}],"curies":[{"name":"wp","href":"https:\/\/api.w.org\/{rel}","templated":true}]}}